{"id":6440,"date":"2022-03-02T12:24:34","date_gmt":"2022-03-02T11:24:34","guid":{"rendered":"https:\/\/xnbrocx.cluster031.hosting.ovh.net\/?page_id=6440"},"modified":"2022-03-03T14:36:46","modified_gmt":"2022-03-03T13:36:46","slug":"borne-de-recharge-electrique","status":"publish","type":"page","link":"https:\/\/www.smartparkingsolutions.ca\/en\/borne-de-recharge-electrique\/","title":{"rendered":"Borne de recharge \u00e9lectrique"},"content":{"rendered":"<div data-elementor-type=\"wp-page\" data-elementor-id=\"6440\" class=\"elementor elementor-6440\" data-elementor-post-type=\"page\">\n\t\t\t\t\t\t<section class=\"elementor-section elementor-top-section elementor-element elementor-element-dc03723 ot-traditional elementor-section-boxed elementor-section-height-default elementor-section-height-default\" data-id=\"dc03723\" data-element_type=\"section\" data-e-type=\"section\">\n\t\t\t\t\t\t<div class=\"elementor-container elementor-column-gap-extended\">\n\t\t\t\t\t<div class=\"elementor-column elementor-col-100 elementor-top-column elementor-element elementor-element-c82b42f ot-flex-column-vertical\" data-id=\"c82b42f\" data-element_type=\"column\" data-e-type=\"column\">\n\t\t\t<div class=\"elementor-widget-wrap elementor-element-populated\">\n\t\t\t\t\t\t<section class=\"elementor-section elementor-inner-section elementor-element elementor-element-c4e6a45 elementor-section-full_width ot-traditional elementor-section-height-default elementor-section-height-default\" data-id=\"c4e6a45\" data-element_type=\"section\" data-e-type=\"section\">\n\t\t\t\t\t\t<div class=\"elementor-container elementor-column-gap-default\">\n\t\t\t\t\t<div class=\"elementor-column elementor-col-100 elementor-inner-column elementor-element elementor-element-dadd499 ot-flex-column-vertical\" data-id=\"dadd499\" data-element_type=\"column\" data-e-type=\"column\">\n\t\t\t<div class=\"elementor-widget-wrap elementor-element-populated\">\n\t\t\t\t\t\t<div class=\"elementor-element elementor-element-c36c5fb elementor-widget elementor-widget-heading\" data-id=\"c36c5fb\" data-element_type=\"widget\" data-e-type=\"widget\" data-widget_type=\"heading.default\">\n\t\t\t\t<div class=\"elementor-widget-container\">\n\t\t\t\t\t<h3 class=\"elementor-heading-title elementor-size-default\">Borne de recharge \u00e9lectrique<\/h3>\t\t\t\t<\/div>\n\t\t\t\t<\/div>\n\t\t\t\t\t<\/div>\n\t\t<\/div>\n\t\t\t\t\t<\/div>\n\t\t<\/section>\n\t\t\t\t\t<\/div>\n\t\t<\/div>\n\t\t\t\t\t<\/div>\n\t\t<\/section>\n\t\t\t\t<section class=\"elementor-section elementor-top-section elementor-element elementor-element-2363ed0 ot-traditional elementor-section-boxed elementor-section-height-default elementor-section-height-default\" data-id=\"2363ed0\" data-element_type=\"section\" data-e-type=\"section\">\n\t\t\t\t\t\t<div class=\"elementor-container elementor-column-gap-default\">\n\t\t\t\t\t<div class=\"elementor-column elementor-col-50 elementor-top-column elementor-element elementor-element-ffd358f ot-flex-column-vertical\" data-id=\"ffd358f\" data-element_type=\"column\" data-e-type=\"column\">\n\t\t\t<div class=\"elementor-widget-wrap elementor-element-populated\">\n\t\t\t\t\t\t<div class=\"elementor-element elementor-element-83dd678 elementor-widget elementor-widget-image\" data-id=\"83dd678\" data-element_type=\"widget\" data-e-type=\"widget\" data-widget_type=\"image.default\">\n\t\t\t\t<div class=\"elementor-widget-container\">\n\t\t\t\t\t\t\t\t\t\t\t\t\t\t\t<img fetchpriority=\"high\" decoding=\"async\" width=\"720\" height=\"858\" src=\"https:\/\/www.smartparkingsolutions.ca\/wp-content\/uploads\/2022\/03\/michael-fousert-F7_VwgErZwY-unsplash-720x858.jpg\" class=\"attachment-engitech-portfolio-thumbnail-masonry size-engitech-portfolio-thumbnail-masonry wp-image-6477\" alt=\"\" srcset=\"https:\/\/www.smartparkingsolutions.ca\/wp-content\/uploads\/2022\/03\/michael-fousert-F7_VwgErZwY-unsplash-720x858.jpg 720w, https:\/\/www.smartparkingsolutions.ca\/wp-content\/uploads\/2022\/03\/michael-fousert-F7_VwgErZwY-unsplash-252x300.jpg 252w, https:\/\/www.smartparkingsolutions.ca\/wp-content\/uploads\/2022\/03\/michael-fousert-F7_VwgErZwY-unsplash-859x1024.jpg 859w, https:\/\/www.smartparkingsolutions.ca\/wp-content\/uploads\/2022\/03\/michael-fousert-F7_VwgErZwY-unsplash-768x915.jpg 768w, https:\/\/www.smartparkingsolutions.ca\/wp-content\/uploads\/2022\/03\/michael-fousert-F7_VwgErZwY-unsplash-1289x1536.jpg 1289w, https:\/\/www.smartparkingsolutions.ca\/wp-content\/uploads\/2022\/03\/michael-fousert-F7_VwgErZwY-unsplash-1719x2048.jpg 1719w\" sizes=\"(max-width: 720px) 100vw, 720px\" \/>\t\t\t\t\t\t\t\t\t\t\t\t\t\t\t<\/div>\n\t\t\t\t<\/div>\n\t\t\t\t\t<\/div>\n\t\t<\/div>\n\t\t\t\t<div class=\"elementor-column elementor-col-50 elementor-top-column elementor-element elementor-element-3dee23e ot-flex-column-vertical\" data-id=\"3dee23e\" data-element_type=\"column\" data-e-type=\"column\">\n\t\t\t<div class=\"elementor-widget-wrap elementor-element-populated\">\n\t\t\t\t\t\t<div class=\"elementor-element elementor-element-2b27ef8 elementor-widget elementor-widget-text-editor\" data-id=\"2b27ef8\" data-element_type=\"widget\" data-e-type=\"widget\" data-widget_type=\"text-editor.default\">\n\t\t\t\t<div class=\"elementor-widget-container\">\n\t\t\t\t\t\t\t\t\t<p>En tant qu&rsquo;entreprise d&rsquo;utilit\u00e9 publique, nous nous sommes donn\u00e9 pour mission de rendre le mat\u00e9riel et les logiciels de recharge abordables pour les entreprises de tous types et de toutes tailles.<br \/>EVPassport est le r\u00e9seau de recharge de VE le plus facile \u00e0 utiliser.<\/p><ul><li>Aucune application<\/li><li>Aucun compte<\/li><li>Aucun solde \u00e0 recharger<\/li><li>Aucune connexion<\/li><li>Aucun d\u00eener de famille manqu\u00e9<\/li><\/ul><p>Si 2020 nous a appris quelque chose, c&rsquo;est que les codes QR sans contact sont le meilleur moyen d&rsquo;interagir avec les syst\u00e8mes, c&rsquo;est pourquoi nous avons construit une plate-forme de recharge compl\u00e8te pour les v\u00e9hicules \u00e9lectriques autour d&rsquo;eux. Pour recharger, les chauffeurs scannent simplement le code QR et utilisent Apple Pay ou Google Pay. Nous prenons \u00e9galement en charge la saisie de votre num\u00e9ro de carte de cr\u00e9dit.<br \/>Moins de 15 secondes entre le moment o\u00f9 vous branchez votre v\u00e9hicule et le d\u00e9marrage d&rsquo;une session de charge, c&rsquo;est garanti.<\/p>\t\t\t\t\t\t\t\t<\/div>\n\t\t\t\t<\/div>\n\t\t\t\t\t<\/div>\n\t\t<\/div>\n\t\t\t\t\t<\/div>\n\t\t<\/section>\n\t\t\t\t<section class=\"elementor-section elementor-top-section elementor-element elementor-element-3721966 ot-traditional elementor-section-boxed elementor-section-height-default elementor-section-height-default\" data-id=\"3721966\" data-element_type=\"section\" data-e-type=\"section\">\n\t\t\t\t\t\t<div class=\"elementor-container elementor-column-gap-default\">\n\t\t\t\t\t<div class=\"elementor-column elementor-col-100 elementor-top-column elementor-element elementor-element-ebd6fbd ot-flex-column-vertical\" data-id=\"ebd6fbd\" data-element_type=\"column\" data-e-type=\"column\">\n\t\t\t<div class=\"elementor-widget-wrap elementor-element-populated\">\n\t\t\t\t\t\t<div class=\"elementor-element elementor-element-41c8813 elementor-widget elementor-widget-heading\" data-id=\"41c8813\" data-element_type=\"widget\" data-e-type=\"widget\" data-widget_type=\"heading.default\">\n\t\t\t\t<div class=\"elementor-widget-container\">\n\t\t\t\t\t<h2 class=\"elementor-heading-title elementor-size-default\">Notre Gamme de <br> produits<\/h2>\t\t\t\t<\/div>\n\t\t\t\t<\/div>\n\t\t\t\t\t<\/div>\n\t\t<\/div>\n\t\t\t\t\t<\/div>\n\t\t<\/section>\n\t\t\t\t<section class=\"elementor-section elementor-top-section elementor-element elementor-element-e22085d ot-traditional elementor-section-boxed elementor-section-height-default elementor-section-height-default\" data-id=\"e22085d\" data-element_type=\"section\" data-e-type=\"section\">\n\t\t\t\t\t\t<div class=\"elementor-container elementor-column-gap-default\">\n\t\t\t\t\t<div class=\"elementor-column elementor-col-33 elementor-top-column elementor-element elementor-element-9fe4011 ot-flex-column-vertical\" data-id=\"9fe4011\" data-element_type=\"column\" data-e-type=\"column\">\n\t\t\t<div class=\"elementor-widget-wrap elementor-element-populated\">\n\t\t\t\t\t\t<div class=\"elementor-element elementor-element-a867c9a elementor-widget elementor-widget-isupport_box\" data-id=\"a867c9a\" data-element_type=\"widget\" data-e-type=\"widget\" data-widget_type=\"isupport_box.default\">\n\t\t\t\t<div class=\"elementor-widget-container\">\n\t\t\t\t\t\r\n\t\t<div class=\"support-box\">\r\n\t\t\t<div class=\"inner-box\">\r\n\t\t\t\t<div class=\"overlay flex-middle\">\r\n\t\t\t\t\t<span class=\"number-box\"><\/span>\r\n\t\t\t\t\t<div class=\"inner\">\r\n\t\t\t\t\t\t<p>Entrust full-cycle implementation of your software product to our experienced BAs, UI\/UX designers, developers.<\/p>\r\n\t\t\t\t\t\t<a href=\"#\" class=\"btn-details\"><i class=\"fas fa-download\"> <\/i> T\u00e9l\u00e9charger la fiche technique <\/a>\r\n\t\t\t\t\t<\/div>\r\n\t\t\t\t<\/div>\r\n\t\t\t\t<div class=\"content-box\">\r\n\t\t\t\t\t<span class=\"number-box\"><\/span>\r\n\t\t\t\t\t<h3><\/h3>\r\n\t\t\t\t\t<img decoding=\"async\" src=\"http:\/\/smartparkingsolutions.ca\/wp-content\/uploads\/2022\/03\/cbc8_ezra-home-nocord.jpg\" alt=\"\">\r\n\t\t\t\t<\/div>\r\n\t\t\t<\/div>\r\n\t    <\/div>\r\n\r\n\t    \t\t\t\t<\/div>\n\t\t\t\t<\/div>\n\t\t\t\t\t<\/div>\n\t\t<\/div>\n\t\t\t\t<div class=\"elementor-column elementor-col-33 elementor-top-column elementor-element elementor-element-ee2bf7b ot-flex-column-vertical\" data-id=\"ee2bf7b\" data-element_type=\"column\" data-e-type=\"column\">\n\t\t\t<div class=\"elementor-widget-wrap elementor-element-populated\">\n\t\t\t\t\t\t<div class=\"elementor-element elementor-element-abfd35d elementor-widget elementor-widget-isupport_box\" data-id=\"abfd35d\" data-element_type=\"widget\" data-e-type=\"widget\" data-widget_type=\"isupport_box.default\">\n\t\t\t\t<div class=\"elementor-widget-container\">\n\t\t\t\t\t\r\n\t\t<div class=\"support-box\">\r\n\t\t\t<div class=\"inner-box\">\r\n\t\t\t\t<div class=\"overlay flex-middle\">\r\n\t\t\t\t\t<span class=\"number-box\"><\/span>\r\n\t\t\t\t\t<div class=\"inner\">\r\n\t\t\t\t\t\t<p>Entrust full-cycle implementation of your software product to our experienced BAs, UI\/UX designers, developers.<\/p>\r\n\t\t\t\t\t\t<a href=\"#\" class=\"btn-details\"><i class=\"fas fa-download\"> <\/i> T\u00e9l\u00e9charger la fiche technique <\/a>\r\n\t\t\t\t\t<\/div>\r\n\t\t\t\t<\/div>\r\n\t\t\t\t<div class=\"content-box\">\r\n\t\t\t\t\t<span class=\"number-box\"><\/span>\r\n\t\t\t\t\t<h3><\/h3>\r\n\t\t\t\t\t<img decoding=\"async\" src=\"http:\/\/smartparkingsolutions.ca\/wp-content\/uploads\/2022\/03\/howard-shadow.jpg\" alt=\"\">\r\n\t\t\t\t<\/div>\r\n\t\t\t<\/div>\r\n\t    <\/div>\r\n\r\n\t    \t\t\t\t<\/div>\n\t\t\t\t<\/div>\n\t\t\t\t\t<\/div>\n\t\t<\/div>\n\t\t\t\t<div class=\"elementor-column elementor-col-33 elementor-top-column elementor-element elementor-element-546feb3 ot-flex-column-vertical\" data-id=\"546feb3\" data-element_type=\"column\" data-e-type=\"column\">\n\t\t\t<div class=\"elementor-widget-wrap elementor-element-populated\">\n\t\t\t\t\t\t<div class=\"elementor-element elementor-element-625da0a elementor-widget elementor-widget-isupport_box\" data-id=\"625da0a\" data-element_type=\"widget\" data-e-type=\"widget\" data-widget_type=\"isupport_box.default\">\n\t\t\t\t<div class=\"elementor-widget-container\">\n\t\t\t\t\t\r\n\t\t<div class=\"support-box\">\r\n\t\t\t<div class=\"inner-box\">\r\n\t\t\t\t<div class=\"overlay flex-middle\">\r\n\t\t\t\t\t<span class=\"number-box\"><\/span>\r\n\t\t\t\t\t<div class=\"inner\">\r\n\t\t\t\t\t\t<p>Entrust full-cycle implementation of your software product to our experienced BAs, UI\/UX designers, developers.<\/p>\r\n\t\t\t\t\t\t<a href=\"#\" class=\"btn-details\"><i class=\"fas fa-download\"> <\/i> T\u00e9l\u00e9charger la fiche technique <\/a>\r\n\t\t\t\t\t<\/div>\r\n\t\t\t\t<\/div>\r\n\t\t\t\t<div class=\"content-box\">\r\n\t\t\t\t\t<span class=\"number-box\"><\/span>\r\n\t\t\t\t\t<h3><\/h3>\r\n\t\t\t\t\t<img decoding=\"async\" src=\"http:\/\/smartparkingsolutions.ca\/wp-content\/uploads\/2022\/03\/EVPassport-inside-PUMP_iphone12black_portrait.jpg\" alt=\"\">\r\n\t\t\t\t<\/div>\r\n\t\t\t<\/div>\r\n\t    <\/div>\r\n\r\n\t    \t\t\t\t<\/div>\n\t\t\t\t<\/div>\n\t\t\t\t\t<\/div>\n\t\t<\/div>\n\t\t\t\t\t<\/div>\n\t\t<\/section>\n\t\t\t\t<\/div>","protected":false},"excerpt":{"rendered":"<p>Borne de recharge \u00e9lectrique En tant qu&rsquo;entreprise d&rsquo;utilit\u00e9 publique, nous nous sommes donn\u00e9 pour mission de rendre le mat\u00e9riel et les logiciels de recharge abordables pour les entreprises de tous types et de toutes tailles.EVPassport est le r\u00e9seau de recharge de VE le plus facile \u00e0 utiliser. Aucune application Aucun compte Aucun solde \u00e0 recharger [&hellip;]<\/p>","protected":false},"author":2,"featured_media":0,"parent":0,"menu_order":0,"comment_status":"closed","ping_status":"closed","template":"","meta":{"footnotes":""},"class_list":["post-6440","page","type-page","status-publish","hentry"],"yoast_head":"<!-- This site is optimized with the Yoast SEO plugin v26.3 - https:\/\/yoast.com\/wordpress\/plugins\/seo\/ -->\n<title>Borne de recharge \u00e9lectrique - Smart Parking Solutions Inc.<\/title>\n<meta name=\"robots\" content=\"index, follow, max-snippet:-1, max-image-preview:large, max-video-preview:-1\" \/>\n<link rel=\"canonical\" href=\"https:\/\/www.smartparkingsolutions.ca\/en\/borne-de-recharge-electrique\/\" \/>\n<meta property=\"og:locale\" content=\"en_GB\" \/>\n<meta property=\"og:type\" content=\"article\" \/>\n<meta property=\"og:title\" content=\"Borne de recharge \u00e9lectrique - Smart Parking Solutions Inc.\" \/>\n<meta property=\"og:description\" content=\"Borne de recharge \u00e9lectrique En tant qu&rsquo;entreprise d&rsquo;utilit\u00e9 publique, nous nous sommes donn\u00e9 pour mission de rendre le mat\u00e9riel et les logiciels de recharge abordables pour les entreprises de tous types et de toutes tailles.EVPassport est le r\u00e9seau de recharge de VE le plus facile \u00e0 utiliser. Aucune application Aucun compte Aucun solde \u00e0 recharger [&hellip;]\" \/>\n<meta property=\"og:url\" content=\"https:\/\/www.smartparkingsolutions.ca\/en\/borne-de-recharge-electrique\/\" \/>\n<meta property=\"og:site_name\" content=\"Smart Parking Solutions Inc.\" \/>\n<meta property=\"article:modified_time\" content=\"2022-03-03T13:36:46+00:00\" \/>\n<meta property=\"og:image\" content=\"https:\/\/www.smartparkingsolutions.ca\/wp-content\/uploads\/2022\/03\/michael-fousert-F7_VwgErZwY-unsplash-720x858.jpg\" \/>\n<meta name=\"twitter:card\" content=\"summary_large_image\" \/>\n<meta name=\"twitter:label1\" content=\"Estimated reading time\" \/>\n\t<meta name=\"twitter:data1\" content=\"2 minutes\" \/>\n<script type=\"application\/ld+json\" class=\"yoast-schema-graph\">{\"@context\":\"https:\/\/schema.org\",\"@graph\":[{\"@type\":\"WebPage\",\"@id\":\"https:\/\/www.smartparkingsolutions.ca\/en\/borne-de-recharge-electrique\/\",\"url\":\"https:\/\/www.smartparkingsolutions.ca\/en\/borne-de-recharge-electrique\/\",\"name\":\"Borne de recharge \u00e9lectrique - Smart Parking Solutions Inc.\",\"isPartOf\":{\"@id\":\"https:\/\/3.96.195.147\/#website\"},\"primaryImageOfPage\":{\"@id\":\"https:\/\/www.smartparkingsolutions.ca\/en\/borne-de-recharge-electrique\/#primaryimage\"},\"image\":{\"@id\":\"https:\/\/www.smartparkingsolutions.ca\/en\/borne-de-recharge-electrique\/#primaryimage\"},\"thumbnailUrl\":\"https:\/\/www.smartparkingsolutions.ca\/wp-content\/uploads\/2022\/03\/michael-fousert-F7_VwgErZwY-unsplash-720x858.jpg\",\"datePublished\":\"2022-03-02T11:24:34+00:00\",\"dateModified\":\"2022-03-03T13:36:46+00:00\",\"breadcrumb\":{\"@id\":\"https:\/\/www.smartparkingsolutions.ca\/en\/borne-de-recharge-electrique\/#breadcrumb\"},\"inLanguage\":\"en-GB\",\"potentialAction\":[{\"@type\":\"ReadAction\",\"target\":[\"https:\/\/www.smartparkingsolutions.ca\/en\/borne-de-recharge-electrique\/\"]}]},{\"@type\":\"ImageObject\",\"inLanguage\":\"en-GB\",\"@id\":\"https:\/\/www.smartparkingsolutions.ca\/en\/borne-de-recharge-electrique\/#primaryimage\",\"url\":\"https:\/\/www.smartparkingsolutions.ca\/wp-content\/uploads\/2022\/03\/michael-fousert-F7_VwgErZwY-unsplash-720x858.jpg\",\"contentUrl\":\"https:\/\/www.smartparkingsolutions.ca\/wp-content\/uploads\/2022\/03\/michael-fousert-F7_VwgErZwY-unsplash-720x858.jpg\"},{\"@type\":\"BreadcrumbList\",\"@id\":\"https:\/\/www.smartparkingsolutions.ca\/en\/borne-de-recharge-electrique\/#breadcrumb\",\"itemListElement\":[{\"@type\":\"ListItem\",\"position\":1,\"name\":\"Accueil\",\"item\":\"https:\/\/3.96.195.147\/\"},{\"@type\":\"ListItem\",\"position\":2,\"name\":\"Borne de recharge \u00e9lectrique\"}]},{\"@type\":\"WebSite\",\"@id\":\"https:\/\/3.96.195.147\/#website\",\"url\":\"https:\/\/3.96.195.147\/\",\"name\":\"Smart Parking Solutions Inc.\",\"description\":\"\",\"potentialAction\":[{\"@type\":\"SearchAction\",\"target\":{\"@type\":\"EntryPoint\",\"urlTemplate\":\"https:\/\/3.96.195.147\/?s={search_term_string}\"},\"query-input\":{\"@type\":\"PropertyValueSpecification\",\"valueRequired\":true,\"valueName\":\"search_term_string\"}}],\"inLanguage\":\"en-GB\"}]}<\/script>\n<!-- \/ Yoast SEO plugin. -->","yoast_head_json":{"title":"Borne de recharge \u00e9lectrique - Smart Parking Solutions Inc.","robots":{"index":"index","follow":"follow","max-snippet":"max-snippet:-1","max-image-preview":"max-image-preview:large","max-video-preview":"max-video-preview:-1"},"canonical":"https:\/\/www.smartparkingsolutions.ca\/en\/borne-de-recharge-electrique\/","og_locale":"en_GB","og_type":"article","og_title":"Borne de recharge \u00e9lectrique - Smart Parking Solutions Inc.","og_description":"Borne de recharge \u00e9lectrique En tant qu&rsquo;entreprise d&rsquo;utilit\u00e9 publique, nous nous sommes donn\u00e9 pour mission de rendre le mat\u00e9riel et les logiciels de recharge abordables pour les entreprises de tous types et de toutes tailles.EVPassport est le r\u00e9seau de recharge de VE le plus facile \u00e0 utiliser. Aucune application Aucun compte Aucun solde \u00e0 recharger [&hellip;]","og_url":"https:\/\/www.smartparkingsolutions.ca\/en\/borne-de-recharge-electrique\/","og_site_name":"Smart Parking Solutions Inc.","article_modified_time":"2022-03-03T13:36:46+00:00","og_image":[{"url":"https:\/\/www.smartparkingsolutions.ca\/wp-content\/uploads\/2022\/03\/michael-fousert-F7_VwgErZwY-unsplash-720x858.jpg","type":"","width":"","height":""}],"twitter_card":"summary_large_image","twitter_misc":{"Estimated reading time":"2 minutes"},"schema":{"@context":"https:\/\/schema.org","@graph":[{"@type":"WebPage","@id":"https:\/\/www.smartparkingsolutions.ca\/en\/borne-de-recharge-electrique\/","url":"https:\/\/www.smartparkingsolutions.ca\/en\/borne-de-recharge-electrique\/","name":"Borne de recharge \u00e9lectrique - Smart Parking Solutions Inc.","isPartOf":{"@id":"https:\/\/3.96.195.147\/#website"},"primaryImageOfPage":{"@id":"https:\/\/www.smartparkingsolutions.ca\/en\/borne-de-recharge-electrique\/#primaryimage"},"image":{"@id":"https:\/\/www.smartparkingsolutions.ca\/en\/borne-de-recharge-electrique\/#primaryimage"},"thumbnailUrl":"https:\/\/www.smartparkingsolutions.ca\/wp-content\/uploads\/2022\/03\/michael-fousert-F7_VwgErZwY-unsplash-720x858.jpg","datePublished":"2022-03-02T11:24:34+00:00","dateModified":"2022-03-03T13:36:46+00:00","breadcrumb":{"@id":"https:\/\/www.smartparkingsolutions.ca\/en\/borne-de-recharge-electrique\/#breadcrumb"},"inLanguage":"en-GB","potentialAction":[{"@type":"ReadAction","target":["https:\/\/www.smartparkingsolutions.ca\/en\/borne-de-recharge-electrique\/"]}]},{"@type":"ImageObject","inLanguage":"en-GB","@id":"https:\/\/www.smartparkingsolutions.ca\/en\/borne-de-recharge-electrique\/#primaryimage","url":"https:\/\/www.smartparkingsolutions.ca\/wp-content\/uploads\/2022\/03\/michael-fousert-F7_VwgErZwY-unsplash-720x858.jpg","contentUrl":"https:\/\/www.smartparkingsolutions.ca\/wp-content\/uploads\/2022\/03\/michael-fousert-F7_VwgErZwY-unsplash-720x858.jpg"},{"@type":"BreadcrumbList","@id":"https:\/\/www.smartparkingsolutions.ca\/en\/borne-de-recharge-electrique\/#breadcrumb","itemListElement":[{"@type":"ListItem","position":1,"name":"Accueil","item":"https:\/\/3.96.195.147\/"},{"@type":"ListItem","position":2,"name":"Borne de recharge \u00e9lectrique"}]},{"@type":"WebSite","@id":"https:\/\/3.96.195.147\/#website","url":"https:\/\/3.96.195.147\/","name":"Smart Parking Solutions Inc.","description":"","potentialAction":[{"@type":"SearchAction","target":{"@type":"EntryPoint","urlTemplate":"https:\/\/3.96.195.147\/?s={search_term_string}"},"query-input":{"@type":"PropertyValueSpecification","valueRequired":true,"valueName":"search_term_string"}}],"inLanguage":"en-GB"}]}},"_links":{"self":[{"href":"https:\/\/www.smartparkingsolutions.ca\/en\/wp-json\/wp\/v2\/pages\/6440","targetHints":{"allow":["GET"]}}],"collection":[{"href":"https:\/\/www.smartparkingsolutions.ca\/en\/wp-json\/wp\/v2\/pages"}],"about":[{"href":"https:\/\/www.smartparkingsolutions.ca\/en\/wp-json\/wp\/v2\/types\/page"}],"author":[{"embeddable":true,"href":"https:\/\/www.smartparkingsolutions.ca\/en\/wp-json\/wp\/v2\/users\/2"}],"replies":[{"embeddable":true,"href":"https:\/\/www.smartparkingsolutions.ca\/en\/wp-json\/wp\/v2\/comments?post=6440"}],"version-history":[{"count":23,"href":"https:\/\/www.smartparkingsolutions.ca\/en\/wp-json\/wp\/v2\/pages\/6440\/revisions"}],"predecessor-version":[{"id":6685,"href":"https:\/\/www.smartparkingsolutions.ca\/en\/wp-json\/wp\/v2\/pages\/6440\/revisions\/6685"}],"wp:attachment":[{"href":"https:\/\/www.smartparkingsolutions.ca\/en\/wp-json\/wp\/v2\/media?parent=6440"}],"curies":[{"name":"wp","href":"https:\/\/api.w.org\/{rel}","templated":true}]}}