{"id":6222,"date":"2022-02-18T17:28:11","date_gmt":"2022-02-18T16:28:11","guid":{"rendered":"https:\/\/xnbrocx.cluster031.hosting.ovh.net\/?page_id=6222"},"modified":"2022-09-28T21:24:57","modified_gmt":"2022-09-28T19:24:57","slug":"solutions-de-guidage-avec-reconnaisance-de-plaque","status":"publish","type":"page","link":"https:\/\/www.smartparkingsolutions.ca\/en\/solutions-de-guidage-avec-reconnaisance-de-plaque\/","title":{"rendered":"Solutions de Guidage avec reconnaisance de plaque"},"content":{"rendered":"<div data-elementor-type=\"wp-page\" data-elementor-id=\"6222\" class=\"elementor elementor-6222\" data-elementor-post-type=\"page\">\n\t\t\t\t\t\t<section class=\"elementor-section elementor-top-section elementor-element elementor-element-0d570dd ot-traditional elementor-section-boxed elementor-section-height-default elementor-section-height-default\" data-id=\"0d570dd\" data-element_type=\"section\" data-e-type=\"section\">\n\t\t\t\t\t\t<div class=\"elementor-container elementor-column-gap-extended\">\n\t\t\t\t\t<div class=\"elementor-column elementor-col-100 elementor-top-column elementor-element elementor-element-0d7d5b5 ot-flex-column-vertical\" data-id=\"0d7d5b5\" data-element_type=\"column\" data-e-type=\"column\">\n\t\t\t<div class=\"elementor-widget-wrap elementor-element-populated\">\n\t\t\t\t\t\t<section class=\"elementor-section elementor-inner-section elementor-element elementor-element-2157f24 elementor-section-full_width ot-traditional elementor-section-height-default elementor-section-height-default\" data-id=\"2157f24\" data-element_type=\"section\" data-e-type=\"section\">\n\t\t\t\t\t\t<div class=\"elementor-container elementor-column-gap-default\">\n\t\t\t\t\t<div class=\"elementor-column elementor-col-100 elementor-inner-column elementor-element elementor-element-0801ea4 ot-flex-column-vertical\" data-id=\"0801ea4\" data-element_type=\"column\" data-e-type=\"column\">\n\t\t\t<div class=\"elementor-widget-wrap elementor-element-populated\">\n\t\t\t\t\t\t<div class=\"elementor-element elementor-element-66d1289 elementor-widget elementor-widget-heading\" data-id=\"66d1289\" data-element_type=\"widget\" data-e-type=\"widget\" data-widget_type=\"heading.default\">\n\t\t\t\t<div class=\"elementor-widget-container\">\n\t\t\t\t\t<h3 class=\"elementor-heading-title elementor-size-default\">Solutions de Guidage avec reconnaisance de plaque<\/h3>\t\t\t\t<\/div>\n\t\t\t\t<\/div>\n\t\t\t\t\t<\/div>\n\t\t<\/div>\n\t\t\t\t\t<\/div>\n\t\t<\/section>\n\t\t\t\t\t<\/div>\n\t\t<\/div>\n\t\t\t\t\t<\/div>\n\t\t<\/section>\n\t\t\t\t<section class=\"elementor-section elementor-top-section elementor-element elementor-element-fd6215e ot-traditional elementor-section-boxed elementor-section-height-default elementor-section-height-default\" data-id=\"fd6215e\" data-element_type=\"section\" data-e-type=\"section\">\n\t\t\t\t\t\t<div class=\"elementor-container elementor-column-gap-default\">\n\t\t\t\t\t<div class=\"elementor-column elementor-col-50 elementor-top-column elementor-element elementor-element-568224b ot-flex-column-vertical\" data-id=\"568224b\" data-element_type=\"column\" data-e-type=\"column\">\n\t\t\t<div class=\"elementor-widget-wrap elementor-element-populated\">\n\t\t\t\t\t\t<div class=\"elementor-element elementor-element-c125082 elementor-widget elementor-widget-image\" data-id=\"c125082\" data-element_type=\"widget\" data-e-type=\"widget\" data-widget_type=\"image.default\">\n\t\t\t\t<div class=\"elementor-widget-container\">\n\t\t\t\t\t\t\t\t\t\t\t\t\t\t\t<img fetchpriority=\"high\" decoding=\"async\" width=\"720\" height=\"520\" src=\"https:\/\/www.smartparkingsolutions.ca\/wp-content\/uploads\/2022\/03\/Installed-720x520.jpg\" class=\"attachment-engitech-portfolio-thumbnail-carousel size-engitech-portfolio-thumbnail-carousel wp-image-6354\" alt=\"\" \/>\t\t\t\t\t\t\t\t\t\t\t\t\t\t\t<\/div>\n\t\t\t\t<\/div>\n\t\t\t\t\t<\/div>\n\t\t<\/div>\n\t\t\t\t<div class=\"elementor-column elementor-col-50 elementor-top-column elementor-element elementor-element-8e767c0 ot-flex-column-vertical\" data-id=\"8e767c0\" data-element_type=\"column\" data-e-type=\"column\">\n\t\t\t<div class=\"elementor-widget-wrap elementor-element-populated\">\n\t\t\t\t\t\t<div class=\"elementor-element elementor-element-e13bb82 elementor-widget elementor-widget-text-editor\" data-id=\"e13bb82\" data-element_type=\"widget\" data-e-type=\"widget\" data-widget_type=\"text-editor.default\">\n\t\t\t\t<div class=\"elementor-widget-container\">\n\t\t\t\t\t\t\t\t\t<p>Quercus Technologies est une entreprise internationale pr\u00e9sente dans le secteur du stationnement depuis plus de 20 ans.<br \/>Le savoir-faire de l&rsquo;\u00e9quipe qui compose l&rsquo;organisation et sa longue exp\u00e9rience sur le march\u00e9 repr\u00e9sentent l&rsquo;atout le plus important qui a fait de Quercus Technologies une r\u00e9f\u00e9rence mondiale parmi les entreprises qui fabriquent et vendent des produits de reconnaissance de plaques d&rsquo;immatriculation et des solutions de contr\u00f4le du stationnement.<br \/>Nous offrons la meilleure solution pour chaque client afin d&rsquo;obtenir le maximum d&rsquo;avantages en am\u00e9liorant sa mobilit\u00e9, son efficacit\u00e9 et sa rentabilit\u00e9.<\/p>\t\t\t\t\t\t\t\t<\/div>\n\t\t\t\t<\/div>\n\t\t\t\t\t<\/div>\n\t\t<\/div>\n\t\t\t\t\t<\/div>\n\t\t<\/section>\n\t\t\t\t<section class=\"elementor-section elementor-top-section elementor-element elementor-element-49bb997 ot-traditional elementor-section-boxed elementor-section-height-default elementor-section-height-default\" data-id=\"49bb997\" data-element_type=\"section\" data-e-type=\"section\">\n\t\t\t\t\t\t<div class=\"elementor-container elementor-column-gap-default\">\n\t\t\t\t\t<div class=\"elementor-column elementor-col-100 elementor-top-column elementor-element elementor-element-45476a6 ot-flex-column-vertical\" data-id=\"45476a6\" data-element_type=\"column\" data-e-type=\"column\">\n\t\t\t<div class=\"elementor-widget-wrap elementor-element-populated\">\n\t\t\t\t\t\t<div class=\"elementor-element elementor-element-361cf27 elementor-widget elementor-widget-heading\" data-id=\"361cf27\" data-element_type=\"widget\" data-e-type=\"widget\" data-widget_type=\"heading.default\">\n\t\t\t\t<div class=\"elementor-widget-container\">\n\t\t\t\t\t<h2 class=\"elementor-heading-title elementor-size-default\">Notre Gamme de <br> produits<\/h2>\t\t\t\t<\/div>\n\t\t\t\t<\/div>\n\t\t\t\t\t<\/div>\n\t\t<\/div>\n\t\t\t\t\t<\/div>\n\t\t<\/section>\n\t\t\t\t<section class=\"elementor-section elementor-top-section elementor-element elementor-element-9d947a6 ot-traditional elementor-section-boxed elementor-section-height-default elementor-section-height-default\" data-id=\"9d947a6\" data-element_type=\"section\" data-e-type=\"section\">\n\t\t\t\t\t\t<div class=\"elementor-container elementor-column-gap-default\">\n\t\t\t\t\t<div class=\"elementor-column elementor-col-50 elementor-top-column elementor-element elementor-element-4e3e0dd ot-flex-column-vertical\" data-id=\"4e3e0dd\" data-element_type=\"column\" data-e-type=\"column\">\n\t\t\t<div class=\"elementor-widget-wrap elementor-element-populated\">\n\t\t\t\t\t\t<div class=\"elementor-element elementor-element-c9c9e1d elementor-widget elementor-widget-isupport_box\" data-id=\"c9c9e1d\" data-element_type=\"widget\" data-e-type=\"widget\" data-widget_type=\"isupport_box.default\">\n\t\t\t\t<div class=\"elementor-widget-container\">\n\t\t\t\t\t\r\n\t\t<div class=\"support-box\">\r\n\t\t\t<div class=\"inner-box\">\r\n\t\t\t\t<div class=\"overlay flex-middle\">\r\n\t\t\t\t\t<span class=\"number-box\"><\/span>\r\n\t\t\t\t\t<div class=\"inner\">\r\n\t\t\t\t\t\t<p>Entrust full-cycle implementation of your software product to our experienced BAs, UI\/UX designers, developers.<\/p>\r\n\t\t\t\t\t\t<a href=\"https:\/\/www.smartparkingsolutions.ca\/en\/contact\/\" class=\"btn-details\">CONTACTEZ NOUS<\/a>\r\n\t\t\t\t\t<\/div>\r\n\t\t\t\t<\/div>\r\n\t\t\t\t<div class=\"content-box\">\r\n\t\t\t\t\t<span class=\"number-box\"><\/span>\r\n\t\t\t\t\t<h3><\/h3>\r\n\t\t\t\t\t<img decoding=\"async\" src=\"http:\/\/smartparkingsolutions.ca\/wp-content\/uploads\/2022\/03\/blue.jpg\" alt=\"\">\r\n\t\t\t\t<\/div>\r\n\t\t\t<\/div>\r\n\t    <\/div>\r\n\r\n\t    \t\t\t\t<\/div>\n\t\t\t\t<\/div>\n\t\t\t\t\t<\/div>\n\t\t<\/div>\n\t\t\t\t<div class=\"elementor-column elementor-col-50 elementor-top-column elementor-element elementor-element-896a369 ot-flex-column-vertical\" data-id=\"896a369\" data-element_type=\"column\" data-e-type=\"column\">\n\t\t\t<div class=\"elementor-widget-wrap elementor-element-populated\">\n\t\t\t\t\t\t<div class=\"elementor-element elementor-element-0935b6f elementor-widget elementor-widget-isupport_box\" data-id=\"0935b6f\" data-element_type=\"widget\" data-e-type=\"widget\" data-widget_type=\"isupport_box.default\">\n\t\t\t\t<div class=\"elementor-widget-container\">\n\t\t\t\t\t\r\n\t\t<div class=\"support-box\">\r\n\t\t\t<div class=\"inner-box\">\r\n\t\t\t\t<div class=\"overlay flex-middle\">\r\n\t\t\t\t\t<span class=\"number-box\"><\/span>\r\n\t\t\t\t\t<div class=\"inner\">\r\n\t\t\t\t\t\t<p>Entrust full-cycle implementation of your software product to our experienced BAs, UI\/UX designers, developers.<\/p>\r\n\t\t\t\t\t\t<a href=\"https:\/\/www.smartparkingsolutions.ca\/en\/contact\/\" class=\"btn-details\">CONTACTEZ NOUS<\/a>\r\n\t\t\t\t\t<\/div>\r\n\t\t\t\t<\/div>\r\n\t\t\t\t<div class=\"content-box\">\r\n\t\t\t\t\t<span class=\"number-box\"><\/span>\r\n\t\t\t\t\t<h3><\/h3>\r\n\t\t\t\t\t<img decoding=\"async\" src=\"http:\/\/smartparkingsolutions.ca\/wp-content\/uploads\/2022\/03\/green.jpg\" alt=\"\">\r\n\t\t\t\t<\/div>\r\n\t\t\t<\/div>\r\n\t    <\/div>\r\n\r\n\t    \t\t\t\t<\/div>\n\t\t\t\t<\/div>\n\t\t\t\t\t<\/div>\n\t\t<\/div>\n\t\t\t\t\t<\/div>\n\t\t<\/section>\n\t\t\t\t<section class=\"elementor-section elementor-top-section elementor-element elementor-element-be5fd9e ot-traditional elementor-section-boxed elementor-section-height-default elementor-section-height-default\" data-id=\"be5fd9e\" data-element_type=\"section\" data-e-type=\"section\">\n\t\t\t\t\t\t<div class=\"elementor-container elementor-column-gap-default\">\n\t\t\t\t\t<div class=\"elementor-column elementor-col-50 elementor-top-column elementor-element elementor-element-99d1ff7 ot-flex-column-vertical\" data-id=\"99d1ff7\" data-element_type=\"column\" data-e-type=\"column\">\n\t\t\t<div class=\"elementor-widget-wrap elementor-element-populated\">\n\t\t\t\t\t\t<div class=\"elementor-element elementor-element-801fc61 elementor-widget elementor-widget-isupport_box\" data-id=\"801fc61\" data-element_type=\"widget\" data-e-type=\"widget\" data-widget_type=\"isupport_box.default\">\n\t\t\t\t<div class=\"elementor-widget-container\">\n\t\t\t\t\t\r\n\t\t<div class=\"support-box\">\r\n\t\t\t<div class=\"inner-box\">\r\n\t\t\t\t<div class=\"overlay flex-middle\">\r\n\t\t\t\t\t<span class=\"number-box\"><\/span>\r\n\t\t\t\t\t<div class=\"inner\">\r\n\t\t\t\t\t\t<p>Entrust full-cycle implementation of your software product to our experienced BAs, UI\/UX designers, developers.<\/p>\r\n\t\t\t\t\t\t<a href=\"https:\/\/www.smartparkingsolutions.ca\/en\/contact\/\" class=\"btn-details\">CONTACTEZ NOUS<\/a>\r\n\t\t\t\t\t<\/div>\r\n\t\t\t\t<\/div>\r\n\t\t\t\t<div class=\"content-box\">\r\n\t\t\t\t\t<span class=\"number-box\"><\/span>\r\n\t\t\t\t\t<h3><\/h3>\r\n\t\t\t\t\t<img decoding=\"async\" src=\"http:\/\/smartparkingsolutions.ca\/wp-content\/uploads\/2022\/03\/Red.jpg\" alt=\"\">\r\n\t\t\t\t<\/div>\r\n\t\t\t<\/div>\r\n\t    <\/div>\r\n\r\n\t    \t\t\t\t<\/div>\n\t\t\t\t<\/div>\n\t\t\t\t\t<\/div>\n\t\t<\/div>\n\t\t\t\t<div class=\"elementor-column elementor-col-50 elementor-top-column elementor-element elementor-element-afc291f ot-flex-column-vertical\" data-id=\"afc291f\" data-element_type=\"column\" data-e-type=\"column\">\n\t\t\t<div class=\"elementor-widget-wrap elementor-element-populated\">\n\t\t\t\t\t\t<div class=\"elementor-element elementor-element-d774d8e elementor-widget elementor-widget-isupport_box\" data-id=\"d774d8e\" data-element_type=\"widget\" data-e-type=\"widget\" data-widget_type=\"isupport_box.default\">\n\t\t\t\t<div class=\"elementor-widget-container\">\n\t\t\t\t\t\r\n\t\t<div class=\"support-box\">\r\n\t\t\t<div class=\"inner-box\">\r\n\t\t\t\t<div class=\"overlay flex-middle\">\r\n\t\t\t\t\t<span class=\"number-box\"><\/span>\r\n\t\t\t\t\t<div class=\"inner\">\r\n\t\t\t\t\t\t<p>Entrust full-cycle implementation of your software product to our experienced BAs, UI\/UX designers, developers.<\/p>\r\n\t\t\t\t\t\t<a href=\"https:\/\/www.smartparkingsolutions.ca\/en\/contact\/\" class=\"btn-details\">CONTACTEZ NOUS<\/a>\r\n\t\t\t\t\t<\/div>\r\n\t\t\t\t<\/div>\r\n\t\t\t\t<div class=\"content-box\">\r\n\t\t\t\t\t<span class=\"number-box\"><\/span>\r\n\t\t\t\t\t<h3><\/h3>\r\n\t\t\t\t\t<img decoding=\"async\" src=\"http:\/\/smartparkingsolutions.ca\/wp-content\/uploads\/2022\/03\/Yellow.jpg\" alt=\"\">\r\n\t\t\t\t<\/div>\r\n\t\t\t<\/div>\r\n\t    <\/div>\r\n\r\n\t    \t\t\t\t<\/div>\n\t\t\t\t<\/div>\n\t\t\t\t\t<\/div>\n\t\t<\/div>\n\t\t\t\t\t<\/div>\n\t\t<\/section>\n\t\t\t\t<\/div>","protected":false},"excerpt":{"rendered":"<p>Solutions de Guidage avec reconnaisance de plaque Quercus Technologies est une entreprise internationale pr\u00e9sente dans le secteur du stationnement depuis plus de 20 ans.Le savoir-faire de l&rsquo;\u00e9quipe qui compose l&rsquo;organisation et sa longue exp\u00e9rience sur le march\u00e9 repr\u00e9sentent l&rsquo;atout le plus important qui a fait de Quercus Technologies une r\u00e9f\u00e9rence mondiale parmi les entreprises qui [&hellip;]<\/p>","protected":false},"author":2,"featured_media":0,"parent":0,"menu_order":0,"comment_status":"closed","ping_status":"closed","template":"","meta":{"footnotes":""},"class_list":["post-6222","page","type-page","status-publish","hentry"],"yoast_head":"<!-- This site is optimized with the Yoast SEO plugin v26.3 - https:\/\/yoast.com\/wordpress\/plugins\/seo\/ -->\n<title>Solutions de Guidage avec reconnaisance de plaque - Smart Parking Solutions Inc.<\/title>\n<meta name=\"robots\" content=\"index, follow, max-snippet:-1, max-image-preview:large, max-video-preview:-1\" \/>\n<link rel=\"canonical\" href=\"https:\/\/www.smartparkingsolutions.ca\/en\/solutions-de-guidage-avec-reconnaisance-de-plaque\/\" \/>\n<meta property=\"og:locale\" content=\"en_GB\" \/>\n<meta property=\"og:type\" content=\"article\" \/>\n<meta property=\"og:title\" content=\"Solutions de Guidage avec reconnaisance de plaque - Smart Parking Solutions Inc.\" \/>\n<meta property=\"og:description\" content=\"Solutions de Guidage avec reconnaisance de plaque Quercus Technologies est une entreprise internationale pr\u00e9sente dans le secteur du stationnement depuis plus de 20 ans.Le savoir-faire de l&rsquo;\u00e9quipe qui compose l&rsquo;organisation et sa longue exp\u00e9rience sur le march\u00e9 repr\u00e9sentent l&rsquo;atout le plus important qui a fait de Quercus Technologies une r\u00e9f\u00e9rence mondiale parmi les entreprises qui [&hellip;]\" \/>\n<meta property=\"og:url\" content=\"https:\/\/www.smartparkingsolutions.ca\/en\/solutions-de-guidage-avec-reconnaisance-de-plaque\/\" \/>\n<meta property=\"og:site_name\" content=\"Smart Parking Solutions Inc.\" \/>\n<meta property=\"article:modified_time\" content=\"2022-09-28T19:24:57+00:00\" \/>\n<meta property=\"og:image\" content=\"http:\/\/www.smartparkingsolutions.ca\/wp-content\/uploads\/2022\/03\/Installed-720x520.jpg\" \/>\n<meta name=\"twitter:card\" content=\"summary_large_image\" \/>\n<meta name=\"twitter:label1\" content=\"Estimated reading time\" \/>\n\t<meta name=\"twitter:data1\" content=\"2 minutes\" \/>\n<script type=\"application\/ld+json\" class=\"yoast-schema-graph\">{\"@context\":\"https:\/\/schema.org\",\"@graph\":[{\"@type\":\"WebPage\",\"@id\":\"https:\/\/www.smartparkingsolutions.ca\/solutions-de-guidage-avec-reconnaisance-de-plaque\/\",\"url\":\"https:\/\/www.smartparkingsolutions.ca\/solutions-de-guidage-avec-reconnaisance-de-plaque\/\",\"name\":\"Solutions de Guidage avec reconnaisance de plaque - Smart Parking Solutions Inc.\",\"isPartOf\":{\"@id\":\"https:\/\/www.smartparkingsolutions.ca\/#website\"},\"primaryImageOfPage\":{\"@id\":\"https:\/\/www.smartparkingsolutions.ca\/solutions-de-guidage-avec-reconnaisance-de-plaque\/#primaryimage\"},\"image\":{\"@id\":\"https:\/\/www.smartparkingsolutions.ca\/solutions-de-guidage-avec-reconnaisance-de-plaque\/#primaryimage\"},\"thumbnailUrl\":\"http:\/\/www.smartparkingsolutions.ca\/wp-content\/uploads\/2022\/03\/Installed-720x520.jpg\",\"datePublished\":\"2022-02-18T16:28:11+00:00\",\"dateModified\":\"2022-09-28T19:24:57+00:00\",\"breadcrumb\":{\"@id\":\"https:\/\/www.smartparkingsolutions.ca\/solutions-de-guidage-avec-reconnaisance-de-plaque\/#breadcrumb\"},\"inLanguage\":\"en-GB\",\"potentialAction\":[{\"@type\":\"ReadAction\",\"target\":[\"https:\/\/www.smartparkingsolutions.ca\/solutions-de-guidage-avec-reconnaisance-de-plaque\/\"]}]},{\"@type\":\"ImageObject\",\"inLanguage\":\"en-GB\",\"@id\":\"https:\/\/www.smartparkingsolutions.ca\/solutions-de-guidage-avec-reconnaisance-de-plaque\/#primaryimage\",\"url\":\"http:\/\/www.smartparkingsolutions.ca\/wp-content\/uploads\/2022\/03\/Installed-720x520.jpg\",\"contentUrl\":\"http:\/\/www.smartparkingsolutions.ca\/wp-content\/uploads\/2022\/03\/Installed-720x520.jpg\"},{\"@type\":\"BreadcrumbList\",\"@id\":\"https:\/\/www.smartparkingsolutions.ca\/solutions-de-guidage-avec-reconnaisance-de-plaque\/#breadcrumb\",\"itemListElement\":[{\"@type\":\"ListItem\",\"position\":1,\"name\":\"Accueil\",\"item\":\"https:\/\/www.smartparkingsolutions.ca\/\"},{\"@type\":\"ListItem\",\"position\":2,\"name\":\"Solutions de Guidage avec reconnaisance de plaque\"}]},{\"@type\":\"WebSite\",\"@id\":\"https:\/\/www.smartparkingsolutions.ca\/#website\",\"url\":\"https:\/\/www.smartparkingsolutions.ca\/\",\"name\":\"Smart Parking Solutions Inc.\",\"description\":\"\",\"potentialAction\":[{\"@type\":\"SearchAction\",\"target\":{\"@type\":\"EntryPoint\",\"urlTemplate\":\"https:\/\/www.smartparkingsolutions.ca\/?s={search_term_string}\"},\"query-input\":{\"@type\":\"PropertyValueSpecification\",\"valueRequired\":true,\"valueName\":\"search_term_string\"}}],\"inLanguage\":\"en-GB\"}]}<\/script>\n<!-- \/ Yoast SEO plugin. -->","yoast_head_json":{"title":"Solutions de Guidage avec reconnaisance de plaque - Smart Parking Solutions Inc.","robots":{"index":"index","follow":"follow","max-snippet":"max-snippet:-1","max-image-preview":"max-image-preview:large","max-video-preview":"max-video-preview:-1"},"canonical":"https:\/\/www.smartparkingsolutions.ca\/en\/solutions-de-guidage-avec-reconnaisance-de-plaque\/","og_locale":"en_GB","og_type":"article","og_title":"Solutions de Guidage avec reconnaisance de plaque - Smart Parking Solutions Inc.","og_description":"Solutions de Guidage avec reconnaisance de plaque Quercus Technologies est une entreprise internationale pr\u00e9sente dans le secteur du stationnement depuis plus de 20 ans.Le savoir-faire de l&rsquo;\u00e9quipe qui compose l&rsquo;organisation et sa longue exp\u00e9rience sur le march\u00e9 repr\u00e9sentent l&rsquo;atout le plus important qui a fait de Quercus Technologies une r\u00e9f\u00e9rence mondiale parmi les entreprises qui [&hellip;]","og_url":"https:\/\/www.smartparkingsolutions.ca\/en\/solutions-de-guidage-avec-reconnaisance-de-plaque\/","og_site_name":"Smart Parking Solutions Inc.","article_modified_time":"2022-09-28T19:24:57+00:00","og_image":[{"url":"http:\/\/www.smartparkingsolutions.ca\/wp-content\/uploads\/2022\/03\/Installed-720x520.jpg","type":"","width":"","height":""}],"twitter_card":"summary_large_image","twitter_misc":{"Estimated reading time":"2 minutes"},"schema":{"@context":"https:\/\/schema.org","@graph":[{"@type":"WebPage","@id":"https:\/\/www.smartparkingsolutions.ca\/solutions-de-guidage-avec-reconnaisance-de-plaque\/","url":"https:\/\/www.smartparkingsolutions.ca\/solutions-de-guidage-avec-reconnaisance-de-plaque\/","name":"Solutions de Guidage avec reconnaisance de plaque - Smart Parking Solutions Inc.","isPartOf":{"@id":"https:\/\/www.smartparkingsolutions.ca\/#website"},"primaryImageOfPage":{"@id":"https:\/\/www.smartparkingsolutions.ca\/solutions-de-guidage-avec-reconnaisance-de-plaque\/#primaryimage"},"image":{"@id":"https:\/\/www.smartparkingsolutions.ca\/solutions-de-guidage-avec-reconnaisance-de-plaque\/#primaryimage"},"thumbnailUrl":"http:\/\/www.smartparkingsolutions.ca\/wp-content\/uploads\/2022\/03\/Installed-720x520.jpg","datePublished":"2022-02-18T16:28:11+00:00","dateModified":"2022-09-28T19:24:57+00:00","breadcrumb":{"@id":"https:\/\/www.smartparkingsolutions.ca\/solutions-de-guidage-avec-reconnaisance-de-plaque\/#breadcrumb"},"inLanguage":"en-GB","potentialAction":[{"@type":"ReadAction","target":["https:\/\/www.smartparkingsolutions.ca\/solutions-de-guidage-avec-reconnaisance-de-plaque\/"]}]},{"@type":"ImageObject","inLanguage":"en-GB","@id":"https:\/\/www.smartparkingsolutions.ca\/solutions-de-guidage-avec-reconnaisance-de-plaque\/#primaryimage","url":"http:\/\/www.smartparkingsolutions.ca\/wp-content\/uploads\/2022\/03\/Installed-720x520.jpg","contentUrl":"http:\/\/www.smartparkingsolutions.ca\/wp-content\/uploads\/2022\/03\/Installed-720x520.jpg"},{"@type":"BreadcrumbList","@id":"https:\/\/www.smartparkingsolutions.ca\/solutions-de-guidage-avec-reconnaisance-de-plaque\/#breadcrumb","itemListElement":[{"@type":"ListItem","position":1,"name":"Accueil","item":"https:\/\/www.smartparkingsolutions.ca\/"},{"@type":"ListItem","position":2,"name":"Solutions de Guidage avec reconnaisance de plaque"}]},{"@type":"WebSite","@id":"https:\/\/www.smartparkingsolutions.ca\/#website","url":"https:\/\/www.smartparkingsolutions.ca\/","name":"Smart Parking Solutions Inc.","description":"","potentialAction":[{"@type":"SearchAction","target":{"@type":"EntryPoint","urlTemplate":"https:\/\/www.smartparkingsolutions.ca\/?s={search_term_string}"},"query-input":{"@type":"PropertyValueSpecification","valueRequired":true,"valueName":"search_term_string"}}],"inLanguage":"en-GB"}]}},"_links":{"self":[{"href":"https:\/\/www.smartparkingsolutions.ca\/en\/wp-json\/wp\/v2\/pages\/6222","targetHints":{"allow":["GET"]}}],"collection":[{"href":"https:\/\/www.smartparkingsolutions.ca\/en\/wp-json\/wp\/v2\/pages"}],"about":[{"href":"https:\/\/www.smartparkingsolutions.ca\/en\/wp-json\/wp\/v2\/types\/page"}],"author":[{"embeddable":true,"href":"https:\/\/www.smartparkingsolutions.ca\/en\/wp-json\/wp\/v2\/users\/2"}],"replies":[{"embeddable":true,"href":"https:\/\/www.smartparkingsolutions.ca\/en\/wp-json\/wp\/v2\/comments?post=6222"}],"version-history":[{"count":28,"href":"https:\/\/www.smartparkingsolutions.ca\/en\/wp-json\/wp\/v2\/pages\/6222\/revisions"}],"predecessor-version":[{"id":7083,"href":"https:\/\/www.smartparkingsolutions.ca\/en\/wp-json\/wp\/v2\/pages\/6222\/revisions\/7083"}],"wp:attachment":[{"href":"https:\/\/www.smartparkingsolutions.ca\/en\/wp-json\/wp\/v2\/media?parent=6222"}],"curies":[{"name":"wp","href":"https:\/\/api.w.org\/{rel}","templated":true}]}}