{"id":6217,"date":"2022-02-18T17:25:24","date_gmt":"2022-02-18T16:25:24","guid":{"rendered":"https:\/\/xnbrocx.cluster031.hosting.ovh.net\/?page_id=6217"},"modified":"2022-09-28T21:23:20","modified_gmt":"2022-09-28T19:23:20","slug":"solutions-de-control-daccees-barrieres-de-stationnement","status":"publish","type":"page","link":"https:\/\/www.smartparkingsolutions.ca\/en\/solutions-de-control-daccees-barrieres-de-stationnement\/","title":{"rendered":"Solutions de Control d\u2019acc\u00e9es Barri\u00e9res de Stationnement"},"content":{"rendered":"<div data-elementor-type=\"wp-page\" data-elementor-id=\"6217\" class=\"elementor elementor-6217\" data-elementor-post-type=\"page\">\n\t\t\t\t\t\t<section class=\"elementor-section elementor-top-section elementor-element elementor-element-659c272 ot-traditional elementor-section-boxed elementor-section-height-default elementor-section-height-default\" data-id=\"659c272\" data-element_type=\"section\" data-e-type=\"section\">\n\t\t\t\t\t\t<div class=\"elementor-container elementor-column-gap-extended\">\n\t\t\t\t\t<div class=\"elementor-column elementor-col-100 elementor-top-column elementor-element elementor-element-621c410 ot-flex-column-vertical\" data-id=\"621c410\" data-element_type=\"column\" data-e-type=\"column\">\n\t\t\t<div class=\"elementor-widget-wrap elementor-element-populated\">\n\t\t\t\t\t\t<section class=\"elementor-section elementor-inner-section elementor-element elementor-element-ec8527d elementor-section-full_width ot-traditional elementor-section-height-default elementor-section-height-default\" data-id=\"ec8527d\" data-element_type=\"section\" data-e-type=\"section\">\n\t\t\t\t\t\t<div class=\"elementor-container elementor-column-gap-default\">\n\t\t\t\t\t<div class=\"elementor-column elementor-col-100 elementor-inner-column elementor-element elementor-element-c4c6ea9 ot-flex-column-vertical\" data-id=\"c4c6ea9\" data-element_type=\"column\" data-e-type=\"column\">\n\t\t\t<div class=\"elementor-widget-wrap elementor-element-populated\">\n\t\t\t\t\t\t<div class=\"elementor-element elementor-element-e8c9d98 elementor-widget elementor-widget-heading\" data-id=\"e8c9d98\" data-element_type=\"widget\" data-e-type=\"widget\" data-widget_type=\"heading.default\">\n\t\t\t\t<div class=\"elementor-widget-container\">\n\t\t\t\t\t<h3 class=\"elementor-heading-title elementor-size-default\">Solutions de Control d\u2019acc\u00e9es Barri\u00e9res de Stationnement <\/h3>\t\t\t\t<\/div>\n\t\t\t\t<\/div>\n\t\t\t\t\t<\/div>\n\t\t<\/div>\n\t\t\t\t\t<\/div>\n\t\t<\/section>\n\t\t\t\t\t<\/div>\n\t\t<\/div>\n\t\t\t\t\t<\/div>\n\t\t<\/section>\n\t\t\t\t<section class=\"elementor-section elementor-top-section elementor-element elementor-element-07caa86 ot-traditional elementor-section-boxed elementor-section-height-default elementor-section-height-default\" data-id=\"07caa86\" data-element_type=\"section\" data-e-type=\"section\">\n\t\t\t\t\t\t<div class=\"elementor-container elementor-column-gap-default\">\n\t\t\t\t\t<div class=\"elementor-column elementor-col-50 elementor-top-column elementor-element elementor-element-6a90bef ot-flex-column-vertical\" data-id=\"6a90bef\" data-element_type=\"column\" data-e-type=\"column\">\n\t\t\t<div class=\"elementor-widget-wrap elementor-element-populated\">\n\t\t\t\t\t\t<div class=\"elementor-element elementor-element-3c09e77 elementor-widget elementor-widget-image\" data-id=\"3c09e77\" data-element_type=\"widget\" data-e-type=\"widget\" data-widget_type=\"image.default\">\n\t\t\t\t<div class=\"elementor-widget-container\">\n\t\t\t\t\t\t\t\t\t\t\t\t\t\t\t<img fetchpriority=\"high\" decoding=\"async\" width=\"640\" height=\"388\" src=\"https:\/\/www.smartparkingsolutions.ca\/wp-content\/uploads\/2022\/03\/arking-barriers-parkplus-101-poland.jpg\" class=\"attachment-engitech-portfolio-thumbnail-carousel size-engitech-portfolio-thumbnail-carousel wp-image-6401\" alt=\"\" srcset=\"https:\/\/www.smartparkingsolutions.ca\/wp-content\/uploads\/2022\/03\/arking-barriers-parkplus-101-poland.jpg 640w, https:\/\/www.smartparkingsolutions.ca\/wp-content\/uploads\/2022\/03\/arking-barriers-parkplus-101-poland-300x182.jpg 300w\" sizes=\"(max-width: 640px) 100vw, 640px\" \/>\t\t\t\t\t\t\t\t\t\t\t\t\t\t\t<\/div>\n\t\t\t\t<\/div>\n\t\t\t\t\t<\/div>\n\t\t<\/div>\n\t\t\t\t<div class=\"elementor-column elementor-col-50 elementor-top-column elementor-element elementor-element-ff5eb11 ot-flex-column-vertical\" data-id=\"ff5eb11\" data-element_type=\"column\" data-e-type=\"column\">\n\t\t\t<div class=\"elementor-widget-wrap elementor-element-populated\">\n\t\t\t\t\t\t<div class=\"elementor-element elementor-element-ee22482 elementor-widget elementor-widget-text-editor\" data-id=\"ee22482\" data-element_type=\"widget\" data-e-type=\"widget\" data-widget_type=\"text-editor.default\">\n\t\t\t\t<div class=\"elementor-widget-container\">\n\t\t\t\t\t\t\t\t\t<p>AUTOMATIC SYSTEMS est le leader mondial dans le domaine de l\u2019automatisation du contr\u00f4le s\u00e9curis\u00e9 des entr\u00e9es. Depuis plus de 50 ans, l\u2019entreprise con\u00e7oit et fabrique des \u00e9quipements pour les acc\u00e8s pi\u00e9tons et v\u00e9hicules.<\/p><p>Fond\u00e9e en 1969, Automatic Systems a d\u00e9velopp\u00e9 un savoir-faire unique en mati\u00e8re de design d\u2019obstacles hauts de gamme, d\u00e9tection d\u2019unicit\u00e9 de passage et gestion de flux, ce qui a fait la renomm\u00e9e de l\u2019entreprise gr\u00e2ce \u00e0 la grande qualit\u00e9, performance et fiabilit\u00e9 de ses produits.<\/p>\t\t\t\t\t\t\t\t<\/div>\n\t\t\t\t<\/div>\n\t\t\t\t\t<\/div>\n\t\t<\/div>\n\t\t\t\t\t<\/div>\n\t\t<\/section>\n\t\t\t\t<section class=\"elementor-section elementor-top-section elementor-element elementor-element-60bdb14 ot-traditional elementor-section-boxed elementor-section-height-default elementor-section-height-default\" data-id=\"60bdb14\" data-element_type=\"section\" data-e-type=\"section\">\n\t\t\t\t\t\t<div class=\"elementor-container elementor-column-gap-default\">\n\t\t\t\t\t<div class=\"elementor-column elementor-col-100 elementor-top-column elementor-element elementor-element-230ab19 ot-flex-column-vertical\" data-id=\"230ab19\" data-element_type=\"column\" data-e-type=\"column\">\n\t\t\t<div class=\"elementor-widget-wrap elementor-element-populated\">\n\t\t\t\t\t\t<div class=\"elementor-element elementor-element-9a1889b elementor-widget elementor-widget-heading\" data-id=\"9a1889b\" data-element_type=\"widget\" data-e-type=\"widget\" data-widget_type=\"heading.default\">\n\t\t\t\t<div class=\"elementor-widget-container\">\n\t\t\t\t\t<h2 class=\"elementor-heading-title elementor-size-default\">Notre Gamme de <br> produits<\/h2>\t\t\t\t<\/div>\n\t\t\t\t<\/div>\n\t\t\t\t\t<\/div>\n\t\t<\/div>\n\t\t\t\t\t<\/div>\n\t\t<\/section>\n\t\t\t\t<section class=\"elementor-section elementor-top-section elementor-element elementor-element-84ec169 ot-traditional elementor-section-boxed elementor-section-height-default elementor-section-height-default\" data-id=\"84ec169\" data-element_type=\"section\" data-e-type=\"section\">\n\t\t\t\t\t\t<div class=\"elementor-container elementor-column-gap-default\">\n\t\t\t\t\t<div class=\"elementor-column elementor-col-50 elementor-top-column elementor-element elementor-element-6466deb ot-flex-column-vertical\" data-id=\"6466deb\" data-element_type=\"column\" data-e-type=\"column\">\n\t\t\t<div class=\"elementor-widget-wrap elementor-element-populated\">\n\t\t\t\t\t\t<div class=\"elementor-element elementor-element-119747e elementor-widget elementor-widget-isupport_box\" data-id=\"119747e\" data-element_type=\"widget\" data-e-type=\"widget\" data-widget_type=\"isupport_box.default\">\n\t\t\t\t<div class=\"elementor-widget-container\">\n\t\t\t\t\t\r\n\t\t<div class=\"support-box\">\r\n\t\t\t<div class=\"inner-box\">\r\n\t\t\t\t<div class=\"overlay flex-middle\">\r\n\t\t\t\t\t<span class=\"number-box\"><\/span>\r\n\t\t\t\t\t<div class=\"inner\">\r\n\t\t\t\t\t\t<p>Entrust full-cycle implementation of your software product to our experienced BAs, UI\/UX designers, developers.<\/p>\r\n\t\t\t\t\t\t<a href=\"https:\/\/www.smartparkingsolutions.ca\/en\/contact\/\" class=\"btn-details\">CONTACTEZ NOUS<\/a>\r\n\t\t\t\t\t<\/div>\r\n\t\t\t\t<\/div>\r\n\t\t\t\t<div class=\"content-box\">\r\n\t\t\t\t\t<span class=\"number-box\"><\/span>\r\n\t\t\t\t\t<h3><\/h3>\r\n\t\t\t\t\t<img decoding=\"async\" src=\"http:\/\/smartparkingsolutions.ca\/wp-content\/uploads\/2022\/03\/parkplus101.jpg\" alt=\"\">\r\n\t\t\t\t<\/div>\r\n\t\t\t<\/div>\r\n\t    <\/div>\r\n\r\n\t    \t\t\t\t<\/div>\n\t\t\t\t<\/div>\n\t\t\t\t\t<\/div>\n\t\t<\/div>\n\t\t\t\t<div class=\"elementor-column elementor-col-50 elementor-top-column elementor-element elementor-element-ce6e6f7 ot-flex-column-vertical\" data-id=\"ce6e6f7\" data-element_type=\"column\" data-e-type=\"column\">\n\t\t\t<div class=\"elementor-widget-wrap elementor-element-populated\">\n\t\t\t\t\t\t<div class=\"elementor-element elementor-element-64ad2f7 elementor-widget elementor-widget-isupport_box\" data-id=\"64ad2f7\" data-element_type=\"widget\" data-e-type=\"widget\" data-widget_type=\"isupport_box.default\">\n\t\t\t\t<div class=\"elementor-widget-container\">\n\t\t\t\t\t\r\n\t\t<div class=\"support-box\">\r\n\t\t\t<div class=\"inner-box\">\r\n\t\t\t\t<div class=\"overlay flex-middle\">\r\n\t\t\t\t\t<span class=\"number-box\"><\/span>\r\n\t\t\t\t\t<div class=\"inner\">\r\n\t\t\t\t\t\t<p>Entrust full-cycle implementation of your software product to our experienced BAs, UI\/UX designers, developers.<\/p>\r\n\t\t\t\t\t\t<a href=\"https:\/\/www.smartparkingsolutions.ca\/en\/contact\/\" class=\"btn-details\">CONTACTEZ NOUS<\/a>\r\n\t\t\t\t\t<\/div>\r\n\t\t\t\t<\/div>\r\n\t\t\t\t<div class=\"content-box\">\r\n\t\t\t\t\t<span class=\"number-box\"><\/span>\r\n\t\t\t\t\t<h3><\/h3>\r\n\t\t\t\t\t<img decoding=\"async\" src=\"http:\/\/smartparkingsolutions.ca\/wp-content\/uploads\/2022\/03\/parkplus.jpg\" alt=\"\">\r\n\t\t\t\t<\/div>\r\n\t\t\t<\/div>\r\n\t    <\/div>\r\n\r\n\t    \t\t\t\t<\/div>\n\t\t\t\t<\/div>\n\t\t\t\t\t<\/div>\n\t\t<\/div>\n\t\t\t\t\t<\/div>\n\t\t<\/section>\n\t\t\t\t<\/div>","protected":false},"excerpt":{"rendered":"<p>Solutions de Control d\u2019acc\u00e9es Barri\u00e9res de Stationnement AUTOMATIC SYSTEMS est le leader mondial dans le domaine de l\u2019automatisation du contr\u00f4le s\u00e9curis\u00e9 des entr\u00e9es. Depuis plus de 50 ans, l\u2019entreprise con\u00e7oit et fabrique des \u00e9quipements pour les acc\u00e8s pi\u00e9tons et v\u00e9hicules. Fond\u00e9e en 1969, Automatic Systems a d\u00e9velopp\u00e9 un savoir-faire unique en mati\u00e8re de design d\u2019obstacles [&hellip;]<\/p>","protected":false},"author":2,"featured_media":0,"parent":0,"menu_order":0,"comment_status":"closed","ping_status":"closed","template":"","meta":{"footnotes":""},"class_list":["post-6217","page","type-page","status-publish","hentry"],"yoast_head":"<!-- This site is optimized with the Yoast SEO plugin v26.3 - https:\/\/yoast.com\/wordpress\/plugins\/seo\/ -->\n<title>Solutions de Control d\u2019acc\u00e9es Barri\u00e9res de Stationnement - Smart Parking Solutions Inc.<\/title>\n<meta name=\"robots\" content=\"index, follow, max-snippet:-1, max-image-preview:large, max-video-preview:-1\" \/>\n<link rel=\"canonical\" href=\"https:\/\/www.smartparkingsolutions.ca\/en\/solutions-de-control-daccees-barrieres-de-stationnement\/\" \/>\n<meta property=\"og:locale\" content=\"en_GB\" \/>\n<meta property=\"og:type\" content=\"article\" \/>\n<meta property=\"og:title\" content=\"Solutions de Control d\u2019acc\u00e9es Barri\u00e9res de Stationnement - Smart Parking Solutions Inc.\" \/>\n<meta property=\"og:description\" content=\"Solutions de Control d\u2019acc\u00e9es Barri\u00e9res de Stationnement AUTOMATIC SYSTEMS est le leader mondial dans le domaine de l\u2019automatisation du contr\u00f4le s\u00e9curis\u00e9 des entr\u00e9es. Depuis plus de 50 ans, l\u2019entreprise con\u00e7oit et fabrique des \u00e9quipements pour les acc\u00e8s pi\u00e9tons et v\u00e9hicules. Fond\u00e9e en 1969, Automatic Systems a d\u00e9velopp\u00e9 un savoir-faire unique en mati\u00e8re de design d\u2019obstacles [&hellip;]\" \/>\n<meta property=\"og:url\" content=\"https:\/\/www.smartparkingsolutions.ca\/en\/solutions-de-control-daccees-barrieres-de-stationnement\/\" \/>\n<meta property=\"og:site_name\" content=\"Smart Parking Solutions Inc.\" \/>\n<meta property=\"article:modified_time\" content=\"2022-09-28T19:23:20+00:00\" \/>\n<meta property=\"og:image\" content=\"http:\/\/www.smartparkingsolutions.ca\/wp-content\/uploads\/2022\/03\/arking-barriers-parkplus-101-poland.jpg\" \/>\n<meta name=\"twitter:card\" content=\"summary_large_image\" \/>\n<meta name=\"twitter:label1\" content=\"Estimated reading time\" \/>\n\t<meta name=\"twitter:data1\" content=\"2 minutes\" \/>\n<script type=\"application\/ld+json\" class=\"yoast-schema-graph\">{\"@context\":\"https:\/\/schema.org\",\"@graph\":[{\"@type\":\"WebPage\",\"@id\":\"https:\/\/www.smartparkingsolutions.ca\/solutions-de-control-daccees-barrieres-de-stationnement\/\",\"url\":\"https:\/\/www.smartparkingsolutions.ca\/solutions-de-control-daccees-barrieres-de-stationnement\/\",\"name\":\"Solutions de Control d\u2019acc\u00e9es Barri\u00e9res de Stationnement - Smart Parking Solutions Inc.\",\"isPartOf\":{\"@id\":\"https:\/\/www.smartparkingsolutions.ca\/#website\"},\"primaryImageOfPage\":{\"@id\":\"https:\/\/www.smartparkingsolutions.ca\/solutions-de-control-daccees-barrieres-de-stationnement\/#primaryimage\"},\"image\":{\"@id\":\"https:\/\/www.smartparkingsolutions.ca\/solutions-de-control-daccees-barrieres-de-stationnement\/#primaryimage\"},\"thumbnailUrl\":\"http:\/\/www.smartparkingsolutions.ca\/wp-content\/uploads\/2022\/03\/arking-barriers-parkplus-101-poland.jpg\",\"datePublished\":\"2022-02-18T16:25:24+00:00\",\"dateModified\":\"2022-09-28T19:23:20+00:00\",\"breadcrumb\":{\"@id\":\"https:\/\/www.smartparkingsolutions.ca\/solutions-de-control-daccees-barrieres-de-stationnement\/#breadcrumb\"},\"inLanguage\":\"en-GB\",\"potentialAction\":[{\"@type\":\"ReadAction\",\"target\":[\"https:\/\/www.smartparkingsolutions.ca\/solutions-de-control-daccees-barrieres-de-stationnement\/\"]}]},{\"@type\":\"ImageObject\",\"inLanguage\":\"en-GB\",\"@id\":\"https:\/\/www.smartparkingsolutions.ca\/solutions-de-control-daccees-barrieres-de-stationnement\/#primaryimage\",\"url\":\"http:\/\/www.smartparkingsolutions.ca\/wp-content\/uploads\/2022\/03\/arking-barriers-parkplus-101-poland.jpg\",\"contentUrl\":\"http:\/\/www.smartparkingsolutions.ca\/wp-content\/uploads\/2022\/03\/arking-barriers-parkplus-101-poland.jpg\"},{\"@type\":\"BreadcrumbList\",\"@id\":\"https:\/\/www.smartparkingsolutions.ca\/solutions-de-control-daccees-barrieres-de-stationnement\/#breadcrumb\",\"itemListElement\":[{\"@type\":\"ListItem\",\"position\":1,\"name\":\"Accueil\",\"item\":\"https:\/\/www.smartparkingsolutions.ca\/\"},{\"@type\":\"ListItem\",\"position\":2,\"name\":\"Solutions de Control d\u2019acc\u00e9es Barri\u00e9res de Stationnement\"}]},{\"@type\":\"WebSite\",\"@id\":\"https:\/\/www.smartparkingsolutions.ca\/#website\",\"url\":\"https:\/\/www.smartparkingsolutions.ca\/\",\"name\":\"Smart Parking Solutions Inc.\",\"description\":\"\",\"potentialAction\":[{\"@type\":\"SearchAction\",\"target\":{\"@type\":\"EntryPoint\",\"urlTemplate\":\"https:\/\/www.smartparkingsolutions.ca\/?s={search_term_string}\"},\"query-input\":{\"@type\":\"PropertyValueSpecification\",\"valueRequired\":true,\"valueName\":\"search_term_string\"}}],\"inLanguage\":\"en-GB\"}]}<\/script>\n<!-- \/ Yoast SEO plugin. -->","yoast_head_json":{"title":"Solutions de Control d\u2019acc\u00e9es Barri\u00e9res de Stationnement - Smart Parking Solutions Inc.","robots":{"index":"index","follow":"follow","max-snippet":"max-snippet:-1","max-image-preview":"max-image-preview:large","max-video-preview":"max-video-preview:-1"},"canonical":"https:\/\/www.smartparkingsolutions.ca\/en\/solutions-de-control-daccees-barrieres-de-stationnement\/","og_locale":"en_GB","og_type":"article","og_title":"Solutions de Control d\u2019acc\u00e9es Barri\u00e9res de Stationnement - Smart Parking Solutions Inc.","og_description":"Solutions de Control d\u2019acc\u00e9es Barri\u00e9res de Stationnement AUTOMATIC SYSTEMS est le leader mondial dans le domaine de l\u2019automatisation du contr\u00f4le s\u00e9curis\u00e9 des entr\u00e9es. Depuis plus de 50 ans, l\u2019entreprise con\u00e7oit et fabrique des \u00e9quipements pour les acc\u00e8s pi\u00e9tons et v\u00e9hicules. Fond\u00e9e en 1969, Automatic Systems a d\u00e9velopp\u00e9 un savoir-faire unique en mati\u00e8re de design d\u2019obstacles [&hellip;]","og_url":"https:\/\/www.smartparkingsolutions.ca\/en\/solutions-de-control-daccees-barrieres-de-stationnement\/","og_site_name":"Smart Parking Solutions Inc.","article_modified_time":"2022-09-28T19:23:20+00:00","og_image":[{"url":"http:\/\/www.smartparkingsolutions.ca\/wp-content\/uploads\/2022\/03\/arking-barriers-parkplus-101-poland.jpg","type":"","width":"","height":""}],"twitter_card":"summary_large_image","twitter_misc":{"Estimated reading time":"2 minutes"},"schema":{"@context":"https:\/\/schema.org","@graph":[{"@type":"WebPage","@id":"https:\/\/www.smartparkingsolutions.ca\/solutions-de-control-daccees-barrieres-de-stationnement\/","url":"https:\/\/www.smartparkingsolutions.ca\/solutions-de-control-daccees-barrieres-de-stationnement\/","name":"Solutions de Control d\u2019acc\u00e9es Barri\u00e9res de Stationnement - Smart Parking Solutions Inc.","isPartOf":{"@id":"https:\/\/www.smartparkingsolutions.ca\/#website"},"primaryImageOfPage":{"@id":"https:\/\/www.smartparkingsolutions.ca\/solutions-de-control-daccees-barrieres-de-stationnement\/#primaryimage"},"image":{"@id":"https:\/\/www.smartparkingsolutions.ca\/solutions-de-control-daccees-barrieres-de-stationnement\/#primaryimage"},"thumbnailUrl":"http:\/\/www.smartparkingsolutions.ca\/wp-content\/uploads\/2022\/03\/arking-barriers-parkplus-101-poland.jpg","datePublished":"2022-02-18T16:25:24+00:00","dateModified":"2022-09-28T19:23:20+00:00","breadcrumb":{"@id":"https:\/\/www.smartparkingsolutions.ca\/solutions-de-control-daccees-barrieres-de-stationnement\/#breadcrumb"},"inLanguage":"en-GB","potentialAction":[{"@type":"ReadAction","target":["https:\/\/www.smartparkingsolutions.ca\/solutions-de-control-daccees-barrieres-de-stationnement\/"]}]},{"@type":"ImageObject","inLanguage":"en-GB","@id":"https:\/\/www.smartparkingsolutions.ca\/solutions-de-control-daccees-barrieres-de-stationnement\/#primaryimage","url":"http:\/\/www.smartparkingsolutions.ca\/wp-content\/uploads\/2022\/03\/arking-barriers-parkplus-101-poland.jpg","contentUrl":"http:\/\/www.smartparkingsolutions.ca\/wp-content\/uploads\/2022\/03\/arking-barriers-parkplus-101-poland.jpg"},{"@type":"BreadcrumbList","@id":"https:\/\/www.smartparkingsolutions.ca\/solutions-de-control-daccees-barrieres-de-stationnement\/#breadcrumb","itemListElement":[{"@type":"ListItem","position":1,"name":"Accueil","item":"https:\/\/www.smartparkingsolutions.ca\/"},{"@type":"ListItem","position":2,"name":"Solutions de Control d\u2019acc\u00e9es Barri\u00e9res de Stationnement"}]},{"@type":"WebSite","@id":"https:\/\/www.smartparkingsolutions.ca\/#website","url":"https:\/\/www.smartparkingsolutions.ca\/","name":"Smart Parking Solutions Inc.","description":"","potentialAction":[{"@type":"SearchAction","target":{"@type":"EntryPoint","urlTemplate":"https:\/\/www.smartparkingsolutions.ca\/?s={search_term_string}"},"query-input":{"@type":"PropertyValueSpecification","valueRequired":true,"valueName":"search_term_string"}}],"inLanguage":"en-GB"}]}},"_links":{"self":[{"href":"https:\/\/www.smartparkingsolutions.ca\/en\/wp-json\/wp\/v2\/pages\/6217","targetHints":{"allow":["GET"]}}],"collection":[{"href":"https:\/\/www.smartparkingsolutions.ca\/en\/wp-json\/wp\/v2\/pages"}],"about":[{"href":"https:\/\/www.smartparkingsolutions.ca\/en\/wp-json\/wp\/v2\/types\/page"}],"author":[{"embeddable":true,"href":"https:\/\/www.smartparkingsolutions.ca\/en\/wp-json\/wp\/v2\/users\/2"}],"replies":[{"embeddable":true,"href":"https:\/\/www.smartparkingsolutions.ca\/en\/wp-json\/wp\/v2\/comments?post=6217"}],"version-history":[{"count":31,"href":"https:\/\/www.smartparkingsolutions.ca\/en\/wp-json\/wp\/v2\/pages\/6217\/revisions"}],"predecessor-version":[{"id":7080,"href":"https:\/\/www.smartparkingsolutions.ca\/en\/wp-json\/wp\/v2\/pages\/6217\/revisions\/7080"}],"wp:attachment":[{"href":"https:\/\/www.smartparkingsolutions.ca\/en\/wp-json\/wp\/v2\/media?parent=6217"}],"curies":[{"name":"wp","href":"https:\/\/api.w.org\/{rel}","templated":true}]}}