{"id":6209,"date":"2022-02-18T17:22:34","date_gmt":"2022-02-18T16:22:34","guid":{"rendered":"https:\/\/xnbrocx.cluster031.hosting.ovh.net\/?page_id=6209"},"modified":"2022-09-28T21:21:37","modified_gmt":"2022-09-28T19:21:37","slug":"horodateurs-de-stationnement-sur-rue","status":"publish","type":"page","link":"https:\/\/www.smartparkingsolutions.ca\/en\/horodateurs-de-stationnement-sur-rue\/","title":{"rendered":"Horodateurs de Stationnement sur rue"},"content":{"rendered":"<div data-elementor-type=\"wp-page\" data-elementor-id=\"6209\" class=\"elementor elementor-6209\" data-elementor-post-type=\"page\">\n\t\t\t\t\t\t<section class=\"elementor-section elementor-top-section elementor-element elementor-element-d410bb6 ot-traditional elementor-section-boxed elementor-section-height-default elementor-section-height-default\" data-id=\"d410bb6\" data-element_type=\"section\" data-e-type=\"section\">\n\t\t\t\t\t\t<div class=\"elementor-container elementor-column-gap-extended\">\n\t\t\t\t\t<div class=\"elementor-column elementor-col-100 elementor-top-column elementor-element elementor-element-f3e0e8d ot-flex-column-vertical\" data-id=\"f3e0e8d\" data-element_type=\"column\" data-e-type=\"column\">\n\t\t\t<div class=\"elementor-widget-wrap elementor-element-populated\">\n\t\t\t\t\t\t<section class=\"elementor-section elementor-inner-section elementor-element elementor-element-bcc9993 elementor-section-full_width ot-traditional elementor-section-height-default elementor-section-height-default\" data-id=\"bcc9993\" data-element_type=\"section\" data-e-type=\"section\">\n\t\t\t\t\t\t<div class=\"elementor-container elementor-column-gap-default\">\n\t\t\t\t\t<div class=\"elementor-column elementor-col-100 elementor-inner-column elementor-element elementor-element-df8d3f2 ot-flex-column-vertical\" data-id=\"df8d3f2\" data-element_type=\"column\" data-e-type=\"column\">\n\t\t\t<div class=\"elementor-widget-wrap elementor-element-populated\">\n\t\t\t\t\t\t<div class=\"elementor-element elementor-element-1f88e0f elementor-widget elementor-widget-heading\" data-id=\"1f88e0f\" data-element_type=\"widget\" data-e-type=\"widget\" data-widget_type=\"heading.default\">\n\t\t\t\t<div class=\"elementor-widget-container\">\n\t\t\t\t\t<h3 class=\"elementor-heading-title elementor-size-default\">Horodateurs de Stationnement sur rue :<\/h3>\t\t\t\t<\/div>\n\t\t\t\t<\/div>\n\t\t\t\t\t<\/div>\n\t\t<\/div>\n\t\t\t\t\t<\/div>\n\t\t<\/section>\n\t\t\t\t\t<\/div>\n\t\t<\/div>\n\t\t\t\t\t<\/div>\n\t\t<\/section>\n\t\t\t\t<section class=\"elementor-section elementor-top-section elementor-element elementor-element-9a74cdd ot-traditional elementor-section-boxed elementor-section-height-default elementor-section-height-default\" data-id=\"9a74cdd\" data-element_type=\"section\" data-e-type=\"section\">\n\t\t\t\t\t\t<div class=\"elementor-container elementor-column-gap-default\">\n\t\t\t\t\t<div class=\"elementor-column elementor-col-50 elementor-top-column elementor-element elementor-element-3f6cc2d ot-flex-column-vertical\" data-id=\"3f6cc2d\" data-element_type=\"column\" data-e-type=\"column\">\n\t\t\t<div class=\"elementor-widget-wrap elementor-element-populated\">\n\t\t\t\t\t\t<div class=\"elementor-element elementor-element-b5bbccb elementor-widget elementor-widget-image\" data-id=\"b5bbccb\" data-element_type=\"widget\" data-e-type=\"widget\" data-widget_type=\"image.default\">\n\t\t\t\t<div class=\"elementor-widget-container\">\n\t\t\t\t\t\t\t\t\t\t\t\t\t\t\t<img fetchpriority=\"high\" decoding=\"async\" width=\"720\" height=\"520\" src=\"https:\/\/www.smartparkingsolutions.ca\/wp-content\/uploads\/2022\/03\/horodateurs-nouvelle-generation-720x520.jpg\" class=\"attachment-engitech-portfolio-thumbnail-carousel size-engitech-portfolio-thumbnail-carousel wp-image-6341\" alt=\"\" \/>\t\t\t\t\t\t\t\t\t\t\t\t\t\t\t<\/div>\n\t\t\t\t<\/div>\n\t\t\t\t\t<\/div>\n\t\t<\/div>\n\t\t\t\t<div class=\"elementor-column elementor-col-50 elementor-top-column elementor-element elementor-element-4910c0d ot-flex-column-vertical\" data-id=\"4910c0d\" data-element_type=\"column\" data-e-type=\"column\">\n\t\t\t<div class=\"elementor-widget-wrap elementor-element-populated\">\n\t\t\t\t\t\t<div class=\"elementor-element elementor-element-807b848 elementor-widget elementor-widget-text-editor\" data-id=\"807b848\" data-element_type=\"widget\" data-e-type=\"widget\" data-widget_type=\"text-editor.default\">\n\t\t\t\t<div class=\"elementor-widget-container\">\n\t\t\t\t\t\t\t\t\t<p>IEM est un important fournisseur Suisse de dispositifs intelligents pour la gestion du stationnement sur voirie. Ses technologies de pointe permettent d\u2019offrir aux collectivit\u00e9s et aux gestionnaires de stationnement des outils performants et aux automobilistes des services connect\u00e9s. Le r\u00f4le d\u2019IEM ne se r\u00e9sume pas \u00e0 la production d\u2018horodateurs : IEM permet une meilleure approche de la gestion active des places et des droits de stationnement en se basant sur l\u2019information transmise en temps r\u00e9el.\u00a0Les automobilistes peuvent utiliser les dispositifs intelligents install\u00e9s sur la voirie ou leurs smartphones pour payer leurs titres de stationnement, s\u2019identifier en tant qu\u2019abonn\u00e9s, trouver une place disponible ou encore s\u2019informer sur les autres moyens de transport.<\/p>\t\t\t\t\t\t\t\t<\/div>\n\t\t\t\t<\/div>\n\t\t\t\t\t<\/div>\n\t\t<\/div>\n\t\t\t\t\t<\/div>\n\t\t<\/section>\n\t\t\t\t<section class=\"elementor-section elementor-top-section elementor-element elementor-element-116e245 ot-traditional elementor-section-boxed elementor-section-height-default elementor-section-height-default\" data-id=\"116e245\" data-element_type=\"section\" data-e-type=\"section\">\n\t\t\t\t\t\t<div class=\"elementor-container elementor-column-gap-default\">\n\t\t\t\t\t<div class=\"elementor-column elementor-col-100 elementor-top-column elementor-element elementor-element-fb5afaa ot-flex-column-vertical\" data-id=\"fb5afaa\" data-element_type=\"column\" data-e-type=\"column\">\n\t\t\t<div class=\"elementor-widget-wrap elementor-element-populated\">\n\t\t\t\t\t\t<div class=\"elementor-element elementor-element-b70a76b elementor-widget elementor-widget-heading\" data-id=\"b70a76b\" data-element_type=\"widget\" data-e-type=\"widget\" data-widget_type=\"heading.default\">\n\t\t\t\t<div class=\"elementor-widget-container\">\n\t\t\t\t\t<h2 class=\"elementor-heading-title elementor-size-default\">Notre Gamme de <br> produits<\/h2>\t\t\t\t<\/div>\n\t\t\t\t<\/div>\n\t\t\t\t\t<\/div>\n\t\t<\/div>\n\t\t\t\t\t<\/div>\n\t\t<\/section>\n\t\t\t\t<section class=\"elementor-section elementor-top-section elementor-element elementor-element-610db9f ot-traditional elementor-section-boxed elementor-section-height-default elementor-section-height-default\" data-id=\"610db9f\" data-element_type=\"section\" data-e-type=\"section\">\n\t\t\t\t\t\t<div class=\"elementor-container elementor-column-gap-default\">\n\t\t\t\t\t<div class=\"elementor-column elementor-col-25 elementor-top-column elementor-element elementor-element-e8b14b2 ot-flex-column-vertical\" data-id=\"e8b14b2\" data-element_type=\"column\" data-e-type=\"column\">\n\t\t\t<div class=\"elementor-widget-wrap elementor-element-populated\">\n\t\t\t\t\t\t<div class=\"elementor-element elementor-element-a39c545 elementor-widget elementor-widget-isupport_box\" data-id=\"a39c545\" data-element_type=\"widget\" data-e-type=\"widget\" data-widget_type=\"isupport_box.default\">\n\t\t\t\t<div class=\"elementor-widget-container\">\n\t\t\t\t\t\r\n\t\t<div class=\"support-box\">\r\n\t\t\t<div class=\"inner-box\">\r\n\t\t\t\t<div class=\"overlay flex-middle\">\r\n\t\t\t\t\t<span class=\"number-box\"><\/span>\r\n\t\t\t\t\t<div class=\"inner\">\r\n\t\t\t\t\t\t<p>Entrust full-cycle implementation of your software product to our experienced BAs, UI\/UX designers, developers.<\/p>\r\n\t\t\t\t\t\t<a href=\"https:\/\/www.smartparkingsolutions.ca\/en\/contact\/\" class=\"btn-details\">CONTACTEZ NOUS<\/a>\r\n\t\t\t\t\t<\/div>\r\n\t\t\t\t<\/div>\r\n\t\t\t\t<div class=\"content-box\">\r\n\t\t\t\t\t<span class=\"number-box\"><\/span>\r\n\t\t\t\t\t<h3><\/h3>\r\n\t\t\t\t\t<img decoding=\"async\" src=\"http:\/\/smartparkingsolutions.ca\/wp-content\/uploads\/2022\/03\/2020-09_prestointeractif_23_ecran.jpg\" alt=\"\">\r\n\t\t\t\t<\/div>\r\n\t\t\t<\/div>\r\n\t    <\/div>\r\n\r\n\t    \t\t\t\t<\/div>\n\t\t\t\t<\/div>\n\t\t\t\t\t<\/div>\n\t\t<\/div>\n\t\t\t\t<div class=\"elementor-column elementor-col-25 elementor-top-column elementor-element elementor-element-e73b135 ot-flex-column-vertical\" data-id=\"e73b135\" data-element_type=\"column\" data-e-type=\"column\">\n\t\t\t<div class=\"elementor-widget-wrap elementor-element-populated\">\n\t\t\t\t\t\t<div class=\"elementor-element elementor-element-fe5b957 elementor-widget elementor-widget-isupport_box\" data-id=\"fe5b957\" data-element_type=\"widget\" data-e-type=\"widget\" data-widget_type=\"isupport_box.default\">\n\t\t\t\t<div class=\"elementor-widget-container\">\n\t\t\t\t\t\r\n\t\t<div class=\"support-box\">\r\n\t\t\t<div class=\"inner-box\">\r\n\t\t\t\t<div class=\"overlay flex-middle\">\r\n\t\t\t\t\t<span class=\"number-box\"><\/span>\r\n\t\t\t\t\t<div class=\"inner\">\r\n\t\t\t\t\t\t<p>Entrust full-cycle implementation of your software product to our experienced BAs, UI\/UX designers, developers.<\/p>\r\n\t\t\t\t\t\t<a href=\"https:\/\/www.smartparkingsolutions.ca\/en\/contact\/\" class=\"btn-details\">CONTACTEZ NOUS<\/a>\r\n\t\t\t\t\t<\/div>\r\n\t\t\t\t<\/div>\r\n\t\t\t\t<div class=\"content-box\">\r\n\t\t\t\t\t<span class=\"number-box\"><\/span>\r\n\t\t\t\t\t<h3><\/h3>\r\n\t\t\t\t\t<img decoding=\"async\" src=\"http:\/\/smartparkingsolutions.ca\/wp-content\/uploads\/2022\/03\/2021-PrestoConnect-rue.jpg\" alt=\"\">\r\n\t\t\t\t<\/div>\r\n\t\t\t<\/div>\r\n\t    <\/div>\r\n\r\n\t    \t\t\t\t<\/div>\n\t\t\t\t<\/div>\n\t\t\t\t\t<\/div>\n\t\t<\/div>\n\t\t\t\t<div class=\"elementor-column elementor-col-25 elementor-top-column elementor-element elementor-element-417f1e4 ot-flex-column-vertical\" data-id=\"417f1e4\" data-element_type=\"column\" data-e-type=\"column\">\n\t\t\t<div class=\"elementor-widget-wrap elementor-element-populated\">\n\t\t\t\t\t\t<div class=\"elementor-element elementor-element-a45516f elementor-widget elementor-widget-isupport_box\" data-id=\"a45516f\" data-element_type=\"widget\" data-e-type=\"widget\" data-widget_type=\"isupport_box.default\">\n\t\t\t\t<div class=\"elementor-widget-container\">\n\t\t\t\t\t\r\n\t\t<div class=\"support-box\">\r\n\t\t\t<div class=\"inner-box\">\r\n\t\t\t\t<div class=\"overlay flex-middle\">\r\n\t\t\t\t\t<span class=\"number-box\"><\/span>\r\n\t\t\t\t\t<div class=\"inner\">\r\n\t\t\t\t\t\t<p>Entrust full-cycle implementation of your software product to our experienced BAs, UI\/UX designers, developers.<\/p>\r\n\t\t\t\t\t\t<a href=\"https:\/\/www.smartparkingsolutions.ca\/en\/contact\/\" class=\"btn-details\">CONTACTEZ NOUS<\/a>\r\n\t\t\t\t\t<\/div>\r\n\t\t\t\t<\/div>\r\n\t\t\t\t<div class=\"content-box\">\r\n\t\t\t\t\t<span class=\"number-box\"><\/span>\r\n\t\t\t\t\t<h3><\/h3>\r\n\t\t\t\t\t<img decoding=\"async\" src=\"http:\/\/smartparkingsolutions.ca\/wp-content\/uploads\/2022\/03\/presto-interactif-ecran-couleur-geneve-683x1024-1.jpg\" alt=\"\">\r\n\t\t\t\t<\/div>\r\n\t\t\t<\/div>\r\n\t    <\/div>\r\n\r\n\t    \t\t\t\t<\/div>\n\t\t\t\t<\/div>\n\t\t\t\t\t<\/div>\n\t\t<\/div>\n\t\t\t\t<div class=\"elementor-column elementor-col-25 elementor-top-column elementor-element elementor-element-3f06ec0 ot-flex-column-vertical\" data-id=\"3f06ec0\" data-element_type=\"column\" data-e-type=\"column\">\n\t\t\t<div class=\"elementor-widget-wrap elementor-element-populated\">\n\t\t\t\t\t\t<div class=\"elementor-element elementor-element-8ab69e5 elementor-widget elementor-widget-isupport_box\" data-id=\"8ab69e5\" data-element_type=\"widget\" data-e-type=\"widget\" data-widget_type=\"isupport_box.default\">\n\t\t\t\t<div class=\"elementor-widget-container\">\n\t\t\t\t\t\r\n\t\t<div class=\"support-box\">\r\n\t\t\t<div class=\"inner-box\">\r\n\t\t\t\t<div class=\"overlay flex-middle\">\r\n\t\t\t\t\t<span class=\"number-box\"><\/span>\r\n\t\t\t\t\t<div class=\"inner\">\r\n\t\t\t\t\t\t<p>Entrust full-cycle implementation of your software product to our experienced BAs, UI\/UX designers, developers.<\/p>\r\n\t\t\t\t\t\t<a href=\"https:\/\/www.smartparkingsolutions.ca\/en\/contact\/\" class=\"btn-details\">CONTACTEZ NOUS<\/a>\r\n\t\t\t\t\t<\/div>\r\n\t\t\t\t<\/div>\r\n\t\t\t\t<div class=\"content-box\">\r\n\t\t\t\t\t<span class=\"number-box\"><\/span>\r\n\t\t\t\t\t<h3><\/h3>\r\n\t\t\t\t\t<img decoding=\"async\" src=\"http:\/\/smartparkingsolutions.ca\/wp-content\/uploads\/2022\/03\/Parking-meter-Maastricht-1-1-768x1024-1.jpg\" alt=\"\">\r\n\t\t\t\t<\/div>\r\n\t\t\t<\/div>\r\n\t    <\/div>\r\n\r\n\t    \t\t\t\t<\/div>\n\t\t\t\t<\/div>\n\t\t\t\t\t<\/div>\n\t\t<\/div>\n\t\t\t\t\t<\/div>\n\t\t<\/section>\n\t\t\t\t<\/div>","protected":false},"excerpt":{"rendered":"<p>Horodateurs de Stationnement sur rue : IEM est un important fournisseur Suisse de dispositifs intelligents pour la gestion du stationnement sur voirie. Ses technologies de pointe permettent d\u2019offrir aux collectivit\u00e9s et aux gestionnaires de stationnement des outils performants et aux automobilistes des services connect\u00e9s. Le r\u00f4le d\u2019IEM ne se r\u00e9sume pas \u00e0 la production d\u2018horodateurs [&hellip;]<\/p>","protected":false},"author":2,"featured_media":0,"parent":0,"menu_order":0,"comment_status":"closed","ping_status":"closed","template":"","meta":{"footnotes":""},"class_list":["post-6209","page","type-page","status-publish","hentry"],"yoast_head":"<!-- This site is optimized with the Yoast SEO plugin v26.3 - https:\/\/yoast.com\/wordpress\/plugins\/seo\/ -->\n<title>Horodateurs de Stationnement sur rue - Smart Parking Solutions Inc.<\/title>\n<meta name=\"robots\" content=\"index, follow, max-snippet:-1, max-image-preview:large, max-video-preview:-1\" \/>\n<link rel=\"canonical\" href=\"https:\/\/www.smartparkingsolutions.ca\/en\/horodateurs-de-stationnement-sur-rue\/\" \/>\n<meta property=\"og:locale\" content=\"en_GB\" \/>\n<meta property=\"og:type\" content=\"article\" \/>\n<meta property=\"og:title\" content=\"Horodateurs de Stationnement sur rue - Smart Parking Solutions Inc.\" \/>\n<meta property=\"og:description\" content=\"Horodateurs de Stationnement sur rue : IEM est un important fournisseur Suisse de dispositifs intelligents pour la gestion du stationnement sur voirie. Ses technologies de pointe permettent d\u2019offrir aux collectivit\u00e9s et aux gestionnaires de stationnement des outils performants et aux automobilistes des services connect\u00e9s. Le r\u00f4le d\u2019IEM ne se r\u00e9sume pas \u00e0 la production d\u2018horodateurs [&hellip;]\" \/>\n<meta property=\"og:url\" content=\"https:\/\/www.smartparkingsolutions.ca\/en\/horodateurs-de-stationnement-sur-rue\/\" \/>\n<meta property=\"og:site_name\" content=\"Smart Parking Solutions Inc.\" \/>\n<meta property=\"article:modified_time\" content=\"2022-09-28T19:21:37+00:00\" \/>\n<meta property=\"og:image\" content=\"http:\/\/www.smartparkingsolutions.ca\/wp-content\/uploads\/2022\/03\/horodateurs-nouvelle-generation-720x520.jpg\" \/>\n<meta name=\"twitter:card\" content=\"summary_large_image\" \/>\n<meta name=\"twitter:label1\" content=\"Estimated reading time\" \/>\n\t<meta name=\"twitter:data1\" content=\"2 minutes\" \/>\n<script type=\"application\/ld+json\" class=\"yoast-schema-graph\">{\"@context\":\"https:\/\/schema.org\",\"@graph\":[{\"@type\":\"WebPage\",\"@id\":\"https:\/\/www.smartparkingsolutions.ca\/horodateurs-de-stationnement-sur-rue\/\",\"url\":\"https:\/\/www.smartparkingsolutions.ca\/horodateurs-de-stationnement-sur-rue\/\",\"name\":\"Horodateurs de Stationnement sur rue - Smart Parking Solutions Inc.\",\"isPartOf\":{\"@id\":\"https:\/\/www.smartparkingsolutions.ca\/#website\"},\"primaryImageOfPage\":{\"@id\":\"https:\/\/www.smartparkingsolutions.ca\/horodateurs-de-stationnement-sur-rue\/#primaryimage\"},\"image\":{\"@id\":\"https:\/\/www.smartparkingsolutions.ca\/horodateurs-de-stationnement-sur-rue\/#primaryimage\"},\"thumbnailUrl\":\"http:\/\/www.smartparkingsolutions.ca\/wp-content\/uploads\/2022\/03\/horodateurs-nouvelle-generation-720x520.jpg\",\"datePublished\":\"2022-02-18T16:22:34+00:00\",\"dateModified\":\"2022-09-28T19:21:37+00:00\",\"breadcrumb\":{\"@id\":\"https:\/\/www.smartparkingsolutions.ca\/horodateurs-de-stationnement-sur-rue\/#breadcrumb\"},\"inLanguage\":\"en-GB\",\"potentialAction\":[{\"@type\":\"ReadAction\",\"target\":[\"https:\/\/www.smartparkingsolutions.ca\/horodateurs-de-stationnement-sur-rue\/\"]}]},{\"@type\":\"ImageObject\",\"inLanguage\":\"en-GB\",\"@id\":\"https:\/\/www.smartparkingsolutions.ca\/horodateurs-de-stationnement-sur-rue\/#primaryimage\",\"url\":\"http:\/\/www.smartparkingsolutions.ca\/wp-content\/uploads\/2022\/03\/horodateurs-nouvelle-generation-720x520.jpg\",\"contentUrl\":\"http:\/\/www.smartparkingsolutions.ca\/wp-content\/uploads\/2022\/03\/horodateurs-nouvelle-generation-720x520.jpg\"},{\"@type\":\"BreadcrumbList\",\"@id\":\"https:\/\/www.smartparkingsolutions.ca\/horodateurs-de-stationnement-sur-rue\/#breadcrumb\",\"itemListElement\":[{\"@type\":\"ListItem\",\"position\":1,\"name\":\"Accueil\",\"item\":\"https:\/\/www.smartparkingsolutions.ca\/\"},{\"@type\":\"ListItem\",\"position\":2,\"name\":\"Horodateurs de Stationnement sur rue\"}]},{\"@type\":\"WebSite\",\"@id\":\"https:\/\/www.smartparkingsolutions.ca\/#website\",\"url\":\"https:\/\/www.smartparkingsolutions.ca\/\",\"name\":\"Smart Parking Solutions Inc.\",\"description\":\"\",\"potentialAction\":[{\"@type\":\"SearchAction\",\"target\":{\"@type\":\"EntryPoint\",\"urlTemplate\":\"https:\/\/www.smartparkingsolutions.ca\/?s={search_term_string}\"},\"query-input\":{\"@type\":\"PropertyValueSpecification\",\"valueRequired\":true,\"valueName\":\"search_term_string\"}}],\"inLanguage\":\"en-GB\"}]}<\/script>\n<!-- \/ Yoast SEO plugin. -->","yoast_head_json":{"title":"Horodateurs de Stationnement sur rue - Smart Parking Solutions Inc.","robots":{"index":"index","follow":"follow","max-snippet":"max-snippet:-1","max-image-preview":"max-image-preview:large","max-video-preview":"max-video-preview:-1"},"canonical":"https:\/\/www.smartparkingsolutions.ca\/en\/horodateurs-de-stationnement-sur-rue\/","og_locale":"en_GB","og_type":"article","og_title":"Horodateurs de Stationnement sur rue - Smart Parking Solutions Inc.","og_description":"Horodateurs de Stationnement sur rue : IEM est un important fournisseur Suisse de dispositifs intelligents pour la gestion du stationnement sur voirie. Ses technologies de pointe permettent d\u2019offrir aux collectivit\u00e9s et aux gestionnaires de stationnement des outils performants et aux automobilistes des services connect\u00e9s. Le r\u00f4le d\u2019IEM ne se r\u00e9sume pas \u00e0 la production d\u2018horodateurs [&hellip;]","og_url":"https:\/\/www.smartparkingsolutions.ca\/en\/horodateurs-de-stationnement-sur-rue\/","og_site_name":"Smart Parking Solutions Inc.","article_modified_time":"2022-09-28T19:21:37+00:00","og_image":[{"url":"http:\/\/www.smartparkingsolutions.ca\/wp-content\/uploads\/2022\/03\/horodateurs-nouvelle-generation-720x520.jpg","type":"","width":"","height":""}],"twitter_card":"summary_large_image","twitter_misc":{"Estimated reading time":"2 minutes"},"schema":{"@context":"https:\/\/schema.org","@graph":[{"@type":"WebPage","@id":"https:\/\/www.smartparkingsolutions.ca\/horodateurs-de-stationnement-sur-rue\/","url":"https:\/\/www.smartparkingsolutions.ca\/horodateurs-de-stationnement-sur-rue\/","name":"Horodateurs de Stationnement sur rue - Smart Parking Solutions Inc.","isPartOf":{"@id":"https:\/\/www.smartparkingsolutions.ca\/#website"},"primaryImageOfPage":{"@id":"https:\/\/www.smartparkingsolutions.ca\/horodateurs-de-stationnement-sur-rue\/#primaryimage"},"image":{"@id":"https:\/\/www.smartparkingsolutions.ca\/horodateurs-de-stationnement-sur-rue\/#primaryimage"},"thumbnailUrl":"http:\/\/www.smartparkingsolutions.ca\/wp-content\/uploads\/2022\/03\/horodateurs-nouvelle-generation-720x520.jpg","datePublished":"2022-02-18T16:22:34+00:00","dateModified":"2022-09-28T19:21:37+00:00","breadcrumb":{"@id":"https:\/\/www.smartparkingsolutions.ca\/horodateurs-de-stationnement-sur-rue\/#breadcrumb"},"inLanguage":"en-GB","potentialAction":[{"@type":"ReadAction","target":["https:\/\/www.smartparkingsolutions.ca\/horodateurs-de-stationnement-sur-rue\/"]}]},{"@type":"ImageObject","inLanguage":"en-GB","@id":"https:\/\/www.smartparkingsolutions.ca\/horodateurs-de-stationnement-sur-rue\/#primaryimage","url":"http:\/\/www.smartparkingsolutions.ca\/wp-content\/uploads\/2022\/03\/horodateurs-nouvelle-generation-720x520.jpg","contentUrl":"http:\/\/www.smartparkingsolutions.ca\/wp-content\/uploads\/2022\/03\/horodateurs-nouvelle-generation-720x520.jpg"},{"@type":"BreadcrumbList","@id":"https:\/\/www.smartparkingsolutions.ca\/horodateurs-de-stationnement-sur-rue\/#breadcrumb","itemListElement":[{"@type":"ListItem","position":1,"name":"Accueil","item":"https:\/\/www.smartparkingsolutions.ca\/"},{"@type":"ListItem","position":2,"name":"Horodateurs de Stationnement sur rue"}]},{"@type":"WebSite","@id":"https:\/\/www.smartparkingsolutions.ca\/#website","url":"https:\/\/www.smartparkingsolutions.ca\/","name":"Smart Parking Solutions Inc.","description":"","potentialAction":[{"@type":"SearchAction","target":{"@type":"EntryPoint","urlTemplate":"https:\/\/www.smartparkingsolutions.ca\/?s={search_term_string}"},"query-input":{"@type":"PropertyValueSpecification","valueRequired":true,"valueName":"search_term_string"}}],"inLanguage":"en-GB"}]}},"_links":{"self":[{"href":"https:\/\/www.smartparkingsolutions.ca\/en\/wp-json\/wp\/v2\/pages\/6209","targetHints":{"allow":["GET"]}}],"collection":[{"href":"https:\/\/www.smartparkingsolutions.ca\/en\/wp-json\/wp\/v2\/pages"}],"about":[{"href":"https:\/\/www.smartparkingsolutions.ca\/en\/wp-json\/wp\/v2\/types\/page"}],"author":[{"embeddable":true,"href":"https:\/\/www.smartparkingsolutions.ca\/en\/wp-json\/wp\/v2\/users\/2"}],"replies":[{"embeddable":true,"href":"https:\/\/www.smartparkingsolutions.ca\/en\/wp-json\/wp\/v2\/comments?post=6209"}],"version-history":[{"count":46,"href":"https:\/\/www.smartparkingsolutions.ca\/en\/wp-json\/wp\/v2\/pages\/6209\/revisions"}],"predecessor-version":[{"id":7077,"href":"https:\/\/www.smartparkingsolutions.ca\/en\/wp-json\/wp\/v2\/pages\/6209\/revisions\/7077"}],"wp:attachment":[{"href":"https:\/\/www.smartparkingsolutions.ca\/en\/wp-json\/wp\/v2\/media?parent=6209"}],"curies":[{"name":"wp","href":"https:\/\/api.w.org\/{rel}","templated":true}]}}