{"id":6079,"date":"2022-02-16T17:07:55","date_gmt":"2022-02-16T16:07:55","guid":{"rendered":"https:\/\/xnbrocx.cluster031.hosting.ovh.net\/?page_id=6079"},"modified":"2022-03-03T10:43:23","modified_gmt":"2022-03-03T09:43:23","slug":"conditions-dutilisation","status":"publish","type":"page","link":"https:\/\/www.smartparkingsolutions.ca\/en\/conditions-dutilisation\/","title":{"rendered":"Conditions d&rsquo;utilisation"},"content":{"rendered":"<div data-elementor-type=\"wp-page\" data-elementor-id=\"6079\" class=\"elementor elementor-6079\" data-elementor-post-type=\"page\">\n\t\t\t\t\t\t<section class=\"elementor-section elementor-top-section elementor-element elementor-element-b325138 ot-traditional elementor-section-boxed elementor-section-height-default elementor-section-height-default\" data-id=\"b325138\" data-element_type=\"section\" data-e-type=\"section\">\n\t\t\t\t\t\t<div class=\"elementor-container elementor-column-gap-default\">\n\t\t\t\t\t<div class=\"elementor-column elementor-col-100 elementor-top-column elementor-element elementor-element-6e81b88 ot-flex-column-vertical\" data-id=\"6e81b88\" data-element_type=\"column\" data-e-type=\"column\">\n\t\t\t<div class=\"elementor-widget-wrap elementor-element-populated\">\n\t\t\t\t\t\t<div class=\"elementor-element elementor-element-cd9c482 elementor-widget elementor-widget-spacer\" data-id=\"cd9c482\" data-element_type=\"widget\" data-e-type=\"widget\" data-widget_type=\"spacer.default\">\n\t\t\t\t<div class=\"elementor-widget-container\">\n\t\t\t\t\t\t\t<div class=\"elementor-spacer\">\n\t\t\t<div class=\"elementor-spacer-inner\"><\/div>\n\t\t<\/div>\n\t\t\t\t\t\t<\/div>\n\t\t\t\t<\/div>\n\t\t\t\t<div class=\"elementor-element elementor-element-32ac952 elementor-widget elementor-widget-text-editor\" data-id=\"32ac952\" data-element_type=\"widget\" data-e-type=\"widget\" data-widget_type=\"text-editor.default\">\n\t\t\t\t<div class=\"elementor-widget-container\">\n\t\t\t\t\t\t\t\t\t<p><\/p>\n<section class=\"container-fluid container-fluid--gutters flexible-component bloc-text\">\n<div class=\"text\">\n<section class=\"container-fluid container-fluid--gutters flexible-component bloc-text\">\n<div class=\"text\">\n<p><strong>Droit d&rsquo;auteur et marques<\/strong><\/p>\n<p>Le contenu des sites Web de Solutions de Stationnement Intelligent Inc. \u00a0est prot\u00e9g\u00e9 par la loi sur le droit d&rsquo;auteur. Vous ne pouvez pas reproduire, distribuer, transmettre, afficher, pr\u00e9parer des travaux d\u00e9riv\u00e9s ou ex\u00e9cuter tout mat\u00e9riel prot\u00e9g\u00e9 par le droit d&rsquo;auteur sur les sites Web de Stationnement Intelligent Inc. sans le consentement \u00e9crit pr\u00e9alable de Stationnement Intelligent Inc. Tous droits r\u00e9serv\u00e9s. Vous ne pouvez pas utiliser les marques de service, les logos ou les graphiques de Stationnement Intelligent Inc. sans le consentement \u00e9crit pr\u00e9alable de Stationnement Intelligent Inc.<\/p>\n<p><strong>Liens vers des sites tiers<\/strong><\/p>\n<p>Stationnement Intelligent Inc. fournit des liens vers des sites Internet g\u00e9r\u00e9s par des tiers, sur lesquels Stationnement Intelligent Inc. n&rsquo;a aucun contr\u00f4le. Stationnement Intelligent Inc. ne cautionne pas le contenu, les op\u00e9rateurs, les produits ni les services de ces sites et Stationnement Intelligent Inc. n&rsquo;est pas responsable du contenu, des op\u00e9rateurs, de la disponibilit\u00e9, de l&rsquo;exactitude, de la qualit\u00e9, de la publicit\u00e9, des produits, des services ni de tout autre mat\u00e9riel figurant sur ces sites ou accessibles \u00e0 partir de ces sites. Stationnement Intelligent Inc. ne peut \u00eatre tenue responsable, directement ou indirectement, d&rsquo;aucun dommage ni perte caus\u00e9(e) ou pr\u00e9tendument caus\u00e9(e) par, ou en relation avec, l&rsquo;utilisation de, ou la confiance en, un tel contenu, des produits ou des services accessibles sur, ou par, de tels sites.<\/p>\n<p><strong>Divers<\/strong><\/p>\n<p>Ces conditions d&rsquo;utilisation repr\u00e9sentent l&rsquo;int\u00e9gralit\u00e9 de l&rsquo;entente entre les parties en ce qui concerne l&rsquo;utilisation des sites Web de Stationnement Intelligent Inc. et remplacent tous les documents pr\u00e9c\u00e9dents, la correspondance, les conversations ou tout autre accord oral ou \u00e9crit ant\u00e9rieur relatif aux pr\u00e9sentes conditions d&rsquo;utilisation. Les pr\u00e9sentes conditions d&rsquo;utilisation sont r\u00e9gies et interpr\u00e9t\u00e9es conform\u00e9ment au droit canadien, sans r\u00e9f\u00e9rence \u00e0 aucun choix de principes l\u00e9gaux pouvant entra\u00eener l&rsquo;application de la loi d&rsquo;une autre juridiction, et, le cas \u00e9ch\u00e9ant, au droit des \u00c9tats-Unis. La modification ou la renonciation \u00e0 une partie des pr\u00e9sentes conditions d&rsquo;utilisation ne constitue pas une renonciation ou une modification de toute autre partie des conditions d&rsquo;utilisation.<\/p>\n<p><strong>Consentement aux conditions d&rsquo;utilisation<\/strong><\/p>\n<p>En utilisant les sites Web de Stationnement Intelligent Inc., vous acceptez d&rsquo;\u00eatre li\u00e9(e) par les pr\u00e9sentes conditions d&rsquo;utilisation. Si vous n&rsquo;acceptez pas ces conditions d&rsquo;utilisation, veuillez ne pas utiliser les sites Web de Stationnement Intelligent Inc. Nous nous r\u00e9servons le droit, \u00e0 notre discr\u00e9tion, de modifier, d&rsquo;ajouter ou de supprimer des parties de ces conditions \u00e0 tout moment. Veuillez v\u00e9rifier p\u00e9riodiquement si ces conditions ont \u00e9t\u00e9 modifi\u00e9es. Ces changements, modifications, ajouts ou suppressions entreront en vigueur imm\u00e9diatement apr\u00e8s leur notification. En continuant \u00e0 utiliser les sites Web de Stationnement Intelligent Inc. apr\u00e8s l&rsquo;affichage des modifications apport\u00e9es \u00e0 ces conditions, vous signifiez que vous acceptez ces modifications.<\/p>\n<p>Si vous avez des questions sur les conditions d&rsquo;utilisation, veuillez \u00e9crire \u00e0 contact@smartparkingsolutions.ca.<\/p>\n<\/div>\n<\/section>\n<\/div>\n<\/section>\n<p><\/p>\t\t\t\t\t\t\t\t<\/div>\n\t\t\t\t<\/div>\n\t\t\t\t\t<\/div>\n\t\t<\/div>\n\t\t\t\t\t<\/div>\n\t\t<\/section>\n\t\t\t\t<section class=\"elementor-section elementor-top-section elementor-element elementor-element-ab6d66d ot-traditional elementor-section-boxed elementor-section-height-default elementor-section-height-default\" data-id=\"ab6d66d\" data-element_type=\"section\" data-e-type=\"section\">\n\t\t\t\t\t\t<div class=\"elementor-container elementor-column-gap-default\">\n\t\t\t\t\t<div class=\"elementor-column elementor-col-100 elementor-top-column elementor-element elementor-element-ad47f3e ot-flex-column-vertical\" data-id=\"ad47f3e\" data-element_type=\"column\" data-e-type=\"column\">\n\t\t\t<div class=\"elementor-widget-wrap elementor-element-populated\">\n\t\t\t\t\t\t<div class=\"elementor-element elementor-element-1be5023 elementor-widget elementor-widget-spacer\" data-id=\"1be5023\" data-element_type=\"widget\" data-e-type=\"widget\" data-widget_type=\"spacer.default\">\n\t\t\t\t<div class=\"elementor-widget-container\">\n\t\t\t\t\t\t\t<div class=\"elementor-spacer\">\n\t\t\t<div class=\"elementor-spacer-inner\"><\/div>\n\t\t<\/div>\n\t\t\t\t\t\t<\/div>\n\t\t\t\t<\/div>\n\t\t\t\t\t<\/div>\n\t\t<\/div>\n\t\t\t\t\t<\/div>\n\t\t<\/section>\n\t\t\t\t<\/div>","protected":false},"excerpt":{"rendered":"<p>Droit d&rsquo;auteur et marques Le contenu des sites Web de Solutions de Stationnement Intelligent Inc. \u00a0est prot\u00e9g\u00e9 par la loi sur le droit d&rsquo;auteur. Vous ne pouvez pas reproduire, distribuer, transmettre, afficher, pr\u00e9parer des travaux d\u00e9riv\u00e9s ou ex\u00e9cuter tout mat\u00e9riel prot\u00e9g\u00e9 par le droit d&rsquo;auteur sur les sites Web de Stationnement Intelligent Inc. sans le [&hellip;]<\/p>","protected":false},"author":2,"featured_media":0,"parent":0,"menu_order":0,"comment_status":"closed","ping_status":"closed","template":"","meta":{"footnotes":""},"class_list":["post-6079","page","type-page","status-publish","hentry"],"yoast_head":"<!-- This site is optimized with the Yoast SEO plugin v26.3 - https:\/\/yoast.com\/wordpress\/plugins\/seo\/ -->\n<title>Conditions d&#039;utilisation - Smart Parking Solutions Inc.<\/title>\n<meta name=\"robots\" content=\"index, follow, max-snippet:-1, max-image-preview:large, max-video-preview:-1\" \/>\n<link rel=\"canonical\" href=\"https:\/\/www.smartparkingsolutions.ca\/en\/conditions-dutilisation\/\" \/>\n<meta property=\"og:locale\" content=\"en_GB\" \/>\n<meta property=\"og:type\" content=\"article\" \/>\n<meta property=\"og:title\" content=\"Conditions d&#039;utilisation - Smart Parking Solutions Inc.\" \/>\n<meta property=\"og:description\" content=\"Droit d&rsquo;auteur et marques Le contenu des sites Web de Solutions de Stationnement Intelligent Inc. \u00a0est prot\u00e9g\u00e9 par la loi sur le droit d&rsquo;auteur. Vous ne pouvez pas reproduire, distribuer, transmettre, afficher, pr\u00e9parer des travaux d\u00e9riv\u00e9s ou ex\u00e9cuter tout mat\u00e9riel prot\u00e9g\u00e9 par le droit d&rsquo;auteur sur les sites Web de Stationnement Intelligent Inc. sans le [&hellip;]\" \/>\n<meta property=\"og:url\" content=\"https:\/\/www.smartparkingsolutions.ca\/en\/conditions-dutilisation\/\" \/>\n<meta property=\"og:site_name\" content=\"Smart Parking Solutions Inc.\" \/>\n<meta property=\"article:modified_time\" content=\"2022-03-03T09:43:23+00:00\" \/>\n<meta name=\"twitter:card\" content=\"summary_large_image\" \/>\n<meta name=\"twitter:label1\" content=\"Estimated reading time\" \/>\n\t<meta name=\"twitter:data1\" content=\"3 minutes\" \/>\n<script type=\"application\/ld+json\" class=\"yoast-schema-graph\">{\"@context\":\"https:\/\/schema.org\",\"@graph\":[{\"@type\":\"WebPage\",\"@id\":\"https:\/\/www.smartparkingsolutions.ca\/conditions-dutilisation\/\",\"url\":\"https:\/\/www.smartparkingsolutions.ca\/conditions-dutilisation\/\",\"name\":\"Conditions d'utilisation - Smart Parking Solutions Inc.\",\"isPartOf\":{\"@id\":\"https:\/\/www.smartparkingsolutions.ca\/#website\"},\"datePublished\":\"2022-02-16T16:07:55+00:00\",\"dateModified\":\"2022-03-03T09:43:23+00:00\",\"breadcrumb\":{\"@id\":\"https:\/\/www.smartparkingsolutions.ca\/conditions-dutilisation\/#breadcrumb\"},\"inLanguage\":\"en-GB\",\"potentialAction\":[{\"@type\":\"ReadAction\",\"target\":[\"https:\/\/www.smartparkingsolutions.ca\/conditions-dutilisation\/\"]}]},{\"@type\":\"BreadcrumbList\",\"@id\":\"https:\/\/www.smartparkingsolutions.ca\/conditions-dutilisation\/#breadcrumb\",\"itemListElement\":[{\"@type\":\"ListItem\",\"position\":1,\"name\":\"Accueil\",\"item\":\"https:\/\/www.smartparkingsolutions.ca\/\"},{\"@type\":\"ListItem\",\"position\":2,\"name\":\"Conditions d&rsquo;utilisation\"}]},{\"@type\":\"WebSite\",\"@id\":\"https:\/\/www.smartparkingsolutions.ca\/#website\",\"url\":\"https:\/\/www.smartparkingsolutions.ca\/\",\"name\":\"Smart Parking Solutions Inc.\",\"description\":\"\",\"potentialAction\":[{\"@type\":\"SearchAction\",\"target\":{\"@type\":\"EntryPoint\",\"urlTemplate\":\"https:\/\/www.smartparkingsolutions.ca\/?s={search_term_string}\"},\"query-input\":{\"@type\":\"PropertyValueSpecification\",\"valueRequired\":true,\"valueName\":\"search_term_string\"}}],\"inLanguage\":\"en-GB\"}]}<\/script>\n<!-- \/ Yoast SEO plugin. -->","yoast_head_json":{"title":"Conditions d'utilisation - Smart Parking Solutions Inc.","robots":{"index":"index","follow":"follow","max-snippet":"max-snippet:-1","max-image-preview":"max-image-preview:large","max-video-preview":"max-video-preview:-1"},"canonical":"https:\/\/www.smartparkingsolutions.ca\/en\/conditions-dutilisation\/","og_locale":"en_GB","og_type":"article","og_title":"Conditions d'utilisation - Smart Parking Solutions Inc.","og_description":"Droit d&rsquo;auteur et marques Le contenu des sites Web de Solutions de Stationnement Intelligent Inc. \u00a0est prot\u00e9g\u00e9 par la loi sur le droit d&rsquo;auteur. Vous ne pouvez pas reproduire, distribuer, transmettre, afficher, pr\u00e9parer des travaux d\u00e9riv\u00e9s ou ex\u00e9cuter tout mat\u00e9riel prot\u00e9g\u00e9 par le droit d&rsquo;auteur sur les sites Web de Stationnement Intelligent Inc. sans le [&hellip;]","og_url":"https:\/\/www.smartparkingsolutions.ca\/en\/conditions-dutilisation\/","og_site_name":"Smart Parking Solutions Inc.","article_modified_time":"2022-03-03T09:43:23+00:00","twitter_card":"summary_large_image","twitter_misc":{"Estimated reading time":"3 minutes"},"schema":{"@context":"https:\/\/schema.org","@graph":[{"@type":"WebPage","@id":"https:\/\/www.smartparkingsolutions.ca\/conditions-dutilisation\/","url":"https:\/\/www.smartparkingsolutions.ca\/conditions-dutilisation\/","name":"Conditions d'utilisation - Smart Parking Solutions Inc.","isPartOf":{"@id":"https:\/\/www.smartparkingsolutions.ca\/#website"},"datePublished":"2022-02-16T16:07:55+00:00","dateModified":"2022-03-03T09:43:23+00:00","breadcrumb":{"@id":"https:\/\/www.smartparkingsolutions.ca\/conditions-dutilisation\/#breadcrumb"},"inLanguage":"en-GB","potentialAction":[{"@type":"ReadAction","target":["https:\/\/www.smartparkingsolutions.ca\/conditions-dutilisation\/"]}]},{"@type":"BreadcrumbList","@id":"https:\/\/www.smartparkingsolutions.ca\/conditions-dutilisation\/#breadcrumb","itemListElement":[{"@type":"ListItem","position":1,"name":"Accueil","item":"https:\/\/www.smartparkingsolutions.ca\/"},{"@type":"ListItem","position":2,"name":"Conditions d&rsquo;utilisation"}]},{"@type":"WebSite","@id":"https:\/\/www.smartparkingsolutions.ca\/#website","url":"https:\/\/www.smartparkingsolutions.ca\/","name":"Smart Parking Solutions Inc.","description":"","potentialAction":[{"@type":"SearchAction","target":{"@type":"EntryPoint","urlTemplate":"https:\/\/www.smartparkingsolutions.ca\/?s={search_term_string}"},"query-input":{"@type":"PropertyValueSpecification","valueRequired":true,"valueName":"search_term_string"}}],"inLanguage":"en-GB"}]}},"_links":{"self":[{"href":"https:\/\/www.smartparkingsolutions.ca\/en\/wp-json\/wp\/v2\/pages\/6079","targetHints":{"allow":["GET"]}}],"collection":[{"href":"https:\/\/www.smartparkingsolutions.ca\/en\/wp-json\/wp\/v2\/pages"}],"about":[{"href":"https:\/\/www.smartparkingsolutions.ca\/en\/wp-json\/wp\/v2\/types\/page"}],"author":[{"embeddable":true,"href":"https:\/\/www.smartparkingsolutions.ca\/en\/wp-json\/wp\/v2\/users\/2"}],"replies":[{"embeddable":true,"href":"https:\/\/www.smartparkingsolutions.ca\/en\/wp-json\/wp\/v2\/comments?post=6079"}],"version-history":[{"count":14,"href":"https:\/\/www.smartparkingsolutions.ca\/en\/wp-json\/wp\/v2\/pages\/6079\/revisions"}],"predecessor-version":[{"id":6627,"href":"https:\/\/www.smartparkingsolutions.ca\/en\/wp-json\/wp\/v2\/pages\/6079\/revisions\/6627"}],"wp:attachment":[{"href":"https:\/\/www.smartparkingsolutions.ca\/en\/wp-json\/wp\/v2\/media?parent=6079"}],"curies":[{"name":"wp","href":"https:\/\/api.w.org\/{rel}","templated":true}]}}