{"id":5184,"date":"2021-12-14T16:17:44","date_gmt":"2021-12-14T15:17:44","guid":{"rendered":"https:\/\/xnbrocx.cluster031.hosting.ovh.net\/?page_id=5184"},"modified":"2022-02-08T17:18:28","modified_gmt":"2022-02-08T16:18:28","slug":"assistance-continue-aux-utilisateurs","status":"publish","type":"page","link":"https:\/\/www.smartparkingsolutions.ca\/en\/assistance-continue-aux-utilisateurs\/","title":{"rendered":"Continuous user support"},"content":{"rendered":"<div data-elementor-type=\"wp-page\" data-elementor-id=\"5184\" class=\"elementor elementor-5184\" data-elementor-post-type=\"page\">\n\t\t\t\t\t\t<section class=\"elementor-section elementor-top-section elementor-element elementor-element-f3ef7a6 ot-traditional elementor-section-boxed elementor-section-height-default elementor-section-height-default\" data-id=\"f3ef7a6\" data-element_type=\"section\" data-e-type=\"section\" data-settings=\"{&quot;background_background&quot;:&quot;classic&quot;}\">\n\t\t\t\t\t\t<div class=\"elementor-container elementor-column-gap-extended\">\n\t\t\t\t\t<div class=\"elementor-column elementor-col-50 elementor-top-column elementor-element elementor-element-ca5249e elementor-hidden-tablet elementor-hidden-phone ot-flex-column-vertical\" data-id=\"ca5249e\" data-element_type=\"column\" data-e-type=\"column\">\n\t\t\t<div class=\"elementor-widget-wrap elementor-element-populated\">\n\t\t\t\t\t\t<div class=\"elementor-element elementor-element-e32eabb elementor-hidden-tablet elementor-widget elementor-widget-image\" data-id=\"e32eabb\" data-element_type=\"widget\" data-e-type=\"widget\" data-widget_type=\"image.default\">\n\t\t\t\t<div class=\"elementor-widget-container\">\n\t\t\t\t\t\t\t\t\t\t\t\t\t\t\t<img fetchpriority=\"high\" decoding=\"async\" width=\"641\" height=\"493\" src=\"https:\/\/www.smartparkingsolutions.ca\/wp-content\/uploads\/2021\/12\/communication.png\" class=\"attachment-full size-full wp-image-5661\" alt=\"\" srcset=\"https:\/\/www.smartparkingsolutions.ca\/wp-content\/uploads\/2021\/12\/communication.png 641w, https:\/\/www.smartparkingsolutions.ca\/wp-content\/uploads\/2021\/12\/communication-300x231.png 300w\" sizes=\"(max-width: 641px) 100vw, 641px\" \/>\t\t\t\t\t\t\t\t\t\t\t\t\t\t\t<\/div>\n\t\t\t\t<\/div>\n\t\t\t\t\t<\/div>\n\t\t<\/div>\n\t\t\t\t<div class=\"elementor-column elementor-col-50 elementor-top-column elementor-element elementor-element-dcb155e ot-flex-column-vertical\" data-id=\"dcb155e\" data-element_type=\"column\" data-e-type=\"column\">\n\t\t\t<div class=\"elementor-widget-wrap elementor-element-populated\">\n\t\t\t\t\t\t<div class=\"elementor-element elementor-element-8e76856 elementor-widget elementor-widget-iheading\" data-id=\"8e76856\" data-element_type=\"widget\" data-e-type=\"widget\" data-widget_type=\"iheading.default\">\n\t\t\t\t<div class=\"elementor-widget-container\">\n\t\t\t\t\t\t\t<div class=\"ot-heading\">\r\n\t        <h2 class=\"main-heading\">Continuous user support<\/h2>\t    <\/div>\r\n\t    \t\t\t\t<\/div>\n\t\t\t\t<\/div>\n\t\t\t\t<div class=\"elementor-element elementor-element-1cde9c9 elementor-widget elementor-widget-text-editor\" data-id=\"1cde9c9\" data-element_type=\"widget\" data-e-type=\"widget\" data-widget_type=\"text-editor.default\">\n\t\t\t\t<div class=\"elementor-widget-container\">\n\t\t\t\t\t\t\t\t\t<p>M\u00eame les clients de nos clients ont besoin d&rsquo;un soutien concret h 24.<br \/>Nous sommes en mesure de le fournir. Le personnel de notre r\u00e9gie, exp\u00e9riment\u00e9 et comp\u00e9tent, r\u00e9pond en temps r\u00e9el aux demandes des utilisateurs des parkings et sait faire face \u00e0 tout type d&rsquo;urgence.<br \/>Ce service de haute qualit\u00e9 est le v\u00e9ritable fleuron de la gamme d\u00e9j\u00e0 large de nos services: le haut degr\u00e9 de satisfaction des utilisateurs correspond \u00e0 une croissance naturelle de l&rsquo;activit\u00e9 et \u00e0 un meilleur rendement financier.<\/p>\t\t\t\t\t\t\t\t<\/div>\n\t\t\t\t<\/div>\n\t\t\t\t<div class=\"elementor-element elementor-element-5a3ee99 elementor-hidden-desktop elementor-widget elementor-widget-image\" data-id=\"5a3ee99\" data-element_type=\"widget\" data-e-type=\"widget\" data-widget_type=\"image.default\">\n\t\t\t\t<div class=\"elementor-widget-container\">\n\t\t\t\t\t\t\t\t\t\t\t\t\t\t\t<img fetchpriority=\"high\" decoding=\"async\" width=\"641\" height=\"493\" src=\"https:\/\/www.smartparkingsolutions.ca\/wp-content\/uploads\/2021\/12\/communication.png\" class=\"attachment-full size-full wp-image-5661\" alt=\"\" srcset=\"https:\/\/www.smartparkingsolutions.ca\/wp-content\/uploads\/2021\/12\/communication.png 641w, https:\/\/www.smartparkingsolutions.ca\/wp-content\/uploads\/2021\/12\/communication-300x231.png 300w\" sizes=\"(max-width: 641px) 100vw, 641px\" \/>\t\t\t\t\t\t\t\t\t\t\t\t\t\t\t<\/div>\n\t\t\t\t<\/div>\n\t\t\t\t\t<\/div>\n\t\t<\/div>\n\t\t\t\t\t<\/div>\n\t\t<\/section>\n\t\t\t\t<section class=\"elementor-section elementor-top-section elementor-element elementor-element-4ada2af ot-traditional elementor-section-boxed elementor-section-height-default elementor-section-height-default\" data-id=\"4ada2af\" data-element_type=\"section\" data-e-type=\"section\">\n\t\t\t\t\t\t<div class=\"elementor-container elementor-column-gap-default\">\n\t\t\t\t\t<div class=\"elementor-column elementor-col-100 elementor-top-column elementor-element elementor-element-25e3586 ot-flex-column-vertical\" data-id=\"25e3586\" data-element_type=\"column\" data-e-type=\"column\">\n\t\t\t<div class=\"elementor-widget-wrap elementor-element-populated\">\n\t\t\t\t\t\t<div class=\"elementor-element elementor-element-79c4b22 elementor-widget elementor-widget-heading\" data-id=\"79c4b22\" data-element_type=\"widget\" data-e-type=\"widget\" data-widget_type=\"heading.default\">\n\t\t\t\t<div class=\"elementor-widget-container\">\n\t\t\t\t\t<h2 class=\"elementor-heading-title elementor-size-default\">On vise :<\/h2>\t\t\t\t<\/div>\n\t\t\t\t<\/div>\n\t\t\t\t\t<\/div>\n\t\t<\/div>\n\t\t\t\t\t<\/div>\n\t\t<\/section>\n\t\t\t\t<section class=\"elementor-section elementor-top-section elementor-element elementor-element-d129862 ot-traditional elementor-section-boxed elementor-section-height-default elementor-section-height-default\" data-id=\"d129862\" data-element_type=\"section\" data-e-type=\"section\">\n\t\t\t\t\t\t<div class=\"elementor-container elementor-column-gap-extended\">\n\t\t\t\t\t<div class=\"elementor-column elementor-col-33 elementor-top-column elementor-element elementor-element-e65f948 ot-flex-column-vertical\" data-id=\"e65f948\" data-element_type=\"column\" data-e-type=\"column\">\n\t\t\t<div class=\"elementor-widget-wrap elementor-element-populated\">\n\t\t\t\t\t\t<div class=\"elementor-element elementor-element-e41dcfa elementor-widget elementor-widget-iservice_box\" data-id=\"e41dcfa\" data-element_type=\"widget\" data-e-type=\"widget\" data-widget_type=\"iservice_box.default\">\n\t\t\t\t<div class=\"elementor-widget-container\">\n\t\t\t\t\t\r\n\t\t<div class=\"service-box s-box\">\r\n\t\t\t<span class=\"big-number\">01<\/span>\r\n\t\t\t<div class=\"icon-main\">\r\n\t\t        \t\t\t    \t\t        <span class=\"flaticon-correct\"><\/span>\t        <\/div>\r\n\t        <div class=\"content-box\">\r\n\t            <h5>SOUTIEN CONTINU<\/h5>\r\n\t            <p>et pratique pour les utilisateurs gr\u00e2ce au service Help Desk, actif 24\/7\n<\/p>\r\n\t        <\/div>\r\n\t    <\/div>\r\n\r\n\t    \t\t\t\t<\/div>\n\t\t\t\t<\/div>\n\t\t\t\t\t<\/div>\n\t\t<\/div>\n\t\t\t\t<div class=\"elementor-column elementor-col-33 elementor-top-column elementor-element elementor-element-c5df138 ot-flex-column-vertical\" data-id=\"c5df138\" data-element_type=\"column\" data-e-type=\"column\">\n\t\t\t<div class=\"elementor-widget-wrap elementor-element-populated\">\n\t\t\t\t\t\t<div class=\"elementor-element elementor-element-c625dfc elementor-widget elementor-widget-iservice_box\" data-id=\"c625dfc\" data-element_type=\"widget\" data-e-type=\"widget\" data-widget_type=\"iservice_box.default\">\n\t\t\t\t<div class=\"elementor-widget-container\">\n\t\t\t\t\t\r\n\t\t<div class=\"service-box s-box\">\r\n\t\t\t<span class=\"big-number\">02<\/span>\r\n\t\t\t<div class=\"icon-main\">\r\n\t\t        \t\t\t    \t\t        <span class=\"flaticon-correct\"><\/span>\t        <\/div>\r\n\t        <div class=\"content-box\">\r\n\t            <h5>RETOUR FINANCIER <\/h5>\r\n\t            <p>garantie par l'autre et niveau constant de satisfaction des utilisateurs<\/p>\r\n\t        <\/div>\r\n\t    <\/div>\r\n\r\n\t    \t\t\t\t<\/div>\n\t\t\t\t<\/div>\n\t\t\t\t\t<\/div>\n\t\t<\/div>\n\t\t\t\t<div class=\"elementor-column elementor-col-33 elementor-top-column elementor-element elementor-element-fae08ff ot-flex-column-vertical\" data-id=\"fae08ff\" data-element_type=\"column\" data-e-type=\"column\">\n\t\t\t<div class=\"elementor-widget-wrap elementor-element-populated\">\n\t\t\t\t\t\t<div class=\"elementor-element elementor-element-6bac56a elementor-widget elementor-widget-iservice_box\" data-id=\"6bac56a\" data-element_type=\"widget\" data-e-type=\"widget\" data-widget_type=\"iservice_box.default\">\n\t\t\t\t<div class=\"elementor-widget-container\">\n\t\t\t\t\t\r\n\t\t<div class=\"service-box s-box\">\r\n\t\t\t<span class=\"big-number\">03<\/span>\r\n\t\t\t<div class=\"icon-main\">\r\n\t\t        \t\t\t    \t\t        <span class=\"flaticon-correct\"><\/span>\t        <\/div>\r\n\t        <div class=\"content-box\">\r\n\t            <h5>PERSONNEL FORM\u00c9<\/h5>\r\n\t            <p>capable de r\u00e9pondre \u00e0 tous les besoins\n<br>\n\n<br><\/p>\r\n\t        <\/div>\r\n\t    <\/div>\r\n\r\n\t    \t\t\t\t<\/div>\n\t\t\t\t<\/div>\n\t\t\t\t\t<\/div>\n\t\t<\/div>\n\t\t\t\t\t<\/div>\n\t\t<\/section>\n\t\t\t\t<section class=\"elementor-section elementor-top-section elementor-element elementor-element-73d449f ot-traditional elementor-section-boxed elementor-section-height-default elementor-section-height-default\" data-id=\"73d449f\" data-element_type=\"section\" data-e-type=\"section\">\n\t\t\t\t\t\t<div class=\"elementor-container elementor-column-gap-default\">\n\t\t\t\t\t<div class=\"elementor-column elementor-col-100 elementor-top-column elementor-element elementor-element-11a1156 ot-flex-column-vertical\" data-id=\"11a1156\" data-element_type=\"column\" data-e-type=\"column\">\n\t\t\t<div class=\"elementor-widget-wrap elementor-element-populated\">\n\t\t\t\t\t\t<div class=\"elementor-element elementor-element-6dedab5 elementor-view-stacked elementor-shape-square elementor-widget__width-auto elementor-fixed elementor-hidden-tablet elementor-hidden-mobile elementor-widget elementor-widget-icon\" data-id=\"6dedab5\" data-element_type=\"widget\" data-e-type=\"widget\" data-settings=\"{&quot;_position&quot;:&quot;fixed&quot;}\" data-widget_type=\"icon.default\">\n\t\t\t\t<div class=\"elementor-widget-container\">\n\t\t\t\t\t\t\t<div class=\"elementor-icon-wrapper\">\n\t\t\t<a class=\"elementor-icon\" href=\"mailto:sales@smartparkingsolutions.ca\">\n\t\t\t<i aria-hidden=\"true\" class=\"far fa-envelope\"><\/i>\t\t\t<\/a>\n\t\t<\/div>\n\t\t\t\t\t\t<\/div>\n\t\t\t\t<\/div>\n\t\t\t\t\t<\/div>\n\t\t<\/div>\n\t\t\t\t\t<\/div>\n\t\t<\/section>\n\t\t\t\t<\/div>","protected":false},"excerpt":{"rendered":"<p>Assistance continue aux utilisateurs M\u00eame les clients de nos clients ont besoin d&rsquo;un soutien concret h 24.Nous sommes en mesure de le fournir. Le personnel de notre r\u00e9gie, exp\u00e9riment\u00e9 et comp\u00e9tent, r\u00e9pond en temps r\u00e9el aux demandes des utilisateurs des parkings et sait faire face \u00e0 tout type d&rsquo;urgence.Ce service de haute qualit\u00e9 est le [&hellip;]<\/p>","protected":false},"author":2,"featured_media":0,"parent":0,"menu_order":0,"comment_status":"closed","ping_status":"closed","template":"","meta":{"footnotes":""},"class_list":["post-5184","page","type-page","status-publish","hentry"],"yoast_head":"<!-- This site is optimized with the Yoast SEO plugin v26.3 - https:\/\/yoast.com\/wordpress\/plugins\/seo\/ -->\n<title>Assistance continue aux utilisateurs - Smart Parking Solutions Inc.<\/title>\n<meta name=\"robots\" content=\"index, follow, max-snippet:-1, max-image-preview:large, max-video-preview:-1\" \/>\n<link rel=\"canonical\" href=\"https:\/\/www.smartparkingsolutions.ca\/en\/assistance-continue-aux-utilisateurs\/\" \/>\n<meta property=\"og:locale\" content=\"en_GB\" \/>\n<meta property=\"og:type\" content=\"article\" \/>\n<meta property=\"og:title\" content=\"Assistance continue aux utilisateurs - Smart Parking Solutions Inc.\" \/>\n<meta property=\"og:description\" content=\"Assistance continue aux utilisateurs M\u00eame les clients de nos clients ont besoin d&rsquo;un soutien concret h 24.Nous sommes en mesure de le fournir. Le personnel de notre r\u00e9gie, exp\u00e9riment\u00e9 et comp\u00e9tent, r\u00e9pond en temps r\u00e9el aux demandes des utilisateurs des parkings et sait faire face \u00e0 tout type d&rsquo;urgence.Ce service de haute qualit\u00e9 est le [&hellip;]\" \/>\n<meta property=\"og:url\" content=\"https:\/\/www.smartparkingsolutions.ca\/en\/assistance-continue-aux-utilisateurs\/\" \/>\n<meta property=\"og:site_name\" content=\"Smart Parking Solutions Inc.\" \/>\n<meta property=\"article:modified_time\" content=\"2022-02-08T16:18:28+00:00\" \/>\n<meta property=\"og:image\" content=\"https:\/\/www.smartparkingsolutions.ca\/wp-content\/uploads\/2021\/12\/communication.png\" \/>\n<meta name=\"twitter:card\" content=\"summary_large_image\" \/>\n<meta name=\"twitter:label1\" content=\"Estimated reading time\" \/>\n\t<meta name=\"twitter:data1\" content=\"2 minutes\" \/>\n<script type=\"application\/ld+json\" class=\"yoast-schema-graph\">{\"@context\":\"https:\/\/schema.org\",\"@graph\":[{\"@type\":\"WebPage\",\"@id\":\"https:\/\/www.smartparkingsolutions.ca\/en\/assistance-continue-aux-utilisateurs\/\",\"url\":\"https:\/\/www.smartparkingsolutions.ca\/en\/assistance-continue-aux-utilisateurs\/\",\"name\":\"Assistance continue aux utilisateurs - Smart Parking Solutions Inc.\",\"isPartOf\":{\"@id\":\"https:\/\/www.smartparkingsolutions.ca\/#website\"},\"primaryImageOfPage\":{\"@id\":\"https:\/\/www.smartparkingsolutions.ca\/en\/assistance-continue-aux-utilisateurs\/#primaryimage\"},\"image\":{\"@id\":\"https:\/\/www.smartparkingsolutions.ca\/en\/assistance-continue-aux-utilisateurs\/#primaryimage\"},\"thumbnailUrl\":\"https:\/\/www.smartparkingsolutions.ca\/wp-content\/uploads\/2021\/12\/communication.png\",\"datePublished\":\"2021-12-14T15:17:44+00:00\",\"dateModified\":\"2022-02-08T16:18:28+00:00\",\"breadcrumb\":{\"@id\":\"https:\/\/www.smartparkingsolutions.ca\/en\/assistance-continue-aux-utilisateurs\/#breadcrumb\"},\"inLanguage\":\"en-GB\",\"potentialAction\":[{\"@type\":\"ReadAction\",\"target\":[\"https:\/\/www.smartparkingsolutions.ca\/en\/assistance-continue-aux-utilisateurs\/\"]}]},{\"@type\":\"ImageObject\",\"inLanguage\":\"en-GB\",\"@id\":\"https:\/\/www.smartparkingsolutions.ca\/en\/assistance-continue-aux-utilisateurs\/#primaryimage\",\"url\":\"https:\/\/www.smartparkingsolutions.ca\/wp-content\/uploads\/2021\/12\/communication.png\",\"contentUrl\":\"https:\/\/www.smartparkingsolutions.ca\/wp-content\/uploads\/2021\/12\/communication.png\"},{\"@type\":\"BreadcrumbList\",\"@id\":\"https:\/\/www.smartparkingsolutions.ca\/en\/assistance-continue-aux-utilisateurs\/#breadcrumb\",\"itemListElement\":[{\"@type\":\"ListItem\",\"position\":1,\"name\":\"Accueil\",\"item\":\"https:\/\/www.smartparkingsolutions.ca\/\"},{\"@type\":\"ListItem\",\"position\":2,\"name\":\"Assistance continue aux utilisateurs\"}]},{\"@type\":\"WebSite\",\"@id\":\"https:\/\/www.smartparkingsolutions.ca\/#website\",\"url\":\"https:\/\/www.smartparkingsolutions.ca\/\",\"name\":\"Smart Parking Solutions Inc.\",\"description\":\"\",\"potentialAction\":[{\"@type\":\"SearchAction\",\"target\":{\"@type\":\"EntryPoint\",\"urlTemplate\":\"https:\/\/www.smartparkingsolutions.ca\/?s={search_term_string}\"},\"query-input\":{\"@type\":\"PropertyValueSpecification\",\"valueRequired\":true,\"valueName\":\"search_term_string\"}}],\"inLanguage\":\"en-GB\"}]}<\/script>\n<!-- \/ Yoast SEO plugin. -->","yoast_head_json":{"title":"Assistance continue aux utilisateurs - Smart Parking Solutions Inc.","robots":{"index":"index","follow":"follow","max-snippet":"max-snippet:-1","max-image-preview":"max-image-preview:large","max-video-preview":"max-video-preview:-1"},"canonical":"https:\/\/www.smartparkingsolutions.ca\/en\/assistance-continue-aux-utilisateurs\/","og_locale":"en_GB","og_type":"article","og_title":"Assistance continue aux utilisateurs - Smart Parking Solutions Inc.","og_description":"Assistance continue aux utilisateurs M\u00eame les clients de nos clients ont besoin d&rsquo;un soutien concret h 24.Nous sommes en mesure de le fournir. Le personnel de notre r\u00e9gie, exp\u00e9riment\u00e9 et comp\u00e9tent, r\u00e9pond en temps r\u00e9el aux demandes des utilisateurs des parkings et sait faire face \u00e0 tout type d&rsquo;urgence.Ce service de haute qualit\u00e9 est le [&hellip;]","og_url":"https:\/\/www.smartparkingsolutions.ca\/en\/assistance-continue-aux-utilisateurs\/","og_site_name":"Smart Parking Solutions Inc.","article_modified_time":"2022-02-08T16:18:28+00:00","og_image":[{"url":"https:\/\/www.smartparkingsolutions.ca\/wp-content\/uploads\/2021\/12\/communication.png","type":"","width":"","height":""}],"twitter_card":"summary_large_image","twitter_misc":{"Estimated reading time":"2 minutes"},"schema":{"@context":"https:\/\/schema.org","@graph":[{"@type":"WebPage","@id":"https:\/\/www.smartparkingsolutions.ca\/en\/assistance-continue-aux-utilisateurs\/","url":"https:\/\/www.smartparkingsolutions.ca\/en\/assistance-continue-aux-utilisateurs\/","name":"Assistance continue aux utilisateurs - Smart Parking Solutions Inc.","isPartOf":{"@id":"https:\/\/www.smartparkingsolutions.ca\/#website"},"primaryImageOfPage":{"@id":"https:\/\/www.smartparkingsolutions.ca\/en\/assistance-continue-aux-utilisateurs\/#primaryimage"},"image":{"@id":"https:\/\/www.smartparkingsolutions.ca\/en\/assistance-continue-aux-utilisateurs\/#primaryimage"},"thumbnailUrl":"https:\/\/www.smartparkingsolutions.ca\/wp-content\/uploads\/2021\/12\/communication.png","datePublished":"2021-12-14T15:17:44+00:00","dateModified":"2022-02-08T16:18:28+00:00","breadcrumb":{"@id":"https:\/\/www.smartparkingsolutions.ca\/en\/assistance-continue-aux-utilisateurs\/#breadcrumb"},"inLanguage":"en-GB","potentialAction":[{"@type":"ReadAction","target":["https:\/\/www.smartparkingsolutions.ca\/en\/assistance-continue-aux-utilisateurs\/"]}]},{"@type":"ImageObject","inLanguage":"en-GB","@id":"https:\/\/www.smartparkingsolutions.ca\/en\/assistance-continue-aux-utilisateurs\/#primaryimage","url":"https:\/\/www.smartparkingsolutions.ca\/wp-content\/uploads\/2021\/12\/communication.png","contentUrl":"https:\/\/www.smartparkingsolutions.ca\/wp-content\/uploads\/2021\/12\/communication.png"},{"@type":"BreadcrumbList","@id":"https:\/\/www.smartparkingsolutions.ca\/en\/assistance-continue-aux-utilisateurs\/#breadcrumb","itemListElement":[{"@type":"ListItem","position":1,"name":"Accueil","item":"https:\/\/www.smartparkingsolutions.ca\/"},{"@type":"ListItem","position":2,"name":"Assistance continue aux utilisateurs"}]},{"@type":"WebSite","@id":"https:\/\/www.smartparkingsolutions.ca\/#website","url":"https:\/\/www.smartparkingsolutions.ca\/","name":"Smart Parking Solutions Inc.","description":"","potentialAction":[{"@type":"SearchAction","target":{"@type":"EntryPoint","urlTemplate":"https:\/\/www.smartparkingsolutions.ca\/?s={search_term_string}"},"query-input":{"@type":"PropertyValueSpecification","valueRequired":true,"valueName":"search_term_string"}}],"inLanguage":"en-GB"}]}},"_links":{"self":[{"href":"https:\/\/www.smartparkingsolutions.ca\/en\/wp-json\/wp\/v2\/pages\/5184","targetHints":{"allow":["GET"]}}],"collection":[{"href":"https:\/\/www.smartparkingsolutions.ca\/en\/wp-json\/wp\/v2\/pages"}],"about":[{"href":"https:\/\/www.smartparkingsolutions.ca\/en\/wp-json\/wp\/v2\/types\/page"}],"author":[{"embeddable":true,"href":"https:\/\/www.smartparkingsolutions.ca\/en\/wp-json\/wp\/v2\/users\/2"}],"replies":[{"embeddable":true,"href":"https:\/\/www.smartparkingsolutions.ca\/en\/wp-json\/wp\/v2\/comments?post=5184"}],"version-history":[{"count":20,"href":"https:\/\/www.smartparkingsolutions.ca\/en\/wp-json\/wp\/v2\/pages\/5184\/revisions"}],"predecessor-version":[{"id":5939,"href":"https:\/\/www.smartparkingsolutions.ca\/en\/wp-json\/wp\/v2\/pages\/5184\/revisions\/5939"}],"wp:attachment":[{"href":"https:\/\/www.smartparkingsolutions.ca\/en\/wp-json\/wp\/v2\/media?parent=5184"}],"curies":[{"name":"wp","href":"https:\/\/api.w.org\/{rel}","templated":true}]}}