{"id":5182,"date":"2021-12-14T16:17:11","date_gmt":"2021-12-14T15:17:11","guid":{"rendered":"https:\/\/xnbrocx.cluster031.hosting.ovh.net\/?page_id=5182"},"modified":"2022-02-08T17:21:40","modified_gmt":"2022-02-08T16:21:40","slug":"entretien-des-espaces-verts","status":"publish","type":"page","link":"https:\/\/www.smartparkingsolutions.ca\/en\/entretien-des-espaces-verts\/","title":{"rendered":"Entretien des espaces verts"},"content":{"rendered":"<div data-elementor-type=\"wp-page\" data-elementor-id=\"5182\" class=\"elementor elementor-5182\" data-elementor-post-type=\"page\">\n\t\t\t\t\t\t<section class=\"elementor-section elementor-top-section elementor-element elementor-element-ae2bf87 ot-traditional elementor-section-boxed elementor-section-height-default elementor-section-height-default\" data-id=\"ae2bf87\" data-element_type=\"section\" data-e-type=\"section\" data-settings=\"{&quot;background_background&quot;:&quot;classic&quot;}\">\n\t\t\t\t\t\t<div class=\"elementor-container elementor-column-gap-extended\">\n\t\t\t\t\t<div class=\"elementor-column elementor-col-50 elementor-top-column elementor-element elementor-element-a45c3e2 elementor-hidden-tablet elementor-hidden-phone ot-flex-column-vertical\" data-id=\"a45c3e2\" data-element_type=\"column\" data-e-type=\"column\">\n\t\t\t<div class=\"elementor-widget-wrap elementor-element-populated\">\n\t\t\t\t\t\t<div class=\"elementor-element elementor-element-b254a17 elementor-hidden-tablet elementor-widget elementor-widget-image\" data-id=\"b254a17\" data-element_type=\"widget\" data-e-type=\"widget\" data-widget_type=\"image.default\">\n\t\t\t\t<div class=\"elementor-widget-container\">\n\t\t\t\t\t\t\t\t\t\t\t\t\t\t\t<img fetchpriority=\"high\" decoding=\"async\" width=\"641\" height=\"493\" src=\"https:\/\/www.smartparkingsolutions.ca\/wp-content\/uploads\/2021\/12\/espace-vert.png\" class=\"attachment-full size-full wp-image-5649\" alt=\"\" srcset=\"https:\/\/www.smartparkingsolutions.ca\/wp-content\/uploads\/2021\/12\/espace-vert.png 641w, https:\/\/www.smartparkingsolutions.ca\/wp-content\/uploads\/2021\/12\/espace-vert-300x231.png 300w\" sizes=\"(max-width: 641px) 100vw, 641px\" \/>\t\t\t\t\t\t\t\t\t\t\t\t\t\t\t<\/div>\n\t\t\t\t<\/div>\n\t\t\t\t\t<\/div>\n\t\t<\/div>\n\t\t\t\t<div class=\"elementor-column elementor-col-50 elementor-top-column elementor-element elementor-element-aa45a57 ot-flex-column-vertical\" data-id=\"aa45a57\" data-element_type=\"column\" data-e-type=\"column\">\n\t\t\t<div class=\"elementor-widget-wrap elementor-element-populated\">\n\t\t\t\t\t\t<div class=\"elementor-element elementor-element-9b76250 elementor-widget elementor-widget-iheading\" data-id=\"9b76250\" data-element_type=\"widget\" data-e-type=\"widget\" data-widget_type=\"iheading.default\">\n\t\t\t\t<div class=\"elementor-widget-container\">\n\t\t\t\t\t\t\t<div class=\"ot-heading\">\r\n\t        <h2 class=\"main-heading\">Entretien des espaces verts<\/h2>\t    <\/div>\r\n\t    \t\t\t\t<\/div>\n\t\t\t\t<\/div>\n\t\t\t\t<div class=\"elementor-element elementor-element-3e00f01 elementor-widget elementor-widget-text-editor\" data-id=\"3e00f01\" data-element_type=\"widget\" data-e-type=\"widget\" data-widget_type=\"text-editor.default\">\n\t\t\t\t<div class=\"elementor-widget-container\">\n\t\t\t\t\t\t\t\t\t<p>Prendre soin de l&rsquo;apparence d&rsquo;un parking est important.<br \/>Notre service de maintenance en fait un point fort et est capable de rendre votre stationnement diff\u00e9rent de tous les autres.<br \/>Une aire de repos doit \u00eatre bien organis\u00e9e, confortable et propre, pour sugg\u00e9rer \u00e0 l&rsquo;utilisateur l&rsquo;id\u00e9e d&rsquo;un lieu efficace et s\u00fbr.<br \/>L&rsquo;utilisateur sera donc incit\u00e9 \u00e0 revenir, et \u00e0 s&rsquo;identifier \u00e0 l&rsquo;espace propre et bien entretenu.<br \/>Gr\u00e2ce \u00e0 des syst\u00e8mes de surveillance toujours actifs, nous nous occupons de tout: maintenance, nettoyage, s\u00e9curit\u00e9.<\/p>\t\t\t\t\t\t\t\t<\/div>\n\t\t\t\t<\/div>\n\t\t\t\t<div class=\"elementor-element elementor-element-065b374 elementor-hidden-desktop elementor-widget elementor-widget-image\" data-id=\"065b374\" data-element_type=\"widget\" data-e-type=\"widget\" data-widget_type=\"image.default\">\n\t\t\t\t<div class=\"elementor-widget-container\">\n\t\t\t\t\t\t\t\t\t\t\t\t\t\t\t<img fetchpriority=\"high\" decoding=\"async\" width=\"641\" height=\"493\" src=\"https:\/\/www.smartparkingsolutions.ca\/wp-content\/uploads\/2021\/12\/espace-vert.png\" class=\"attachment-full size-full wp-image-5649\" alt=\"\" srcset=\"https:\/\/www.smartparkingsolutions.ca\/wp-content\/uploads\/2021\/12\/espace-vert.png 641w, https:\/\/www.smartparkingsolutions.ca\/wp-content\/uploads\/2021\/12\/espace-vert-300x231.png 300w\" sizes=\"(max-width: 641px) 100vw, 641px\" \/>\t\t\t\t\t\t\t\t\t\t\t\t\t\t\t<\/div>\n\t\t\t\t<\/div>\n\t\t\t\t\t<\/div>\n\t\t<\/div>\n\t\t\t\t\t<\/div>\n\t\t<\/section>\n\t\t\t\t<section class=\"elementor-section elementor-top-section elementor-element elementor-element-78ef92f ot-traditional elementor-section-boxed elementor-section-height-default elementor-section-height-default\" data-id=\"78ef92f\" data-element_type=\"section\" data-e-type=\"section\">\n\t\t\t\t\t\t<div class=\"elementor-container elementor-column-gap-default\">\n\t\t\t\t\t<div class=\"elementor-column elementor-col-100 elementor-top-column elementor-element elementor-element-1702435 ot-flex-column-vertical\" data-id=\"1702435\" data-element_type=\"column\" data-e-type=\"column\">\n\t\t\t<div class=\"elementor-widget-wrap elementor-element-populated\">\n\t\t\t\t\t\t<div class=\"elementor-element elementor-element-3719a2b elementor-widget elementor-widget-heading\" data-id=\"3719a2b\" data-element_type=\"widget\" data-e-type=\"widget\" data-widget_type=\"heading.default\">\n\t\t\t\t<div class=\"elementor-widget-container\">\n\t\t\t\t\t<h2 class=\"elementor-heading-title elementor-size-default\">On vise :<\/h2>\t\t\t\t<\/div>\n\t\t\t\t<\/div>\n\t\t\t\t\t<\/div>\n\t\t<\/div>\n\t\t\t\t\t<\/div>\n\t\t<\/section>\n\t\t\t\t<section class=\"elementor-section elementor-top-section elementor-element elementor-element-2099bf5 ot-traditional elementor-section-boxed elementor-section-height-default elementor-section-height-default\" data-id=\"2099bf5\" data-element_type=\"section\" data-e-type=\"section\">\n\t\t\t\t\t\t<div class=\"elementor-container elementor-column-gap-extended\">\n\t\t\t\t\t<div class=\"elementor-column elementor-col-50 elementor-top-column elementor-element elementor-element-d93bdfe ot-flex-column-vertical\" data-id=\"d93bdfe\" data-element_type=\"column\" data-e-type=\"column\">\n\t\t\t<div class=\"elementor-widget-wrap elementor-element-populated\">\n\t\t\t\t\t\t<div class=\"elementor-element elementor-element-535fa35 elementor-widget elementor-widget-iservice_box\" data-id=\"535fa35\" data-element_type=\"widget\" data-e-type=\"widget\" data-widget_type=\"iservice_box.default\">\n\t\t\t\t<div class=\"elementor-widget-container\">\n\t\t\t\t\t\r\n\t\t<div class=\"service-box s-box\">\r\n\t\t\t<span class=\"big-number\">01<\/span>\r\n\t\t\t<div class=\"icon-main\">\r\n\t\t        \t\t\t    \t\t        <span class=\"flaticon-correct\"><\/span>\t        <\/div>\r\n\t        <div class=\"content-box\">\r\n\t            <h5>ENTRETIEN<\/h5>\r\n\t            <p>des espaces verts du parking <\/p>\r\n\t        <\/div>\r\n\t    <\/div>\r\n\r\n\t    \t\t\t\t<\/div>\n\t\t\t\t<\/div>\n\t\t\t\t\t<\/div>\n\t\t<\/div>\n\t\t\t\t<div class=\"elementor-column elementor-col-50 elementor-top-column elementor-element elementor-element-722175f ot-flex-column-vertical\" data-id=\"722175f\" data-element_type=\"column\" data-e-type=\"column\">\n\t\t\t<div class=\"elementor-widget-wrap elementor-element-populated\">\n\t\t\t\t\t\t<div class=\"elementor-element elementor-element-1a29da7 elementor-widget elementor-widget-iservice_box\" data-id=\"1a29da7\" data-element_type=\"widget\" data-e-type=\"widget\" data-widget_type=\"iservice_box.default\">\n\t\t\t\t<div class=\"elementor-widget-container\">\n\t\t\t\t\t\r\n\t\t<div class=\"service-box s-box\">\r\n\t\t\t<span class=\"big-number\">02<\/span>\r\n\t\t\t<div class=\"icon-main\">\r\n\t\t        \t\t\t    \t\t        <span class=\"flaticon-correct\"><\/span>\t        <\/div>\r\n\t        <div class=\"content-box\">\r\n\t            <h5>SOIN DE LA ZONE<\/h5>\r\n\t            <p>comme facteur distinctif<\/p>\r\n\t        <\/div>\r\n\t    <\/div>\r\n\r\n\t    \t\t\t\t<\/div>\n\t\t\t\t<\/div>\n\t\t\t\t\t<\/div>\n\t\t<\/div>\n\t\t\t\t\t<\/div>\n\t\t<\/section>\n\t\t\t\t<section class=\"elementor-section elementor-top-section elementor-element elementor-element-f4f6961 ot-traditional elementor-section-boxed elementor-section-height-default elementor-section-height-default\" data-id=\"f4f6961\" data-element_type=\"section\" data-e-type=\"section\">\n\t\t\t\t\t\t<div class=\"elementor-container elementor-column-gap-default\">\n\t\t\t\t\t<div class=\"elementor-column elementor-col-100 elementor-top-column elementor-element elementor-element-9e941fc ot-flex-column-vertical\" data-id=\"9e941fc\" data-element_type=\"column\" data-e-type=\"column\">\n\t\t\t<div class=\"elementor-widget-wrap elementor-element-populated\">\n\t\t\t\t\t\t<div class=\"elementor-element elementor-element-27fe96d elementor-view-stacked elementor-shape-square elementor-widget__width-auto elementor-fixed elementor-hidden-tablet elementor-hidden-mobile elementor-widget elementor-widget-icon\" data-id=\"27fe96d\" data-element_type=\"widget\" data-e-type=\"widget\" data-settings=\"{&quot;_position&quot;:&quot;fixed&quot;}\" data-widget_type=\"icon.default\">\n\t\t\t\t<div class=\"elementor-widget-container\">\n\t\t\t\t\t\t\t<div class=\"elementor-icon-wrapper\">\n\t\t\t<a class=\"elementor-icon\" href=\"mailto:sales@smartparkingsolutions.ca\">\n\t\t\t<i aria-hidden=\"true\" class=\"far fa-envelope\"><\/i>\t\t\t<\/a>\n\t\t<\/div>\n\t\t\t\t\t\t<\/div>\n\t\t\t\t<\/div>\n\t\t\t\t\t<\/div>\n\t\t<\/div>\n\t\t\t\t\t<\/div>\n\t\t<\/section>\n\t\t\t\t<\/div>","protected":false},"excerpt":{"rendered":"<p>Entretien des espaces verts Prendre soin de l&rsquo;apparence d&rsquo;un parking est important.Notre service de maintenance en fait un point fort et est capable de rendre votre stationnement diff\u00e9rent de tous les autres.Une aire de repos doit \u00eatre bien organis\u00e9e, confortable et propre, pour sugg\u00e9rer \u00e0 l&rsquo;utilisateur l&rsquo;id\u00e9e d&rsquo;un lieu efficace et s\u00fbr.L&rsquo;utilisateur sera donc incit\u00e9 [&hellip;]<\/p>","protected":false},"author":2,"featured_media":0,"parent":0,"menu_order":0,"comment_status":"closed","ping_status":"closed","template":"","meta":{"footnotes":""},"class_list":["post-5182","page","type-page","status-publish","hentry"],"yoast_head":"<!-- This site is optimized with the Yoast SEO plugin v26.3 - https:\/\/yoast.com\/wordpress\/plugins\/seo\/ -->\n<title>Entretien des espaces verts - Smart Parking Solutions Inc.<\/title>\n<meta name=\"robots\" content=\"index, follow, max-snippet:-1, max-image-preview:large, max-video-preview:-1\" \/>\n<link rel=\"canonical\" href=\"https:\/\/www.smartparkingsolutions.ca\/en\/entretien-des-espaces-verts\/\" \/>\n<meta property=\"og:locale\" content=\"en_GB\" \/>\n<meta property=\"og:type\" content=\"article\" \/>\n<meta property=\"og:title\" content=\"Entretien des espaces verts - Smart Parking Solutions Inc.\" \/>\n<meta property=\"og:description\" content=\"Entretien des espaces verts Prendre soin de l&rsquo;apparence d&rsquo;un parking est important.Notre service de maintenance en fait un point fort et est capable de rendre votre stationnement diff\u00e9rent de tous les autres.Une aire de repos doit \u00eatre bien organis\u00e9e, confortable et propre, pour sugg\u00e9rer \u00e0 l&rsquo;utilisateur l&rsquo;id\u00e9e d&rsquo;un lieu efficace et s\u00fbr.L&rsquo;utilisateur sera donc incit\u00e9 [&hellip;]\" \/>\n<meta property=\"og:url\" content=\"https:\/\/www.smartparkingsolutions.ca\/en\/entretien-des-espaces-verts\/\" \/>\n<meta property=\"og:site_name\" content=\"Smart Parking Solutions Inc.\" \/>\n<meta property=\"article:modified_time\" content=\"2022-02-08T16:21:40+00:00\" \/>\n<meta property=\"og:image\" content=\"https:\/\/www.smartparkingsolutions.ca\/wp-content\/uploads\/2021\/12\/espace-vert.png\" \/>\n<meta name=\"twitter:card\" content=\"summary_large_image\" \/>\n<meta name=\"twitter:label1\" content=\"Estimated reading time\" \/>\n\t<meta name=\"twitter:data1\" content=\"1 minute\" \/>\n<script type=\"application\/ld+json\" class=\"yoast-schema-graph\">{\"@context\":\"https:\/\/schema.org\",\"@graph\":[{\"@type\":\"WebPage\",\"@id\":\"https:\/\/www.smartparkingsolutions.ca\/entretien-des-espaces-verts\/\",\"url\":\"https:\/\/www.smartparkingsolutions.ca\/entretien-des-espaces-verts\/\",\"name\":\"Entretien des espaces verts - Smart Parking Solutions Inc.\",\"isPartOf\":{\"@id\":\"https:\/\/www.smartparkingsolutions.ca\/#website\"},\"primaryImageOfPage\":{\"@id\":\"https:\/\/www.smartparkingsolutions.ca\/entretien-des-espaces-verts\/#primaryimage\"},\"image\":{\"@id\":\"https:\/\/www.smartparkingsolutions.ca\/entretien-des-espaces-verts\/#primaryimage\"},\"thumbnailUrl\":\"https:\/\/www.smartparkingsolutions.ca\/wp-content\/uploads\/2021\/12\/espace-vert.png\",\"datePublished\":\"2021-12-14T15:17:11+00:00\",\"dateModified\":\"2022-02-08T16:21:40+00:00\",\"breadcrumb\":{\"@id\":\"https:\/\/www.smartparkingsolutions.ca\/entretien-des-espaces-verts\/#breadcrumb\"},\"inLanguage\":\"en-GB\",\"potentialAction\":[{\"@type\":\"ReadAction\",\"target\":[\"https:\/\/www.smartparkingsolutions.ca\/entretien-des-espaces-verts\/\"]}]},{\"@type\":\"ImageObject\",\"inLanguage\":\"en-GB\",\"@id\":\"https:\/\/www.smartparkingsolutions.ca\/entretien-des-espaces-verts\/#primaryimage\",\"url\":\"https:\/\/www.smartparkingsolutions.ca\/wp-content\/uploads\/2021\/12\/espace-vert.png\",\"contentUrl\":\"https:\/\/www.smartparkingsolutions.ca\/wp-content\/uploads\/2021\/12\/espace-vert.png\"},{\"@type\":\"BreadcrumbList\",\"@id\":\"https:\/\/www.smartparkingsolutions.ca\/entretien-des-espaces-verts\/#breadcrumb\",\"itemListElement\":[{\"@type\":\"ListItem\",\"position\":1,\"name\":\"Accueil\",\"item\":\"https:\/\/www.smartparkingsolutions.ca\/\"},{\"@type\":\"ListItem\",\"position\":2,\"name\":\"Entretien des espaces verts\"}]},{\"@type\":\"WebSite\",\"@id\":\"https:\/\/www.smartparkingsolutions.ca\/#website\",\"url\":\"https:\/\/www.smartparkingsolutions.ca\/\",\"name\":\"Smart Parking Solutions Inc.\",\"description\":\"\",\"potentialAction\":[{\"@type\":\"SearchAction\",\"target\":{\"@type\":\"EntryPoint\",\"urlTemplate\":\"https:\/\/www.smartparkingsolutions.ca\/?s={search_term_string}\"},\"query-input\":{\"@type\":\"PropertyValueSpecification\",\"valueRequired\":true,\"valueName\":\"search_term_string\"}}],\"inLanguage\":\"en-GB\"}]}<\/script>\n<!-- \/ Yoast SEO plugin. -->","yoast_head_json":{"title":"Entretien des espaces verts - Smart Parking Solutions Inc.","robots":{"index":"index","follow":"follow","max-snippet":"max-snippet:-1","max-image-preview":"max-image-preview:large","max-video-preview":"max-video-preview:-1"},"canonical":"https:\/\/www.smartparkingsolutions.ca\/en\/entretien-des-espaces-verts\/","og_locale":"en_GB","og_type":"article","og_title":"Entretien des espaces verts - Smart Parking Solutions Inc.","og_description":"Entretien des espaces verts Prendre soin de l&rsquo;apparence d&rsquo;un parking est important.Notre service de maintenance en fait un point fort et est capable de rendre votre stationnement diff\u00e9rent de tous les autres.Une aire de repos doit \u00eatre bien organis\u00e9e, confortable et propre, pour sugg\u00e9rer \u00e0 l&rsquo;utilisateur l&rsquo;id\u00e9e d&rsquo;un lieu efficace et s\u00fbr.L&rsquo;utilisateur sera donc incit\u00e9 [&hellip;]","og_url":"https:\/\/www.smartparkingsolutions.ca\/en\/entretien-des-espaces-verts\/","og_site_name":"Smart Parking Solutions Inc.","article_modified_time":"2022-02-08T16:21:40+00:00","og_image":[{"url":"https:\/\/www.smartparkingsolutions.ca\/wp-content\/uploads\/2021\/12\/espace-vert.png","type":"","width":"","height":""}],"twitter_card":"summary_large_image","twitter_misc":{"Estimated reading time":"1 minute"},"schema":{"@context":"https:\/\/schema.org","@graph":[{"@type":"WebPage","@id":"https:\/\/www.smartparkingsolutions.ca\/entretien-des-espaces-verts\/","url":"https:\/\/www.smartparkingsolutions.ca\/entretien-des-espaces-verts\/","name":"Entretien des espaces verts - Smart Parking Solutions Inc.","isPartOf":{"@id":"https:\/\/www.smartparkingsolutions.ca\/#website"},"primaryImageOfPage":{"@id":"https:\/\/www.smartparkingsolutions.ca\/entretien-des-espaces-verts\/#primaryimage"},"image":{"@id":"https:\/\/www.smartparkingsolutions.ca\/entretien-des-espaces-verts\/#primaryimage"},"thumbnailUrl":"https:\/\/www.smartparkingsolutions.ca\/wp-content\/uploads\/2021\/12\/espace-vert.png","datePublished":"2021-12-14T15:17:11+00:00","dateModified":"2022-02-08T16:21:40+00:00","breadcrumb":{"@id":"https:\/\/www.smartparkingsolutions.ca\/entretien-des-espaces-verts\/#breadcrumb"},"inLanguage":"en-GB","potentialAction":[{"@type":"ReadAction","target":["https:\/\/www.smartparkingsolutions.ca\/entretien-des-espaces-verts\/"]}]},{"@type":"ImageObject","inLanguage":"en-GB","@id":"https:\/\/www.smartparkingsolutions.ca\/entretien-des-espaces-verts\/#primaryimage","url":"https:\/\/www.smartparkingsolutions.ca\/wp-content\/uploads\/2021\/12\/espace-vert.png","contentUrl":"https:\/\/www.smartparkingsolutions.ca\/wp-content\/uploads\/2021\/12\/espace-vert.png"},{"@type":"BreadcrumbList","@id":"https:\/\/www.smartparkingsolutions.ca\/entretien-des-espaces-verts\/#breadcrumb","itemListElement":[{"@type":"ListItem","position":1,"name":"Accueil","item":"https:\/\/www.smartparkingsolutions.ca\/"},{"@type":"ListItem","position":2,"name":"Entretien des espaces verts"}]},{"@type":"WebSite","@id":"https:\/\/www.smartparkingsolutions.ca\/#website","url":"https:\/\/www.smartparkingsolutions.ca\/","name":"Smart Parking Solutions Inc.","description":"","potentialAction":[{"@type":"SearchAction","target":{"@type":"EntryPoint","urlTemplate":"https:\/\/www.smartparkingsolutions.ca\/?s={search_term_string}"},"query-input":{"@type":"PropertyValueSpecification","valueRequired":true,"valueName":"search_term_string"}}],"inLanguage":"en-GB"}]}},"_links":{"self":[{"href":"https:\/\/www.smartparkingsolutions.ca\/en\/wp-json\/wp\/v2\/pages\/5182","targetHints":{"allow":["GET"]}}],"collection":[{"href":"https:\/\/www.smartparkingsolutions.ca\/en\/wp-json\/wp\/v2\/pages"}],"about":[{"href":"https:\/\/www.smartparkingsolutions.ca\/en\/wp-json\/wp\/v2\/types\/page"}],"author":[{"embeddable":true,"href":"https:\/\/www.smartparkingsolutions.ca\/en\/wp-json\/wp\/v2\/users\/2"}],"replies":[{"embeddable":true,"href":"https:\/\/www.smartparkingsolutions.ca\/en\/wp-json\/wp\/v2\/comments?post=5182"}],"version-history":[{"count":40,"href":"https:\/\/www.smartparkingsolutions.ca\/en\/wp-json\/wp\/v2\/pages\/5182\/revisions"}],"predecessor-version":[{"id":5948,"href":"https:\/\/www.smartparkingsolutions.ca\/en\/wp-json\/wp\/v2\/pages\/5182\/revisions\/5948"}],"wp:attachment":[{"href":"https:\/\/www.smartparkingsolutions.ca\/en\/wp-json\/wp\/v2\/media?parent=5182"}],"curies":[{"name":"wp","href":"https:\/\/api.w.org\/{rel}","templated":true}]}}