{"id":5181,"date":"2021-12-14T16:17:01","date_gmt":"2021-12-14T15:17:01","guid":{"rendered":"https:\/\/xnbrocx.cluster031.hosting.ovh.net\/?page_id=5181"},"modified":"2022-02-08T17:22:46","modified_gmt":"2022-02-08T16:22:46","slug":"gestion-des-services-et-comptabilite","status":"publish","type":"page","link":"https:\/\/www.smartparkingsolutions.ca\/en\/gestion-des-services-et-comptabilite\/","title":{"rendered":"Management and Accounting Services"},"content":{"rendered":"<div data-elementor-type=\"wp-page\" data-elementor-id=\"5181\" class=\"elementor elementor-5181\" data-elementor-post-type=\"page\">\n\t\t\t\t\t\t<section class=\"elementor-section elementor-top-section elementor-element elementor-element-1e12b83 ot-traditional elementor-section-boxed elementor-section-height-default elementor-section-height-default\" data-id=\"1e12b83\" data-element_type=\"section\" data-e-type=\"section\" data-settings=\"{&quot;background_background&quot;:&quot;classic&quot;}\">\n\t\t\t\t\t\t<div class=\"elementor-container elementor-column-gap-extended\">\n\t\t\t\t\t<div class=\"elementor-column elementor-col-50 elementor-top-column elementor-element elementor-element-c318b3f elementor-hidden-tablet elementor-hidden-phone ot-flex-column-vertical\" data-id=\"c318b3f\" data-element_type=\"column\" data-e-type=\"column\">\n\t\t\t<div class=\"elementor-widget-wrap elementor-element-populated\">\n\t\t\t\t\t\t<div class=\"elementor-element elementor-element-808984b elementor-hidden-tablet elementor-widget elementor-widget-image\" data-id=\"808984b\" data-element_type=\"widget\" data-e-type=\"widget\" data-widget_type=\"image.default\">\n\t\t\t\t<div class=\"elementor-widget-container\">\n\t\t\t\t\t\t\t\t\t\t\t\t\t\t\t<img fetchpriority=\"high\" decoding=\"async\" width=\"641\" height=\"493\" src=\"https:\/\/www.smartparkingsolutions.ca\/wp-content\/uploads\/2021\/12\/comptabilite.png\" class=\"attachment-full size-full wp-image-5636\" alt=\"\" srcset=\"https:\/\/www.smartparkingsolutions.ca\/wp-content\/uploads\/2021\/12\/comptabilite.png 641w, https:\/\/www.smartparkingsolutions.ca\/wp-content\/uploads\/2021\/12\/comptabilite-300x231.png 300w\" sizes=\"(max-width: 641px) 100vw, 641px\" \/>\t\t\t\t\t\t\t\t\t\t\t\t\t\t\t<\/div>\n\t\t\t\t<\/div>\n\t\t\t\t\t<\/div>\n\t\t<\/div>\n\t\t\t\t<div class=\"elementor-column elementor-col-50 elementor-top-column elementor-element elementor-element-01ec368 ot-flex-column-vertical\" data-id=\"01ec368\" data-element_type=\"column\" data-e-type=\"column\">\n\t\t\t<div class=\"elementor-widget-wrap elementor-element-populated\">\n\t\t\t\t\t\t<div class=\"elementor-element elementor-element-f68dd6e elementor-widget elementor-widget-iheading\" data-id=\"f68dd6e\" data-element_type=\"widget\" data-e-type=\"widget\" data-widget_type=\"iheading.default\">\n\t\t\t\t<div class=\"elementor-widget-container\">\n\t\t\t\t\t\t\t<div class=\"ot-heading\">\r\n\t        <h2 class=\"main-heading\">Management and Accounting Services<\/h2>\t    <\/div>\r\n\t    \t\t\t\t<\/div>\n\t\t\t\t<\/div>\n\t\t\t\t<div class=\"elementor-element elementor-element-85cbdce elementor-widget elementor-widget-text-editor\" data-id=\"85cbdce\" data-element_type=\"widget\" data-e-type=\"widget\" data-widget_type=\"text-editor.default\">\n\t\t\t\t<div class=\"elementor-widget-container\">\n\t\t\t\t\t\t\t\t\t<p>Notre mission est d&rsquo;optimiser votre affaire. Une fa\u00e7on de faire est de prendre soin de votre comptabilit\u00e9.<br \/>Concentrez votre \u00e9nergie sur les meilleures strat\u00e9gies pour d\u00e9velopper votre entreprise, nous nous occuperons de la partie bureaucratique, de la gestion des comptes et de l&rsquo;administration.<br \/>Notre \u00e9quipe de professionnels experts du secteur vous soulagera des t\u00e2ches lourdes et angoissantes li\u00e9es \u00e0 la comptabilit\u00e9, des services publics aux multiples obligations concernant votre affaire.<br \/>Il nous appartiendra de coordonner, contr\u00f4ler et g\u00e9rer l&rsquo;administration des parkings, souvent \u00e9quip\u00e9s de syst\u00e8mes complexes.<br \/>Un service efficace, complet et continu.<\/p>\t\t\t\t\t\t\t\t<\/div>\n\t\t\t\t<\/div>\n\t\t\t\t<div class=\"elementor-element elementor-element-d445c94 elementor-hidden-desktop elementor-widget elementor-widget-image\" data-id=\"d445c94\" data-element_type=\"widget\" data-e-type=\"widget\" data-widget_type=\"image.default\">\n\t\t\t\t<div class=\"elementor-widget-container\">\n\t\t\t\t\t\t\t\t\t\t\t\t\t\t\t<img fetchpriority=\"high\" decoding=\"async\" width=\"641\" height=\"493\" src=\"https:\/\/www.smartparkingsolutions.ca\/wp-content\/uploads\/2021\/12\/comptabilite.png\" class=\"attachment-full size-full wp-image-5636\" alt=\"\" srcset=\"https:\/\/www.smartparkingsolutions.ca\/wp-content\/uploads\/2021\/12\/comptabilite.png 641w, https:\/\/www.smartparkingsolutions.ca\/wp-content\/uploads\/2021\/12\/comptabilite-300x231.png 300w\" sizes=\"(max-width: 641px) 100vw, 641px\" \/>\t\t\t\t\t\t\t\t\t\t\t\t\t\t\t<\/div>\n\t\t\t\t<\/div>\n\t\t\t\t\t<\/div>\n\t\t<\/div>\n\t\t\t\t\t<\/div>\n\t\t<\/section>\n\t\t\t\t<section class=\"elementor-section elementor-top-section elementor-element elementor-element-da2d67a ot-traditional elementor-section-boxed elementor-section-height-default elementor-section-height-default\" data-id=\"da2d67a\" data-element_type=\"section\" data-e-type=\"section\">\n\t\t\t\t\t\t<div class=\"elementor-container elementor-column-gap-default\">\n\t\t\t\t\t<div class=\"elementor-column elementor-col-100 elementor-top-column elementor-element elementor-element-e4bf853 ot-flex-column-vertical\" data-id=\"e4bf853\" data-element_type=\"column\" data-e-type=\"column\">\n\t\t\t<div class=\"elementor-widget-wrap elementor-element-populated\">\n\t\t\t\t\t\t<div class=\"elementor-element elementor-element-a3fb133 elementor-widget elementor-widget-heading\" data-id=\"a3fb133\" data-element_type=\"widget\" data-e-type=\"widget\" data-widget_type=\"heading.default\">\n\t\t\t\t<div class=\"elementor-widget-container\">\n\t\t\t\t\t<h2 class=\"elementor-heading-title elementor-size-default\">On vise :<\/h2>\t\t\t\t<\/div>\n\t\t\t\t<\/div>\n\t\t\t\t\t<\/div>\n\t\t<\/div>\n\t\t\t\t\t<\/div>\n\t\t<\/section>\n\t\t\t\t<section class=\"elementor-section elementor-top-section elementor-element elementor-element-2099bf5 ot-traditional elementor-section-boxed elementor-section-height-default elementor-section-height-default\" data-id=\"2099bf5\" data-element_type=\"section\" data-e-type=\"section\">\n\t\t\t\t\t\t<div class=\"elementor-container elementor-column-gap-extended\">\n\t\t\t\t\t<div class=\"elementor-column elementor-col-33 elementor-top-column elementor-element elementor-element-d93bdfe ot-flex-column-vertical\" data-id=\"d93bdfe\" data-element_type=\"column\" data-e-type=\"column\">\n\t\t\t<div class=\"elementor-widget-wrap elementor-element-populated\">\n\t\t\t\t\t\t<div class=\"elementor-element elementor-element-535fa35 elementor-widget elementor-widget-iservice_box\" data-id=\"535fa35\" data-element_type=\"widget\" data-e-type=\"widget\" data-widget_type=\"iservice_box.default\">\n\t\t\t\t<div class=\"elementor-widget-container\">\n\t\t\t\t\t\r\n\t\t<div class=\"service-box s-box\">\r\n\t\t\t<span class=\"big-number\">01<\/span>\r\n\t\t\t<div class=\"icon-main\">\r\n\t\t        \t\t\t    \t\t        <span class=\"flaticon-correct\"><\/span>\t        <\/div>\r\n\t        <div class=\"content-box\">\r\n\t            <h5>CONSEIL <\/h5>\r\n\t            <p>par du personnel exp\u00e9riment\u00e9 \n<br>\n<br>\n<\/p>\r\n\t        <\/div>\r\n\t    <\/div>\r\n\r\n\t    \t\t\t\t<\/div>\n\t\t\t\t<\/div>\n\t\t\t\t\t<\/div>\n\t\t<\/div>\n\t\t\t\t<div class=\"elementor-column elementor-col-33 elementor-top-column elementor-element elementor-element-722175f ot-flex-column-vertical\" data-id=\"722175f\" data-element_type=\"column\" data-e-type=\"column\">\n\t\t\t<div class=\"elementor-widget-wrap elementor-element-populated\">\n\t\t\t\t\t\t<div class=\"elementor-element elementor-element-1a29da7 elementor-widget elementor-widget-iservice_box\" data-id=\"1a29da7\" data-element_type=\"widget\" data-e-type=\"widget\" data-widget_type=\"iservice_box.default\">\n\t\t\t\t<div class=\"elementor-widget-container\">\n\t\t\t\t\t\r\n\t\t<div class=\"service-box s-box\">\r\n\t\t\t<span class=\"big-number\">02<\/span>\r\n\t\t\t<div class=\"icon-main\">\r\n\t\t        \t\t\t    \t\t        <span class=\"flaticon-correct\"><\/span>\t        <\/div>\r\n\t        <div class=\"content-box\">\r\n\t            <h5>LA GESTION<\/h5>\r\n\t            <p>comptabilit\u00e9, services publics et obligations\n<br>\n<br><\/p>\r\n\t        <\/div>\r\n\t    <\/div>\r\n\r\n\t    \t\t\t\t<\/div>\n\t\t\t\t<\/div>\n\t\t\t\t\t<\/div>\n\t\t<\/div>\n\t\t\t\t<div class=\"elementor-column elementor-col-33 elementor-top-column elementor-element elementor-element-987911e ot-flex-column-vertical\" data-id=\"987911e\" data-element_type=\"column\" data-e-type=\"column\">\n\t\t\t<div class=\"elementor-widget-wrap elementor-element-populated\">\n\t\t\t\t\t\t<div class=\"elementor-element elementor-element-d88b58b elementor-widget elementor-widget-iservice_box\" data-id=\"d88b58b\" data-element_type=\"widget\" data-e-type=\"widget\" data-widget_type=\"iservice_box.default\">\n\t\t\t\t<div class=\"elementor-widget-container\">\n\t\t\t\t\t\r\n\t\t<div class=\"service-box s-box\">\r\n\t\t\t<span class=\"big-number\">03<\/span>\r\n\t\t\t<div class=\"icon-main\">\r\n\t\t        \t\t\t    \t\t        <span class=\"flaticon-correct\"><\/span>\t        <\/div>\r\n\t        <div class=\"content-box\">\r\n\t            <h5>\u00c9QUIPE SP\u00c9CIALIS\u00c9E<\/h5>\r\n\t            <p>et comp\u00e9tent capable de g\u00e9rer tout besoin comptable lourd\n<br>\n<\/p>\r\n\t        <\/div>\r\n\t    <\/div>\r\n\r\n\t    \t\t\t\t<\/div>\n\t\t\t\t<\/div>\n\t\t\t\t\t<\/div>\n\t\t<\/div>\n\t\t\t\t\t<\/div>\n\t\t<\/section>\n\t\t\t\t<section class=\"elementor-section elementor-top-section elementor-element elementor-element-658726d ot-traditional elementor-section-boxed elementor-section-height-default elementor-section-height-default\" data-id=\"658726d\" data-element_type=\"section\" data-e-type=\"section\">\n\t\t\t\t\t\t<div class=\"elementor-container elementor-column-gap-default\">\n\t\t\t\t\t<div class=\"elementor-column elementor-col-100 elementor-top-column elementor-element elementor-element-94b227b ot-flex-column-vertical\" data-id=\"94b227b\" data-element_type=\"column\" data-e-type=\"column\">\n\t\t\t<div class=\"elementor-widget-wrap elementor-element-populated\">\n\t\t\t\t\t\t<div class=\"elementor-element elementor-element-036cc30 elementor-view-stacked elementor-shape-square elementor-widget__width-auto elementor-fixed elementor-hidden-tablet elementor-hidden-mobile elementor-widget elementor-widget-icon\" data-id=\"036cc30\" data-element_type=\"widget\" data-e-type=\"widget\" data-settings=\"{&quot;_position&quot;:&quot;fixed&quot;}\" data-widget_type=\"icon.default\">\n\t\t\t\t<div class=\"elementor-widget-container\">\n\t\t\t\t\t\t\t<div class=\"elementor-icon-wrapper\">\n\t\t\t<a class=\"elementor-icon\" href=\"mailto:sales@smartparkingsolutions.ca\">\n\t\t\t<i aria-hidden=\"true\" class=\"far fa-envelope\"><\/i>\t\t\t<\/a>\n\t\t<\/div>\n\t\t\t\t\t\t<\/div>\n\t\t\t\t<\/div>\n\t\t\t\t\t<\/div>\n\t\t<\/div>\n\t\t\t\t\t<\/div>\n\t\t<\/section>\n\t\t\t\t<\/div>","protected":false},"excerpt":{"rendered":"<p>Gestion des services et comptabilit\u00e9 Notre mission est d&rsquo;optimiser votre affaire. Une fa\u00e7on de faire est de prendre soin de votre comptabilit\u00e9.Concentrez votre \u00e9nergie sur les meilleures strat\u00e9gies pour d\u00e9velopper votre entreprise, nous nous occuperons de la partie bureaucratique, de la gestion des comptes et de l&rsquo;administration.Notre \u00e9quipe de professionnels experts du secteur vous soulagera [&hellip;]<\/p>","protected":false},"author":2,"featured_media":0,"parent":0,"menu_order":0,"comment_status":"closed","ping_status":"closed","template":"","meta":{"footnotes":""},"class_list":["post-5181","page","type-page","status-publish","hentry"],"yoast_head":"<!-- This site is optimized with the Yoast SEO plugin v26.3 - https:\/\/yoast.com\/wordpress\/plugins\/seo\/ -->\n<title>Gestion des services et comptabilit\u00e9 - Smart Parking Solutions Inc.<\/title>\n<meta name=\"robots\" content=\"index, follow, max-snippet:-1, max-image-preview:large, max-video-preview:-1\" \/>\n<link rel=\"canonical\" href=\"https:\/\/www.smartparkingsolutions.ca\/en\/gestion-des-services-et-comptabilite\/\" \/>\n<meta property=\"og:locale\" content=\"en_GB\" \/>\n<meta property=\"og:type\" content=\"article\" \/>\n<meta property=\"og:title\" content=\"Gestion des services et comptabilit\u00e9 - Smart Parking Solutions Inc.\" \/>\n<meta property=\"og:description\" content=\"Gestion des services et comptabilit\u00e9 Notre mission est d&rsquo;optimiser votre affaire. Une fa\u00e7on de faire est de prendre soin de votre comptabilit\u00e9.Concentrez votre \u00e9nergie sur les meilleures strat\u00e9gies pour d\u00e9velopper votre entreprise, nous nous occuperons de la partie bureaucratique, de la gestion des comptes et de l&rsquo;administration.Notre \u00e9quipe de professionnels experts du secteur vous soulagera [&hellip;]\" \/>\n<meta property=\"og:url\" content=\"https:\/\/www.smartparkingsolutions.ca\/en\/gestion-des-services-et-comptabilite\/\" \/>\n<meta property=\"og:site_name\" content=\"Smart Parking Solutions Inc.\" \/>\n<meta property=\"article:modified_time\" content=\"2022-02-08T16:22:46+00:00\" \/>\n<meta property=\"og:image\" content=\"https:\/\/www.smartparkingsolutions.ca\/wp-content\/uploads\/2021\/12\/comptabilite.png\" \/>\n<meta name=\"twitter:card\" content=\"summary_large_image\" \/>\n<meta name=\"twitter:label1\" content=\"Estimated reading time\" \/>\n\t<meta name=\"twitter:data1\" content=\"2 minutes\" \/>\n<script type=\"application\/ld+json\" class=\"yoast-schema-graph\">{\"@context\":\"https:\/\/schema.org\",\"@graph\":[{\"@type\":\"WebPage\",\"@id\":\"https:\/\/www.smartparkingsolutions.ca\/en\/gestion-des-services-et-comptabilite\/\",\"url\":\"https:\/\/www.smartparkingsolutions.ca\/en\/gestion-des-services-et-comptabilite\/\",\"name\":\"Gestion des services et comptabilit\u00e9 - Smart Parking Solutions Inc.\",\"isPartOf\":{\"@id\":\"https:\/\/www.smartparkingsolutions.ca\/#website\"},\"primaryImageOfPage\":{\"@id\":\"https:\/\/www.smartparkingsolutions.ca\/en\/gestion-des-services-et-comptabilite\/#primaryimage\"},\"image\":{\"@id\":\"https:\/\/www.smartparkingsolutions.ca\/en\/gestion-des-services-et-comptabilite\/#primaryimage\"},\"thumbnailUrl\":\"https:\/\/www.smartparkingsolutions.ca\/wp-content\/uploads\/2021\/12\/comptabilite.png\",\"datePublished\":\"2021-12-14T15:17:01+00:00\",\"dateModified\":\"2022-02-08T16:22:46+00:00\",\"breadcrumb\":{\"@id\":\"https:\/\/www.smartparkingsolutions.ca\/en\/gestion-des-services-et-comptabilite\/#breadcrumb\"},\"inLanguage\":\"en-GB\",\"potentialAction\":[{\"@type\":\"ReadAction\",\"target\":[\"https:\/\/www.smartparkingsolutions.ca\/en\/gestion-des-services-et-comptabilite\/\"]}]},{\"@type\":\"ImageObject\",\"inLanguage\":\"en-GB\",\"@id\":\"https:\/\/www.smartparkingsolutions.ca\/en\/gestion-des-services-et-comptabilite\/#primaryimage\",\"url\":\"https:\/\/www.smartparkingsolutions.ca\/wp-content\/uploads\/2021\/12\/comptabilite.png\",\"contentUrl\":\"https:\/\/www.smartparkingsolutions.ca\/wp-content\/uploads\/2021\/12\/comptabilite.png\"},{\"@type\":\"BreadcrumbList\",\"@id\":\"https:\/\/www.smartparkingsolutions.ca\/en\/gestion-des-services-et-comptabilite\/#breadcrumb\",\"itemListElement\":[{\"@type\":\"ListItem\",\"position\":1,\"name\":\"Accueil\",\"item\":\"https:\/\/www.smartparkingsolutions.ca\/\"},{\"@type\":\"ListItem\",\"position\":2,\"name\":\"Gestion des services et comptabilit\u00e9\"}]},{\"@type\":\"WebSite\",\"@id\":\"https:\/\/www.smartparkingsolutions.ca\/#website\",\"url\":\"https:\/\/www.smartparkingsolutions.ca\/\",\"name\":\"Smart Parking Solutions Inc.\",\"description\":\"\",\"potentialAction\":[{\"@type\":\"SearchAction\",\"target\":{\"@type\":\"EntryPoint\",\"urlTemplate\":\"https:\/\/www.smartparkingsolutions.ca\/?s={search_term_string}\"},\"query-input\":{\"@type\":\"PropertyValueSpecification\",\"valueRequired\":true,\"valueName\":\"search_term_string\"}}],\"inLanguage\":\"en-GB\"}]}<\/script>\n<!-- \/ Yoast SEO plugin. -->","yoast_head_json":{"title":"Gestion des services et comptabilit\u00e9 - Smart Parking Solutions Inc.","robots":{"index":"index","follow":"follow","max-snippet":"max-snippet:-1","max-image-preview":"max-image-preview:large","max-video-preview":"max-video-preview:-1"},"canonical":"https:\/\/www.smartparkingsolutions.ca\/en\/gestion-des-services-et-comptabilite\/","og_locale":"en_GB","og_type":"article","og_title":"Gestion des services et comptabilit\u00e9 - Smart Parking Solutions Inc.","og_description":"Gestion des services et comptabilit\u00e9 Notre mission est d&rsquo;optimiser votre affaire. Une fa\u00e7on de faire est de prendre soin de votre comptabilit\u00e9.Concentrez votre \u00e9nergie sur les meilleures strat\u00e9gies pour d\u00e9velopper votre entreprise, nous nous occuperons de la partie bureaucratique, de la gestion des comptes et de l&rsquo;administration.Notre \u00e9quipe de professionnels experts du secteur vous soulagera [&hellip;]","og_url":"https:\/\/www.smartparkingsolutions.ca\/en\/gestion-des-services-et-comptabilite\/","og_site_name":"Smart Parking Solutions Inc.","article_modified_time":"2022-02-08T16:22:46+00:00","og_image":[{"url":"https:\/\/www.smartparkingsolutions.ca\/wp-content\/uploads\/2021\/12\/comptabilite.png","type":"","width":"","height":""}],"twitter_card":"summary_large_image","twitter_misc":{"Estimated reading time":"2 minutes"},"schema":{"@context":"https:\/\/schema.org","@graph":[{"@type":"WebPage","@id":"https:\/\/www.smartparkingsolutions.ca\/en\/gestion-des-services-et-comptabilite\/","url":"https:\/\/www.smartparkingsolutions.ca\/en\/gestion-des-services-et-comptabilite\/","name":"Gestion des services et comptabilit\u00e9 - Smart Parking Solutions Inc.","isPartOf":{"@id":"https:\/\/www.smartparkingsolutions.ca\/#website"},"primaryImageOfPage":{"@id":"https:\/\/www.smartparkingsolutions.ca\/en\/gestion-des-services-et-comptabilite\/#primaryimage"},"image":{"@id":"https:\/\/www.smartparkingsolutions.ca\/en\/gestion-des-services-et-comptabilite\/#primaryimage"},"thumbnailUrl":"https:\/\/www.smartparkingsolutions.ca\/wp-content\/uploads\/2021\/12\/comptabilite.png","datePublished":"2021-12-14T15:17:01+00:00","dateModified":"2022-02-08T16:22:46+00:00","breadcrumb":{"@id":"https:\/\/www.smartparkingsolutions.ca\/en\/gestion-des-services-et-comptabilite\/#breadcrumb"},"inLanguage":"en-GB","potentialAction":[{"@type":"ReadAction","target":["https:\/\/www.smartparkingsolutions.ca\/en\/gestion-des-services-et-comptabilite\/"]}]},{"@type":"ImageObject","inLanguage":"en-GB","@id":"https:\/\/www.smartparkingsolutions.ca\/en\/gestion-des-services-et-comptabilite\/#primaryimage","url":"https:\/\/www.smartparkingsolutions.ca\/wp-content\/uploads\/2021\/12\/comptabilite.png","contentUrl":"https:\/\/www.smartparkingsolutions.ca\/wp-content\/uploads\/2021\/12\/comptabilite.png"},{"@type":"BreadcrumbList","@id":"https:\/\/www.smartparkingsolutions.ca\/en\/gestion-des-services-et-comptabilite\/#breadcrumb","itemListElement":[{"@type":"ListItem","position":1,"name":"Accueil","item":"https:\/\/www.smartparkingsolutions.ca\/"},{"@type":"ListItem","position":2,"name":"Gestion des services et comptabilit\u00e9"}]},{"@type":"WebSite","@id":"https:\/\/www.smartparkingsolutions.ca\/#website","url":"https:\/\/www.smartparkingsolutions.ca\/","name":"Smart Parking Solutions Inc.","description":"","potentialAction":[{"@type":"SearchAction","target":{"@type":"EntryPoint","urlTemplate":"https:\/\/www.smartparkingsolutions.ca\/?s={search_term_string}"},"query-input":{"@type":"PropertyValueSpecification","valueRequired":true,"valueName":"search_term_string"}}],"inLanguage":"en-GB"}]}},"_links":{"self":[{"href":"https:\/\/www.smartparkingsolutions.ca\/en\/wp-json\/wp\/v2\/pages\/5181","targetHints":{"allow":["GET"]}}],"collection":[{"href":"https:\/\/www.smartparkingsolutions.ca\/en\/wp-json\/wp\/v2\/pages"}],"about":[{"href":"https:\/\/www.smartparkingsolutions.ca\/en\/wp-json\/wp\/v2\/types\/page"}],"author":[{"embeddable":true,"href":"https:\/\/www.smartparkingsolutions.ca\/en\/wp-json\/wp\/v2\/users\/2"}],"replies":[{"embeddable":true,"href":"https:\/\/www.smartparkingsolutions.ca\/en\/wp-json\/wp\/v2\/comments?post=5181"}],"version-history":[{"count":43,"href":"https:\/\/www.smartparkingsolutions.ca\/en\/wp-json\/wp\/v2\/pages\/5181\/revisions"}],"predecessor-version":[{"id":5951,"href":"https:\/\/www.smartparkingsolutions.ca\/en\/wp-json\/wp\/v2\/pages\/5181\/revisions\/5951"}],"wp:attachment":[{"href":"https:\/\/www.smartparkingsolutions.ca\/en\/wp-json\/wp\/v2\/media?parent=5181"}],"curies":[{"name":"wp","href":"https:\/\/api.w.org\/{rel}","templated":true}]}}