{"id":2293,"date":"2019-12-20T03:54:28","date_gmt":"2019-12-20T02:54:28","guid":{"rendered":"http:\/\/wpdemo.archiwp.com\/engitech\/?page_id=3"},"modified":"2022-03-03T10:42:40","modified_gmt":"2022-03-03T09:42:40","slug":"politique-de-confidentialite","status":"publish","type":"page","link":"https:\/\/www.smartparkingsolutions.ca\/en\/politique-de-confidentialite\/","title":{"rendered":"Politique de confidentialit\u00e9"},"content":{"rendered":"<div data-elementor-type=\"wp-page\" data-elementor-id=\"2293\" class=\"elementor elementor-2293\" data-elementor-post-type=\"page\">\n\t\t\t\t\t\t<section class=\"elementor-section elementor-top-section elementor-element elementor-element-25ddacfd ot-traditional elementor-section-boxed elementor-section-height-default elementor-section-height-default\" data-id=\"25ddacfd\" data-element_type=\"section\" data-e-type=\"section\">\n\t\t\t\t\t\t<div class=\"elementor-container elementor-column-gap-default\">\n\t\t\t\t\t<div class=\"elementor-column elementor-col-100 elementor-top-column elementor-element elementor-element-2e9b7e2b ot-flex-column-vertical\" data-id=\"2e9b7e2b\" data-element_type=\"column\" data-e-type=\"column\">\n\t\t\t<div class=\"elementor-widget-wrap elementor-element-populated\">\n\t\t\t\t\t\t<div class=\"elementor-element elementor-element-06bde40 elementor-widget elementor-widget-spacer\" data-id=\"06bde40\" data-element_type=\"widget\" data-e-type=\"widget\" data-widget_type=\"spacer.default\">\n\t\t\t\t<div class=\"elementor-widget-container\">\n\t\t\t\t\t\t\t<div class=\"elementor-spacer\">\n\t\t\t<div class=\"elementor-spacer-inner\"><\/div>\n\t\t<\/div>\n\t\t\t\t\t\t<\/div>\n\t\t\t\t<\/div>\n\t\t\t\t<div class=\"elementor-element elementor-element-8960b79 elementor-widget elementor-widget-text-editor\" data-id=\"8960b79\" data-element_type=\"widget\" data-e-type=\"widget\" data-widget_type=\"text-editor.default\">\n\t\t\t\t<div class=\"elementor-widget-container\">\n\t\t\t\t\t\t\t\t\t\n<section class=\"container-fluid container-fluid--gutters flexible-component bloc-text\">\n<div class=\"text\">\n<p>Solutions de Stationnement Intelligent Inc. (\u00ab SPS \u00bb) s&rsquo;engage \u00e0 prot\u00e9ger votre vie priv\u00e9e et la confidentialit\u00e9 de vos renseignements personnels. Nous avons \u00e9labor\u00e9 la pr\u00e9sente politique afin de nous conformer \u00e0 la l\u00e9gislation sur la confidentialit\u00e9. Tous les renseignements permettant d&rsquo;identifier personnellement un(e) client(e) sont consid\u00e9r\u00e9s comme des renseignements personnels (\u00ab renseignements personnels \u00bb) et seront trait\u00e9s conform\u00e9ment \u00e0 la pr\u00e9sente politique de confidentialit\u00e9.<\/p>\n<p>* Dans la pr\u00e9sente politique, les termes \u00ab client \u00bb, \u00ab vous \u00bb ou \u00ab votre \u00bb font r\u00e9f\u00e9rence \u00e0 toute personne qui a demand\u00e9, sollicit\u00e9 ou re\u00e7u des produits ou services de SPS, y compris toute autre personne pour laquelle le client a agi en tant qu&rsquo;agent, tuteur ou repr\u00e9sentant.<\/p>\n<p>Les fins de la collecte de renseignements personnels<\/p>\n<p>SPS ne recueille, n&rsquo;utilise et ne divulgue de renseignements personnels qu&rsquo;aux fins suivantes :<\/p>\n<ul>\n<li>Vous offrir et vous fournir des produits et services;<\/li>\n<li>\u00c9tablir et maintenir des communications avec vous;<\/li>\n<li>V\u00e9rifier votre identit\u00e9 et l&rsquo;exactitude de vos renseignements personnels aupr\u00e8s des organismes gouvernementaux, des associations industrielles, des courtiers ou des assureurs;<\/li>\n<li>D\u00e9terminer et faciliter le paiement de vos frais ou les remboursements, et traiter les \u00e9changes;<\/li>\n<li>D\u00e9tecter et pr\u00e9venir la fraude ou d&rsquo;autres activit\u00e9s ill\u00e9gales;<\/li>\n<li>Compiler des statistiques;<\/li>\n<li>Se conformer \u00e0 la loi ou aux demandes des organismes d&rsquo;application de la loi ou des autorit\u00e9s de r\u00e9glementation;<\/li>\n<li>Vous notifier ou permettre \u00e0 nos soci\u00e9t\u00e9s affili\u00e9es de vous notifier de la disponibilit\u00e9 de certains produits ou services propos\u00e9s par nous ou nos soci\u00e9t\u00e9s affili\u00e9es.<\/li>\n<\/ul>\n<p>\u00a0Dans la pr\u00e9sente politique de confidentialit\u00e9, les fins \u00e9num\u00e9r\u00e9es ci-dessus seront d\u00e9sign\u00e9es par le terme \u00ab fins mentionn\u00e9es \u00bb.<\/p>\n<p>Consentement<\/p>\n<p>Il est essentiel que vous ayez connaissance de la collecte, de l&rsquo;utilisation et de la divulgation de vos renseignements personnels par SPS et que vous donniez votre consentement \u00e0 celles-ci. Nous nous fions aux actions suivantes de votre part pour nous signaler votre consentement \u00e0 nos pratiques actuelles et futures en mati\u00e8re de renseignements personnels :<\/p>\n<p>Le fait que votre fournissiez volontairement des renseignements personnels directement \u00e0 SPS dans le but d&rsquo;acqu\u00e9rir un produit (y compris les renseignements pr\u00e9c\u00e9demment fournis \u00e0 SPS) au cours du processus de demande \u00e9lectronique.<\/p>\n<p>Sous r\u00e9serve de certaines restrictions l\u00e9gales ou contractuelles et d&rsquo;un pr\u00e9avis raisonnable, vous pouvez retirer ce consentement \u00e0 tout moment. SPS vous informera des cons\u00e9quences du retrait de votre consentement. Dans certains cas, le refus de fournir certaines informations personnelles ou le retrait du consentement \u00e0 SPS de collecter, utiliser ou divulguer vos informations personnelles pourrait signifier que nous ne pouvons pas vous fournir les produits, services ou remboursements demand\u00e9s.<\/p>\n<p>Si vous souhaitez retirer votre consentement afin de ne plus recevoir d&rsquo;informations sur les initiatives de marketing, veuillez nous envoyer un courriel \u00e0 : contact@smartparkingsolutions.ca.<\/p>\n<p>Exactitude des renseignements<\/p>\n<p>SPS s&rsquo;engage \u00e0 conserver et \u00e0 tenir \u00e0 jour vos renseignements personnels de la fa\u00e7on aussi exacte et compl\u00e8te que n\u00e9cessaire aux fins mentionn\u00e9es ci-dessus.<\/p>\n<p>Mesures de s\u00e9curit\u00e9 et atteintes \u00e0 la vie priv\u00e9e<\/p>\n<p>SPS prot\u00e8ge vos renseignements personnels \u00e0 l&rsquo;aide de mesures de s\u00e9curit\u00e9 adapt\u00e9es \u00e0 la sensibilit\u00e9 de ces renseignements. Les mesures de s\u00e9curit\u00e9 varient en fonction de la sensibilit\u00e9, du format, de l&#8217;emplacement et du stockage des renseignements personnels. Les protocoles de SPS en mati\u00e8re d&rsquo;atteinte \u00e0 la vie priv\u00e9e sont d\u00e9taill\u00e9s dans notre politique de protection de la vie priv\u00e9e.<\/p>\n<p>Limitation de la collecte, de la conservation et de la destruction des renseignements personnels<\/p>\n<p>SPS ne recueille, n&rsquo;utilise et ne divulgue que les renseignements personnels n\u00e9cessaires aux fins mentionn\u00e9es ci-dessus ou exig\u00e9es par la loi. Si nous avons besoin de renseignements personnels \u00e0 d&rsquo;autres fins, vous recevrez une notification concernant ces nouvelles fins et, sous r\u00e9serve de votre consentement, ces nouvelles fins deviendront les fins mentionn\u00e9es. SPS ne recueille les renseignements personnels que par des moyens justes et l\u00e9gaux. Nous ne conservons les renseignements personnels que le temps n\u00e9cessaire \u00e0 la r\u00e9alisation des activit\u00e9s aux fins mentionn\u00e9es. Lorsque SPS n&rsquo;a plus besoin d&rsquo;utiliser vos renseignements personnels, SPS prend des mesures raisonnables pour d\u00e9truire les donn\u00e9es en toute s\u00e9curit\u00e9.<\/p>\n<p>Responsabilit\u00e9, ouverture et acc\u00e8s de la client\u00e8le<\/p>\n<p>SPS est responsable de tous les renseignements personnels qui lui ont \u00e9t\u00e9 confi\u00e9s. Si vous avez des questions sur la pr\u00e9sente politique de confidentialit\u00e9 ou sur vos renseignements personnels, ou si vous souhaitez faire une r\u00e9clamation, veuillez \u00e9crire \u00e0 l&rsquo;adresse suivante : contact@smartparkingsolutions.ca.<\/p>\n<p>Lorsque vous communiquez avec nous, il se peut que nous v\u00e9rifiions votre identit\u00e9 en vous demandant de confirmer certains renseignements personnels.<\/p>\n<p>Nous r\u00e9pondons aux questions ou r\u00e9clamations \u00e9crites dans un d\u00e9lai de 30 jours.<\/p>\n<\/div>\n<\/section>\n\t\t\t\t\t\t\t\t<\/div>\n\t\t\t\t<\/div>\n\t\t\t\t\t<\/div>\n\t\t<\/div>\n\t\t\t\t\t<\/div>\n\t\t<\/section>\n\t\t\t\t<section class=\"elementor-section elementor-top-section elementor-element elementor-element-9fba067 ot-traditional elementor-section-boxed elementor-section-height-default elementor-section-height-default\" data-id=\"9fba067\" data-element_type=\"section\" data-e-type=\"section\">\n\t\t\t\t\t\t<div class=\"elementor-container elementor-column-gap-default\">\n\t\t\t\t\t<div class=\"elementor-column elementor-col-100 elementor-top-column elementor-element elementor-element-2a3a61e ot-flex-column-vertical\" data-id=\"2a3a61e\" data-element_type=\"column\" data-e-type=\"column\">\n\t\t\t<div class=\"elementor-widget-wrap elementor-element-populated\">\n\t\t\t\t\t\t<div class=\"elementor-element elementor-element-5c2dd1d elementor-widget elementor-widget-spacer\" data-id=\"5c2dd1d\" data-element_type=\"widget\" data-e-type=\"widget\" data-widget_type=\"spacer.default\">\n\t\t\t\t<div class=\"elementor-widget-container\">\n\t\t\t\t\t\t\t<div class=\"elementor-spacer\">\n\t\t\t<div class=\"elementor-spacer-inner\"><\/div>\n\t\t<\/div>\n\t\t\t\t\t\t<\/div>\n\t\t\t\t<\/div>\n\t\t\t\t\t<\/div>\n\t\t<\/div>\n\t\t\t\t\t<\/div>\n\t\t<\/section>\n\t\t\t\t<\/div>","protected":false},"excerpt":{"rendered":"<p>Solutions de Stationnement Intelligent Inc. (\u00ab SPS \u00bb) s&rsquo;engage \u00e0 prot\u00e9ger votre vie priv\u00e9e et la confidentialit\u00e9 de vos renseignements personnels. Nous avons \u00e9labor\u00e9 la pr\u00e9sente politique afin de nous conformer \u00e0 la l\u00e9gislation sur la confidentialit\u00e9. Tous les renseignements permettant d&rsquo;identifier personnellement un(e) client(e) sont consid\u00e9r\u00e9s comme des renseignements personnels (\u00ab renseignements personnels \u00bb) [&hellip;]<\/p>","protected":false},"author":2,"featured_media":0,"parent":0,"menu_order":0,"comment_status":"closed","ping_status":"closed","template":"","meta":{"footnotes":""},"class_list":["post-2293","page","type-page","status-publish","hentry"],"yoast_head":"<!-- This site is optimized with the Yoast SEO plugin v26.3 - https:\/\/yoast.com\/wordpress\/plugins\/seo\/ -->\n<title>Politique de confidentialit\u00e9 - Smart Parking Solutions Inc.<\/title>\n<meta name=\"robots\" content=\"index, follow, max-snippet:-1, max-image-preview:large, max-video-preview:-1\" \/>\n<link rel=\"canonical\" href=\"https:\/\/www.smartparkingsolutions.ca\/en\/politique-de-confidentialite\/\" \/>\n<meta property=\"og:locale\" content=\"en_GB\" \/>\n<meta property=\"og:type\" content=\"article\" \/>\n<meta property=\"og:title\" content=\"Politique de confidentialit\u00e9 - Smart Parking Solutions Inc.\" \/>\n<meta property=\"og:description\" content=\"Solutions de Stationnement Intelligent Inc. (\u00ab SPS \u00bb) s&rsquo;engage \u00e0 prot\u00e9ger votre vie priv\u00e9e et la confidentialit\u00e9 de vos renseignements personnels. Nous avons \u00e9labor\u00e9 la pr\u00e9sente politique afin de nous conformer \u00e0 la l\u00e9gislation sur la confidentialit\u00e9. Tous les renseignements permettant d&rsquo;identifier personnellement un(e) client(e) sont consid\u00e9r\u00e9s comme des renseignements personnels (\u00ab renseignements personnels \u00bb) [&hellip;]\" \/>\n<meta property=\"og:url\" content=\"https:\/\/www.smartparkingsolutions.ca\/en\/politique-de-confidentialite\/\" \/>\n<meta property=\"og:site_name\" content=\"Smart Parking Solutions Inc.\" \/>\n<meta property=\"article:modified_time\" content=\"2022-03-03T09:42:40+00:00\" \/>\n<meta name=\"twitter:card\" content=\"summary_large_image\" \/>\n<meta name=\"twitter:label1\" content=\"Estimated reading time\" \/>\n\t<meta name=\"twitter:data1\" content=\"4 minutes\" \/>\n<script type=\"application\/ld+json\" class=\"yoast-schema-graph\">{\"@context\":\"https:\/\/schema.org\",\"@graph\":[{\"@type\":\"WebPage\",\"@id\":\"https:\/\/www.smartparkingsolutions.ca\/en\/politique-de-confidentialite\/\",\"url\":\"https:\/\/www.smartparkingsolutions.ca\/en\/politique-de-confidentialite\/\",\"name\":\"Politique de confidentialit\u00e9 - Smart Parking Solutions Inc.\",\"isPartOf\":{\"@id\":\"https:\/\/www.smartparkingsolutions.ca\/#website\"},\"datePublished\":\"2019-12-20T02:54:28+00:00\",\"dateModified\":\"2022-03-03T09:42:40+00:00\",\"breadcrumb\":{\"@id\":\"https:\/\/www.smartparkingsolutions.ca\/en\/politique-de-confidentialite\/#breadcrumb\"},\"inLanguage\":\"en-GB\",\"potentialAction\":[{\"@type\":\"ReadAction\",\"target\":[\"https:\/\/www.smartparkingsolutions.ca\/en\/politique-de-confidentialite\/\"]}]},{\"@type\":\"BreadcrumbList\",\"@id\":\"https:\/\/www.smartparkingsolutions.ca\/en\/politique-de-confidentialite\/#breadcrumb\",\"itemListElement\":[{\"@type\":\"ListItem\",\"position\":1,\"name\":\"Accueil\",\"item\":\"https:\/\/www.smartparkingsolutions.ca\/\"},{\"@type\":\"ListItem\",\"position\":2,\"name\":\"Politique de confidentialit\u00e9\"}]},{\"@type\":\"WebSite\",\"@id\":\"https:\/\/www.smartparkingsolutions.ca\/#website\",\"url\":\"https:\/\/www.smartparkingsolutions.ca\/\",\"name\":\"Smart Parking Solutions Inc.\",\"description\":\"\",\"potentialAction\":[{\"@type\":\"SearchAction\",\"target\":{\"@type\":\"EntryPoint\",\"urlTemplate\":\"https:\/\/www.smartparkingsolutions.ca\/?s={search_term_string}\"},\"query-input\":{\"@type\":\"PropertyValueSpecification\",\"valueRequired\":true,\"valueName\":\"search_term_string\"}}],\"inLanguage\":\"en-GB\"}]}<\/script>\n<!-- \/ Yoast SEO plugin. -->","yoast_head_json":{"title":"Politique de confidentialit\u00e9 - Smart Parking Solutions Inc.","robots":{"index":"index","follow":"follow","max-snippet":"max-snippet:-1","max-image-preview":"max-image-preview:large","max-video-preview":"max-video-preview:-1"},"canonical":"https:\/\/www.smartparkingsolutions.ca\/en\/politique-de-confidentialite\/","og_locale":"en_GB","og_type":"article","og_title":"Politique de confidentialit\u00e9 - Smart Parking Solutions Inc.","og_description":"Solutions de Stationnement Intelligent Inc. (\u00ab SPS \u00bb) s&rsquo;engage \u00e0 prot\u00e9ger votre vie priv\u00e9e et la confidentialit\u00e9 de vos renseignements personnels. Nous avons \u00e9labor\u00e9 la pr\u00e9sente politique afin de nous conformer \u00e0 la l\u00e9gislation sur la confidentialit\u00e9. Tous les renseignements permettant d&rsquo;identifier personnellement un(e) client(e) sont consid\u00e9r\u00e9s comme des renseignements personnels (\u00ab renseignements personnels \u00bb) [&hellip;]","og_url":"https:\/\/www.smartparkingsolutions.ca\/en\/politique-de-confidentialite\/","og_site_name":"Smart Parking Solutions Inc.","article_modified_time":"2022-03-03T09:42:40+00:00","twitter_card":"summary_large_image","twitter_misc":{"Estimated reading time":"4 minutes"},"schema":{"@context":"https:\/\/schema.org","@graph":[{"@type":"WebPage","@id":"https:\/\/www.smartparkingsolutions.ca\/en\/politique-de-confidentialite\/","url":"https:\/\/www.smartparkingsolutions.ca\/en\/politique-de-confidentialite\/","name":"Politique de confidentialit\u00e9 - Smart Parking Solutions Inc.","isPartOf":{"@id":"https:\/\/www.smartparkingsolutions.ca\/#website"},"datePublished":"2019-12-20T02:54:28+00:00","dateModified":"2022-03-03T09:42:40+00:00","breadcrumb":{"@id":"https:\/\/www.smartparkingsolutions.ca\/en\/politique-de-confidentialite\/#breadcrumb"},"inLanguage":"en-GB","potentialAction":[{"@type":"ReadAction","target":["https:\/\/www.smartparkingsolutions.ca\/en\/politique-de-confidentialite\/"]}]},{"@type":"BreadcrumbList","@id":"https:\/\/www.smartparkingsolutions.ca\/en\/politique-de-confidentialite\/#breadcrumb","itemListElement":[{"@type":"ListItem","position":1,"name":"Accueil","item":"https:\/\/www.smartparkingsolutions.ca\/"},{"@type":"ListItem","position":2,"name":"Politique de confidentialit\u00e9"}]},{"@type":"WebSite","@id":"https:\/\/www.smartparkingsolutions.ca\/#website","url":"https:\/\/www.smartparkingsolutions.ca\/","name":"Smart Parking Solutions Inc.","description":"","potentialAction":[{"@type":"SearchAction","target":{"@type":"EntryPoint","urlTemplate":"https:\/\/www.smartparkingsolutions.ca\/?s={search_term_string}"},"query-input":{"@type":"PropertyValueSpecification","valueRequired":true,"valueName":"search_term_string"}}],"inLanguage":"en-GB"}]}},"_links":{"self":[{"href":"https:\/\/www.smartparkingsolutions.ca\/en\/wp-json\/wp\/v2\/pages\/2293","targetHints":{"allow":["GET"]}}],"collection":[{"href":"https:\/\/www.smartparkingsolutions.ca\/en\/wp-json\/wp\/v2\/pages"}],"about":[{"href":"https:\/\/www.smartparkingsolutions.ca\/en\/wp-json\/wp\/v2\/types\/page"}],"author":[{"embeddable":true,"href":"https:\/\/www.smartparkingsolutions.ca\/en\/wp-json\/wp\/v2\/users\/2"}],"replies":[{"embeddable":true,"href":"https:\/\/www.smartparkingsolutions.ca\/en\/wp-json\/wp\/v2\/comments?post=2293"}],"version-history":[{"count":20,"href":"https:\/\/www.smartparkingsolutions.ca\/en\/wp-json\/wp\/v2\/pages\/2293\/revisions"}],"predecessor-version":[{"id":6624,"href":"https:\/\/www.smartparkingsolutions.ca\/en\/wp-json\/wp\/v2\/pages\/2293\/revisions\/6624"}],"wp:attachment":[{"href":"https:\/\/www.smartparkingsolutions.ca\/en\/wp-json\/wp\/v2\/media?parent=2293"}],"curies":[{"name":"wp","href":"https:\/\/api.w.org\/{rel}","templated":true}]}}