{"id":2076,"date":"2020-02-25T08:41:33","date_gmt":"2020-02-25T07:41:33","guid":{"rendered":"http:\/\/wpdemo.archiwp.com\/engitech\/?page_id=2076"},"modified":"2022-02-08T17:19:47","modified_gmt":"2022-02-08T16:19:47","slug":"controle-a-distance-et-sur-site","status":"publish","type":"page","link":"https:\/\/www.smartparkingsolutions.ca\/en\/controle-a-distance-et-sur-site\/","title":{"rendered":"Remote control and on-site management"},"content":{"rendered":"<div data-elementor-type=\"wp-page\" data-elementor-id=\"2076\" class=\"elementor elementor-2076\" data-elementor-post-type=\"page\">\n\t\t\t\t\t\t<section class=\"elementor-section elementor-top-section elementor-element elementor-element-9cc5c24 ot-traditional elementor-section-boxed elementor-section-height-default elementor-section-height-default\" data-id=\"9cc5c24\" data-element_type=\"section\" data-e-type=\"section\" data-settings=\"{&quot;background_background&quot;:&quot;classic&quot;}\">\n\t\t\t\t\t\t<div class=\"elementor-container elementor-column-gap-extended\">\n\t\t\t\t\t<div class=\"elementor-column elementor-col-50 elementor-top-column elementor-element elementor-element-18884be elementor-hidden-tablet elementor-hidden-phone ot-flex-column-vertical\" data-id=\"18884be\" data-element_type=\"column\" data-e-type=\"column\">\n\t\t\t<div class=\"elementor-widget-wrap elementor-element-populated\">\n\t\t\t\t\t\t<div class=\"elementor-element elementor-element-2a35135 elementor-hidden-tablet elementor-widget elementor-widget-image\" data-id=\"2a35135\" data-element_type=\"widget\" data-e-type=\"widget\" data-widget_type=\"image.default\">\n\t\t\t\t<div class=\"elementor-widget-container\">\n\t\t\t\t\t\t\t\t\t\t\t\t\t\t\t<img fetchpriority=\"high\" decoding=\"async\" width=\"641\" height=\"493\" src=\"https:\/\/www.smartparkingsolutions.ca\/wp-content\/uploads\/2021\/12\/communication.png\" class=\"attachment-full size-full wp-image-5661\" alt=\"\" srcset=\"https:\/\/www.smartparkingsolutions.ca\/wp-content\/uploads\/2021\/12\/communication.png 641w, https:\/\/www.smartparkingsolutions.ca\/wp-content\/uploads\/2021\/12\/communication-300x231.png 300w\" sizes=\"(max-width: 641px) 100vw, 641px\" \/>\t\t\t\t\t\t\t\t\t\t\t\t\t\t\t<\/div>\n\t\t\t\t<\/div>\n\t\t\t\t\t<\/div>\n\t\t<\/div>\n\t\t\t\t<div class=\"elementor-column elementor-col-50 elementor-top-column elementor-element elementor-element-9d2df15 ot-flex-column-vertical\" data-id=\"9d2df15\" data-element_type=\"column\" data-e-type=\"column\">\n\t\t\t<div class=\"elementor-widget-wrap elementor-element-populated\">\n\t\t\t\t\t\t<div class=\"elementor-element elementor-element-5ba105d elementor-widget elementor-widget-iheading\" data-id=\"5ba105d\" data-element_type=\"widget\" data-e-type=\"widget\" data-widget_type=\"iheading.default\">\n\t\t\t\t<div class=\"elementor-widget-container\">\n\t\t\t\t\t\t\t<div class=\"ot-heading\">\r\n\t        <h2 class=\"main-heading\">Contr\u00f4le \u00e0 distance et sur site :<\/h2>\t    <\/div>\r\n\t    \t\t\t\t<\/div>\n\t\t\t\t<\/div>\n\t\t\t\t<div class=\"elementor-element elementor-element-cb7e8e1 elementor-widget elementor-widget-text-editor\" data-id=\"cb7e8e1\" data-element_type=\"widget\" data-e-type=\"widget\" data-widget_type=\"text-editor.default\">\n\t\t\t\t<div class=\"elementor-widget-container\">\n\t\t\t\t\t\t\t\t\t<p>Un service d&rsquo;assistance actif sept jours sur sept, 24 heures sur 24, y compris les jours f\u00e9ri\u00e9s.<br \/>Nous, pour nos clients, sommes toujours l\u00e0, avec une \u00e9quipe de professionnels capables de g\u00e9rer tout type d&rsquo;urgence et de r\u00e9pondre \u00e0 tous les besoins.<br \/>La salle de contr\u00f4le est notre si\u00e8ge, le lieu \u00e0 partir duquel, gr\u00e2ce \u00e0 une technologie de pointe, nous g\u00e9rons de nombreuses aires de stationnement, situ\u00e9es dans diff\u00e9rentes villes.<br \/>L&rsquo;int\u00e9gration de la vid\u00e9osurveillance, de l&rsquo;interphone et de la pr\u00e9sence sur site garantit une assistance client pr\u00e9cise, rapide et totale. Notre plateforme logicielle fournit des alertes en temps r\u00e9el, qui sont imm\u00e9diatement prises en charge par nos collaborateurs. Les inconv\u00e9nients pour l&rsquo;utilisateur sont r\u00e9duits au minimum et l&rsquo;activit\u00e9 de la structure peut reprendre dans un temps tr\u00e8s court.<br \/>L&rsquo;efficacit\u00e9 du syst\u00e8me de gestion est garantie, l&rsquo;augmentation des collections est une cons\u00e9quence naturelle.<\/p>\t\t\t\t\t\t\t\t<\/div>\n\t\t\t\t<\/div>\n\t\t\t\t<div class=\"elementor-element elementor-element-861faff elementor-hidden-desktop elementor-widget elementor-widget-image\" data-id=\"861faff\" data-element_type=\"widget\" data-e-type=\"widget\" data-widget_type=\"image.default\">\n\t\t\t\t<div class=\"elementor-widget-container\">\n\t\t\t\t\t\t\t\t\t\t\t\t\t\t\t<img fetchpriority=\"high\" decoding=\"async\" width=\"641\" height=\"493\" src=\"https:\/\/www.smartparkingsolutions.ca\/wp-content\/uploads\/2021\/12\/communication.png\" class=\"attachment-full size-full wp-image-5661\" alt=\"\" srcset=\"https:\/\/www.smartparkingsolutions.ca\/wp-content\/uploads\/2021\/12\/communication.png 641w, https:\/\/www.smartparkingsolutions.ca\/wp-content\/uploads\/2021\/12\/communication-300x231.png 300w\" sizes=\"(max-width: 641px) 100vw, 641px\" \/>\t\t\t\t\t\t\t\t\t\t\t\t\t\t\t<\/div>\n\t\t\t\t<\/div>\n\t\t\t\t\t<\/div>\n\t\t<\/div>\n\t\t\t\t\t<\/div>\n\t\t<\/section>\n\t\t\t\t<section class=\"elementor-section elementor-top-section elementor-element elementor-element-4c84dfb ot-traditional elementor-section-boxed elementor-section-height-default elementor-section-height-default\" data-id=\"4c84dfb\" data-element_type=\"section\" data-e-type=\"section\">\n\t\t\t\t\t\t<div class=\"elementor-container elementor-column-gap-default\">\n\t\t\t\t\t<div class=\"elementor-column elementor-col-100 elementor-top-column elementor-element elementor-element-01601be ot-flex-column-vertical\" data-id=\"01601be\" data-element_type=\"column\" data-e-type=\"column\">\n\t\t\t<div class=\"elementor-widget-wrap elementor-element-populated\">\n\t\t\t\t\t\t<div class=\"elementor-element elementor-element-6ecb244 elementor-widget elementor-widget-heading\" data-id=\"6ecb244\" data-element_type=\"widget\" data-e-type=\"widget\" data-widget_type=\"heading.default\">\n\t\t\t\t<div class=\"elementor-widget-container\">\n\t\t\t\t\t<h2 class=\"elementor-heading-title elementor-size-default\">On vise :<\/h2>\t\t\t\t<\/div>\n\t\t\t\t<\/div>\n\t\t\t\t\t<\/div>\n\t\t<\/div>\n\t\t\t\t\t<\/div>\n\t\t<\/section>\n\t\t\t\t<section class=\"elementor-section elementor-top-section elementor-element elementor-element-2099bf5 ot-traditional elementor-section-boxed elementor-section-height-default elementor-section-height-default\" data-id=\"2099bf5\" data-element_type=\"section\" data-e-type=\"section\">\n\t\t\t\t\t\t<div class=\"elementor-container elementor-column-gap-extended\">\n\t\t\t\t\t<div class=\"elementor-column elementor-col-33 elementor-top-column elementor-element elementor-element-d93bdfe ot-flex-column-vertical\" data-id=\"d93bdfe\" data-element_type=\"column\" data-e-type=\"column\">\n\t\t\t<div class=\"elementor-widget-wrap elementor-element-populated\">\n\t\t\t\t\t\t<div class=\"elementor-element elementor-element-535fa35 elementor-widget elementor-widget-iservice_box\" data-id=\"535fa35\" data-element_type=\"widget\" data-e-type=\"widget\" data-widget_type=\"iservice_box.default\">\n\t\t\t\t<div class=\"elementor-widget-container\">\n\t\t\t\t\t\r\n\t\t<div class=\"service-box s-box\">\r\n\t\t\t<span class=\"big-number\">01<\/span>\r\n\t\t\t<div class=\"icon-main\">\r\n\t\t        \t\t\t    \t\t        <span class=\"flaticon-correct\"><\/span>\t        <\/div>\r\n\t        <div class=\"content-box\">\r\n\t            <h5>BUREAU D'AIDE 7\/24 <\/h5>\r\n\t            <p>assistance continue \n<br>\n<br>\n<br><\/p>\r\n\t        <\/div>\r\n\t    <\/div>\r\n\r\n\t    \t\t\t\t<\/div>\n\t\t\t\t<\/div>\n\t\t\t\t\t<\/div>\n\t\t<\/div>\n\t\t\t\t<div class=\"elementor-column elementor-col-33 elementor-top-column elementor-element elementor-element-722175f ot-flex-column-vertical\" data-id=\"722175f\" data-element_type=\"column\" data-e-type=\"column\">\n\t\t\t<div class=\"elementor-widget-wrap elementor-element-populated\">\n\t\t\t\t\t\t<div class=\"elementor-element elementor-element-1a29da7 elementor-widget elementor-widget-iservice_box\" data-id=\"1a29da7\" data-element_type=\"widget\" data-e-type=\"widget\" data-widget_type=\"iservice_box.default\">\n\t\t\t\t<div class=\"elementor-widget-container\">\n\t\t\t\t\t\r\n\t\t<div class=\"service-box s-box\">\r\n\t\t\t<span class=\"big-number\">02<\/span>\r\n\t\t\t<div class=\"icon-main\">\r\n\t\t        \t\t\t    \t\t        <span class=\"flaticon-correct\"><\/span>\t        <\/div>\r\n\t        <div class=\"content-box\">\r\n\t            <h5>\u00c9QUIPE D'EXPERTS<\/h5>\r\n\t            <p>capable de r\u00e9soudre les probl\u00e8mes critiques en temps r\u00e9el<\/p>\r\n\t        <\/div>\r\n\t    <\/div>\r\n\r\n\t    \t\t\t\t<\/div>\n\t\t\t\t<\/div>\n\t\t\t\t\t<\/div>\n\t\t<\/div>\n\t\t\t\t<div class=\"elementor-column elementor-col-33 elementor-top-column elementor-element elementor-element-987911e ot-flex-column-vertical\" data-id=\"987911e\" data-element_type=\"column\" data-e-type=\"column\">\n\t\t\t<div class=\"elementor-widget-wrap elementor-element-populated\">\n\t\t\t\t\t\t<div class=\"elementor-element elementor-element-d88b58b elementor-widget elementor-widget-iservice_box\" data-id=\"d88b58b\" data-element_type=\"widget\" data-e-type=\"widget\" data-widget_type=\"iservice_box.default\">\n\t\t\t\t<div class=\"elementor-widget-container\">\n\t\t\t\t\t\r\n\t\t<div class=\"service-box s-box\">\r\n\t\t\t<span class=\"big-number\">03<\/span>\r\n\t\t\t<div class=\"icon-main\">\r\n\t\t        \t\t\t    \t\t        <span class=\"flaticon-correct\"><\/span>\t        <\/div>\r\n\t        <div class=\"content-box\">\r\n\t            <h5>PREMIERS SECOURS<\/h5>\r\n\t            <p>qui garantit la s\u00e9curit\u00e9 de la zone \u00e0 tout moment\n<br>\n<br>\n<\/p>\r\n\t        <\/div>\r\n\t    <\/div>\r\n\r\n\t    \t\t\t\t<\/div>\n\t\t\t\t<\/div>\n\t\t\t\t\t<\/div>\n\t\t<\/div>\n\t\t\t\t\t<\/div>\n\t\t<\/section>\n\t\t\t\t<section class=\"elementor-section elementor-top-section elementor-element elementor-element-959db27 ot-traditional elementor-section-boxed elementor-section-height-default elementor-section-height-default\" data-id=\"959db27\" data-element_type=\"section\" data-e-type=\"section\">\n\t\t\t\t\t\t<div class=\"elementor-container elementor-column-gap-default\">\n\t\t\t\t\t<div class=\"elementor-column elementor-col-100 elementor-top-column elementor-element elementor-element-f5bddf1 ot-flex-column-vertical\" data-id=\"f5bddf1\" data-element_type=\"column\" data-e-type=\"column\">\n\t\t\t<div class=\"elementor-widget-wrap elementor-element-populated\">\n\t\t\t\t\t\t<div class=\"elementor-element elementor-element-043da79 elementor-view-stacked elementor-shape-square elementor-widget__width-auto elementor-fixed elementor-hidden-tablet elementor-hidden-mobile elementor-widget elementor-widget-icon\" data-id=\"043da79\" data-element_type=\"widget\" data-e-type=\"widget\" data-settings=\"{&quot;_position&quot;:&quot;fixed&quot;}\" data-widget_type=\"icon.default\">\n\t\t\t\t<div class=\"elementor-widget-container\">\n\t\t\t\t\t\t\t<div class=\"elementor-icon-wrapper\">\n\t\t\t<a class=\"elementor-icon\" href=\"mailto:sales@smartparkingsolutions.ca\">\n\t\t\t<i aria-hidden=\"true\" class=\"far fa-envelope\"><\/i>\t\t\t<\/a>\n\t\t<\/div>\n\t\t\t\t\t\t<\/div>\n\t\t\t\t<\/div>\n\t\t\t\t\t<\/div>\n\t\t<\/div>\n\t\t\t\t\t<\/div>\n\t\t<\/section>\n\t\t\t\t<\/div>","protected":false},"excerpt":{"rendered":"<p>Contr\u00f4le \u00e0 distance et sur site : Un service d&rsquo;assistance actif sept jours sur sept, 24 heures sur 24, y compris les jours f\u00e9ri\u00e9s.Nous, pour nos clients, sommes toujours l\u00e0, avec une \u00e9quipe de professionnels capables de g\u00e9rer tout type d&rsquo;urgence et de r\u00e9pondre \u00e0 tous les besoins.La salle de contr\u00f4le est notre si\u00e8ge, le [&hellip;]<\/p>","protected":false},"author":2,"featured_media":0,"parent":0,"menu_order":0,"comment_status":"closed","ping_status":"closed","template":"","meta":{"footnotes":""},"class_list":["post-2076","page","type-page","status-publish","hentry"],"yoast_head":"<!-- This site is optimized with the Yoast SEO plugin v26.3 - https:\/\/yoast.com\/wordpress\/plugins\/seo\/ -->\n<title>Contr\u00f4le \u00e0 distance et sur site - Smart Parking Solutions Inc.<\/title>\n<meta name=\"robots\" content=\"index, follow, max-snippet:-1, max-image-preview:large, max-video-preview:-1\" \/>\n<link rel=\"canonical\" href=\"https:\/\/www.smartparkingsolutions.ca\/en\/controle-a-distance-et-sur-site\/\" \/>\n<meta property=\"og:locale\" content=\"en_GB\" \/>\n<meta property=\"og:type\" content=\"article\" \/>\n<meta property=\"og:title\" content=\"Contr\u00f4le \u00e0 distance et sur site - Smart Parking Solutions Inc.\" \/>\n<meta property=\"og:description\" content=\"Contr\u00f4le \u00e0 distance et sur site : Un service d&rsquo;assistance actif sept jours sur sept, 24 heures sur 24, y compris les jours f\u00e9ri\u00e9s.Nous, pour nos clients, sommes toujours l\u00e0, avec une \u00e9quipe de professionnels capables de g\u00e9rer tout type d&rsquo;urgence et de r\u00e9pondre \u00e0 tous les besoins.La salle de contr\u00f4le est notre si\u00e8ge, le [&hellip;]\" \/>\n<meta property=\"og:url\" content=\"https:\/\/www.smartparkingsolutions.ca\/en\/controle-a-distance-et-sur-site\/\" \/>\n<meta property=\"og:site_name\" content=\"Smart Parking Solutions Inc.\" \/>\n<meta property=\"article:modified_time\" content=\"2022-02-08T16:19:47+00:00\" \/>\n<meta property=\"og:image\" content=\"https:\/\/www.smartparkingsolutions.ca\/wp-content\/uploads\/2021\/12\/communication.png\" \/>\n<meta name=\"twitter:card\" content=\"summary_large_image\" \/>\n<meta name=\"twitter:label1\" content=\"Estimated reading time\" \/>\n\t<meta name=\"twitter:data1\" content=\"2 minutes\" \/>\n<script type=\"application\/ld+json\" class=\"yoast-schema-graph\">{\"@context\":\"https:\/\/schema.org\",\"@graph\":[{\"@type\":\"WebPage\",\"@id\":\"https:\/\/www.smartparkingsolutions.ca\/controle-a-distance-et-sur-site\/\",\"url\":\"https:\/\/www.smartparkingsolutions.ca\/controle-a-distance-et-sur-site\/\",\"name\":\"Contr\u00f4le \u00e0 distance et sur site - Smart Parking Solutions Inc.\",\"isPartOf\":{\"@id\":\"https:\/\/www.smartparkingsolutions.ca\/#website\"},\"primaryImageOfPage\":{\"@id\":\"https:\/\/www.smartparkingsolutions.ca\/controle-a-distance-et-sur-site\/#primaryimage\"},\"image\":{\"@id\":\"https:\/\/www.smartparkingsolutions.ca\/controle-a-distance-et-sur-site\/#primaryimage\"},\"thumbnailUrl\":\"https:\/\/www.smartparkingsolutions.ca\/wp-content\/uploads\/2021\/12\/communication.png\",\"datePublished\":\"2020-02-25T07:41:33+00:00\",\"dateModified\":\"2022-02-08T16:19:47+00:00\",\"breadcrumb\":{\"@id\":\"https:\/\/www.smartparkingsolutions.ca\/controle-a-distance-et-sur-site\/#breadcrumb\"},\"inLanguage\":\"en-GB\",\"potentialAction\":[{\"@type\":\"ReadAction\",\"target\":[\"https:\/\/www.smartparkingsolutions.ca\/controle-a-distance-et-sur-site\/\"]}]},{\"@type\":\"ImageObject\",\"inLanguage\":\"en-GB\",\"@id\":\"https:\/\/www.smartparkingsolutions.ca\/controle-a-distance-et-sur-site\/#primaryimage\",\"url\":\"https:\/\/www.smartparkingsolutions.ca\/wp-content\/uploads\/2021\/12\/communication.png\",\"contentUrl\":\"https:\/\/www.smartparkingsolutions.ca\/wp-content\/uploads\/2021\/12\/communication.png\"},{\"@type\":\"BreadcrumbList\",\"@id\":\"https:\/\/www.smartparkingsolutions.ca\/controle-a-distance-et-sur-site\/#breadcrumb\",\"itemListElement\":[{\"@type\":\"ListItem\",\"position\":1,\"name\":\"Accueil\",\"item\":\"https:\/\/www.smartparkingsolutions.ca\/\"},{\"@type\":\"ListItem\",\"position\":2,\"name\":\"Contr\u00f4le \u00e0 distance et sur site\"}]},{\"@type\":\"WebSite\",\"@id\":\"https:\/\/www.smartparkingsolutions.ca\/#website\",\"url\":\"https:\/\/www.smartparkingsolutions.ca\/\",\"name\":\"Smart Parking Solutions Inc.\",\"description\":\"\",\"potentialAction\":[{\"@type\":\"SearchAction\",\"target\":{\"@type\":\"EntryPoint\",\"urlTemplate\":\"https:\/\/www.smartparkingsolutions.ca\/?s={search_term_string}\"},\"query-input\":{\"@type\":\"PropertyValueSpecification\",\"valueRequired\":true,\"valueName\":\"search_term_string\"}}],\"inLanguage\":\"en-GB\"}]}<\/script>\n<!-- \/ Yoast SEO plugin. -->","yoast_head_json":{"title":"Contr\u00f4le \u00e0 distance et sur site - Smart Parking Solutions Inc.","robots":{"index":"index","follow":"follow","max-snippet":"max-snippet:-1","max-image-preview":"max-image-preview:large","max-video-preview":"max-video-preview:-1"},"canonical":"https:\/\/www.smartparkingsolutions.ca\/en\/controle-a-distance-et-sur-site\/","og_locale":"en_GB","og_type":"article","og_title":"Contr\u00f4le \u00e0 distance et sur site - Smart Parking Solutions Inc.","og_description":"Contr\u00f4le \u00e0 distance et sur site : Un service d&rsquo;assistance actif sept jours sur sept, 24 heures sur 24, y compris les jours f\u00e9ri\u00e9s.Nous, pour nos clients, sommes toujours l\u00e0, avec une \u00e9quipe de professionnels capables de g\u00e9rer tout type d&rsquo;urgence et de r\u00e9pondre \u00e0 tous les besoins.La salle de contr\u00f4le est notre si\u00e8ge, le [&hellip;]","og_url":"https:\/\/www.smartparkingsolutions.ca\/en\/controle-a-distance-et-sur-site\/","og_site_name":"Smart Parking Solutions Inc.","article_modified_time":"2022-02-08T16:19:47+00:00","og_image":[{"url":"https:\/\/www.smartparkingsolutions.ca\/wp-content\/uploads\/2021\/12\/communication.png","type":"","width":"","height":""}],"twitter_card":"summary_large_image","twitter_misc":{"Estimated reading time":"2 minutes"},"schema":{"@context":"https:\/\/schema.org","@graph":[{"@type":"WebPage","@id":"https:\/\/www.smartparkingsolutions.ca\/controle-a-distance-et-sur-site\/","url":"https:\/\/www.smartparkingsolutions.ca\/controle-a-distance-et-sur-site\/","name":"Contr\u00f4le \u00e0 distance et sur site - Smart Parking Solutions Inc.","isPartOf":{"@id":"https:\/\/www.smartparkingsolutions.ca\/#website"},"primaryImageOfPage":{"@id":"https:\/\/www.smartparkingsolutions.ca\/controle-a-distance-et-sur-site\/#primaryimage"},"image":{"@id":"https:\/\/www.smartparkingsolutions.ca\/controle-a-distance-et-sur-site\/#primaryimage"},"thumbnailUrl":"https:\/\/www.smartparkingsolutions.ca\/wp-content\/uploads\/2021\/12\/communication.png","datePublished":"2020-02-25T07:41:33+00:00","dateModified":"2022-02-08T16:19:47+00:00","breadcrumb":{"@id":"https:\/\/www.smartparkingsolutions.ca\/controle-a-distance-et-sur-site\/#breadcrumb"},"inLanguage":"en-GB","potentialAction":[{"@type":"ReadAction","target":["https:\/\/www.smartparkingsolutions.ca\/controle-a-distance-et-sur-site\/"]}]},{"@type":"ImageObject","inLanguage":"en-GB","@id":"https:\/\/www.smartparkingsolutions.ca\/controle-a-distance-et-sur-site\/#primaryimage","url":"https:\/\/www.smartparkingsolutions.ca\/wp-content\/uploads\/2021\/12\/communication.png","contentUrl":"https:\/\/www.smartparkingsolutions.ca\/wp-content\/uploads\/2021\/12\/communication.png"},{"@type":"BreadcrumbList","@id":"https:\/\/www.smartparkingsolutions.ca\/controle-a-distance-et-sur-site\/#breadcrumb","itemListElement":[{"@type":"ListItem","position":1,"name":"Accueil","item":"https:\/\/www.smartparkingsolutions.ca\/"},{"@type":"ListItem","position":2,"name":"Contr\u00f4le \u00e0 distance et sur site"}]},{"@type":"WebSite","@id":"https:\/\/www.smartparkingsolutions.ca\/#website","url":"https:\/\/www.smartparkingsolutions.ca\/","name":"Smart Parking Solutions Inc.","description":"","potentialAction":[{"@type":"SearchAction","target":{"@type":"EntryPoint","urlTemplate":"https:\/\/www.smartparkingsolutions.ca\/?s={search_term_string}"},"query-input":{"@type":"PropertyValueSpecification","valueRequired":true,"valueName":"search_term_string"}}],"inLanguage":"en-GB"}]}},"_links":{"self":[{"href":"https:\/\/www.smartparkingsolutions.ca\/en\/wp-json\/wp\/v2\/pages\/2076","targetHints":{"allow":["GET"]}}],"collection":[{"href":"https:\/\/www.smartparkingsolutions.ca\/en\/wp-json\/wp\/v2\/pages"}],"about":[{"href":"https:\/\/www.smartparkingsolutions.ca\/en\/wp-json\/wp\/v2\/types\/page"}],"author":[{"embeddable":true,"href":"https:\/\/www.smartparkingsolutions.ca\/en\/wp-json\/wp\/v2\/users\/2"}],"replies":[{"embeddable":true,"href":"https:\/\/www.smartparkingsolutions.ca\/en\/wp-json\/wp\/v2\/comments?post=2076"}],"version-history":[{"count":72,"href":"https:\/\/www.smartparkingsolutions.ca\/en\/wp-json\/wp\/v2\/pages\/2076\/revisions"}],"predecessor-version":[{"id":5942,"href":"https:\/\/www.smartparkingsolutions.ca\/en\/wp-json\/wp\/v2\/pages\/2076\/revisions\/5942"}],"wp:attachment":[{"href":"https:\/\/www.smartparkingsolutions.ca\/en\/wp-json\/wp\/v2\/media?parent=2076"}],"curies":[{"name":"wp","href":"https:\/\/api.w.org\/{rel}","templated":true}]}}