{"id":1583,"date":"2020-01-09T04:33:29","date_gmt":"2020-01-09T03:33:29","guid":{"rendered":"http:\/\/wpdemo.archiwp.com\/engitech\/?page_id=1583"},"modified":"2022-02-08T17:25:41","modified_gmt":"2022-02-08T16:25:41","slug":"soins-de-communication","status":"publish","type":"page","link":"https:\/\/www.smartparkingsolutions.ca\/en\/soins-de-communication\/","title":{"rendered":"Soins de communication"},"content":{"rendered":"<div data-elementor-type=\"wp-page\" data-elementor-id=\"1583\" class=\"elementor elementor-1583\" data-elementor-post-type=\"page\">\n\t\t\t\t\t\t<section class=\"elementor-section elementor-top-section elementor-element elementor-element-71c85b6 ot-traditional elementor-section-boxed elementor-section-height-default elementor-section-height-default\" data-id=\"71c85b6\" data-element_type=\"section\" data-e-type=\"section\" data-settings=\"{&quot;background_background&quot;:&quot;classic&quot;}\">\n\t\t\t\t\t\t<div class=\"elementor-container elementor-column-gap-extended\">\n\t\t\t\t\t<div class=\"elementor-column elementor-col-50 elementor-top-column elementor-element elementor-element-c9d3301 elementor-hidden-tablet elementor-hidden-phone ot-flex-column-vertical\" data-id=\"c9d3301\" data-element_type=\"column\" data-e-type=\"column\">\n\t\t\t<div class=\"elementor-widget-wrap elementor-element-populated\">\n\t\t\t\t\t\t<div class=\"elementor-element elementor-element-e294b6b elementor-hidden-tablet elementor-widget elementor-widget-image\" data-id=\"e294b6b\" data-element_type=\"widget\" data-e-type=\"widget\" data-widget_type=\"image.default\">\n\t\t\t\t<div class=\"elementor-widget-container\">\n\t\t\t\t\t\t\t\t\t\t\t\t\t\t\t<img fetchpriority=\"high\" decoding=\"async\" width=\"641\" height=\"493\" src=\"https:\/\/3.96.195.147\/wp-content\/uploads\/2021\/12\/communication.png\" class=\"attachment-full size-full wp-image-5661\" alt=\"\" srcset=\"https:\/\/3.96.195.147\/wp-content\/uploads\/2021\/12\/communication.png 641w, https:\/\/3.96.195.147\/wp-content\/uploads\/2021\/12\/communication-300x231.png 300w\" sizes=\"(max-width: 641px) 100vw, 641px\" \/>\t\t\t\t\t\t\t\t\t\t\t\t\t\t\t<\/div>\n\t\t\t\t<\/div>\n\t\t\t\t\t<\/div>\n\t\t<\/div>\n\t\t\t\t<div class=\"elementor-column elementor-col-50 elementor-top-column elementor-element elementor-element-50ceb8f ot-flex-column-vertical\" data-id=\"50ceb8f\" data-element_type=\"column\" data-e-type=\"column\">\n\t\t\t<div class=\"elementor-widget-wrap elementor-element-populated\">\n\t\t\t\t\t\t<div class=\"elementor-element elementor-element-fcff749 elementor-widget elementor-widget-iheading\" data-id=\"fcff749\" data-element_type=\"widget\" data-e-type=\"widget\" data-widget_type=\"iheading.default\">\n\t\t\t\t<div class=\"elementor-widget-container\">\n\t\t\t\t\t\t\t<div class=\"ot-heading\">\r\n\t        <h2 class=\"main-heading\">Soins de communication<\/h2>\t    <\/div>\r\n\t    \t\t\t\t<\/div>\n\t\t\t\t<\/div>\n\t\t\t\t<div class=\"elementor-element elementor-element-679eef9 elementor-widget elementor-widget-text-editor\" data-id=\"679eef9\" data-element_type=\"widget\" data-e-type=\"widget\" data-widget_type=\"text-editor.default\">\n\t\t\t\t<div class=\"elementor-widget-container\">\n\t\t\t\t\t\t\t\t\t<p>Votre entreprise doit \u00eatre efficace et fiable et se d\u00e9marquer des autres.<br \/>Les utilisateurs doivent pouvoir reconna\u00eetre facilement ses particularit\u00e9s, sa qualit\u00e9, son unicit\u00e9.<br \/>Une bonne communication est donc essentielle pour promouvoir votre parking, c&rsquo;est pourquoi notre \u00e9quipe marketing et publicit\u00e9 \u00e9tudiera avec soin et comp\u00e9tence les strat\u00e9gies id\u00e9ales pour atteindre cet objectif, en concevant une image sur-mesure, en veillant \u00e0 la promotion du territoire et de ses services, se d\u00e9pla\u00e7ant largement sur le Web pour diffuser les \u00e9l\u00e9ments de r\u00e9sistance et de distinction de la structure.<br \/>Une communication claire, efficace et intelligente assure une croissance de la valeur de la zone et des revenus.<\/p>\t\t\t\t\t\t\t\t<\/div>\n\t\t\t\t<\/div>\n\t\t\t\t<div class=\"elementor-element elementor-element-4ec575a elementor-hidden-desktop elementor-widget elementor-widget-image\" data-id=\"4ec575a\" data-element_type=\"widget\" data-e-type=\"widget\" data-widget_type=\"image.default\">\n\t\t\t\t<div class=\"elementor-widget-container\">\n\t\t\t\t\t\t\t\t\t\t\t\t\t\t\t<img fetchpriority=\"high\" decoding=\"async\" width=\"641\" height=\"493\" src=\"https:\/\/3.96.195.147\/wp-content\/uploads\/2021\/12\/communication.png\" class=\"attachment-full size-full wp-image-5661\" alt=\"\" srcset=\"https:\/\/3.96.195.147\/wp-content\/uploads\/2021\/12\/communication.png 641w, https:\/\/3.96.195.147\/wp-content\/uploads\/2021\/12\/communication-300x231.png 300w\" sizes=\"(max-width: 641px) 100vw, 641px\" \/>\t\t\t\t\t\t\t\t\t\t\t\t\t\t\t<\/div>\n\t\t\t\t<\/div>\n\t\t\t\t\t<\/div>\n\t\t<\/div>\n\t\t\t\t\t<\/div>\n\t\t<\/section>\n\t\t\t\t<section class=\"elementor-section elementor-top-section elementor-element elementor-element-ff58c54 ot-traditional elementor-section-boxed elementor-section-height-default elementor-section-height-default\" data-id=\"ff58c54\" data-element_type=\"section\" data-e-type=\"section\">\n\t\t\t\t\t\t<div class=\"elementor-container elementor-column-gap-default\">\n\t\t\t\t\t<div class=\"elementor-column elementor-col-100 elementor-top-column elementor-element elementor-element-9900b2e ot-flex-column-vertical\" data-id=\"9900b2e\" data-element_type=\"column\" data-e-type=\"column\">\n\t\t\t<div class=\"elementor-widget-wrap elementor-element-populated\">\n\t\t\t\t\t\t<div class=\"elementor-element elementor-element-7999243 elementor-widget elementor-widget-heading\" data-id=\"7999243\" data-element_type=\"widget\" data-e-type=\"widget\" data-widget_type=\"heading.default\">\n\t\t\t\t<div class=\"elementor-widget-container\">\n\t\t\t\t\t<h2 class=\"elementor-heading-title elementor-size-default\">On vise :<\/h2>\t\t\t\t<\/div>\n\t\t\t\t<\/div>\n\t\t\t\t\t<\/div>\n\t\t<\/div>\n\t\t\t\t\t<\/div>\n\t\t<\/section>\n\t\t\t\t<section class=\"elementor-section elementor-top-section elementor-element elementor-element-c1f8ff6 ot-traditional elementor-section-boxed elementor-section-height-default elementor-section-height-default\" data-id=\"c1f8ff6\" data-element_type=\"section\" data-e-type=\"section\">\n\t\t\t\t\t\t<div class=\"elementor-container elementor-column-gap-extended\">\n\t\t\t\t\t<div class=\"elementor-column elementor-col-33 elementor-top-column elementor-element elementor-element-2b35e17 ot-flex-column-vertical\" data-id=\"2b35e17\" data-element_type=\"column\" data-e-type=\"column\">\n\t\t\t<div class=\"elementor-widget-wrap elementor-element-populated\">\n\t\t\t\t\t\t<div class=\"elementor-element elementor-element-c967464 elementor-widget elementor-widget-iservice_box\" data-id=\"c967464\" data-element_type=\"widget\" data-e-type=\"widget\" data-widget_type=\"iservice_box.default\">\n\t\t\t\t<div class=\"elementor-widget-container\">\n\t\t\t\t\t\r\n\t\t<div class=\"service-box s-box\">\r\n\t\t\t<span class=\"big-number\">01<\/span>\r\n\t\t\t<div class=\"icon-main\">\r\n\t\t        \t\t\t    \t\t        <span class=\"flaticon-correct\"><\/span>\t        <\/div>\r\n\t        <div class=\"content-box\">\r\n\t            <h5>CONSEIL<\/h5>\r\n\t            <p>par une \u00e9quipe sp\u00e9cialis\u00e9e en communication et marketing\n\n<br>\n<br><\/p>\r\n\t        <\/div>\r\n\t    <\/div>\r\n\r\n\t    \t\t\t\t<\/div>\n\t\t\t\t<\/div>\n\t\t\t\t\t<\/div>\n\t\t<\/div>\n\t\t\t\t<div class=\"elementor-column elementor-col-33 elementor-top-column elementor-element elementor-element-9e7da4f ot-flex-column-vertical\" data-id=\"9e7da4f\" data-element_type=\"column\" data-e-type=\"column\">\n\t\t\t<div class=\"elementor-widget-wrap elementor-element-populated\">\n\t\t\t\t\t\t<div class=\"elementor-element elementor-element-d870271 elementor-widget elementor-widget-iservice_box\" data-id=\"d870271\" data-element_type=\"widget\" data-e-type=\"widget\" data-widget_type=\"iservice_box.default\">\n\t\t\t\t<div class=\"elementor-widget-container\">\n\t\t\t\t\t\r\n\t\t<div class=\"service-box s-box\">\r\n\t\t\t<span class=\"big-number\">02<\/span>\r\n\t\t\t<div class=\"icon-main\">\r\n\t\t        \t\t\t    \t\t        <span class=\"flaticon-correct\"><\/span>\t        <\/div>\r\n\t        <div class=\"content-box\">\r\n\t            <h5>ETUDE ET CONCEPTION<\/h5>\r\n\t            <p>strat\u00e9gies de communication efficaces adapt\u00e9es au secteur d'int\u00e9r\u00eat.\n<\/p>\r\n\t        <\/div>\r\n\t    <\/div>\r\n\r\n\t    \t\t\t\t<\/div>\n\t\t\t\t<\/div>\n\t\t\t\t\t<\/div>\n\t\t<\/div>\n\t\t\t\t<div class=\"elementor-column elementor-col-33 elementor-top-column elementor-element elementor-element-fc46cd7 ot-flex-column-vertical\" data-id=\"fc46cd7\" data-element_type=\"column\" data-e-type=\"column\">\n\t\t\t<div class=\"elementor-widget-wrap elementor-element-populated\">\n\t\t\t\t\t\t<div class=\"elementor-element elementor-element-c54031c elementor-widget elementor-widget-iservice_box\" data-id=\"c54031c\" data-element_type=\"widget\" data-e-type=\"widget\" data-widget_type=\"iservice_box.default\">\n\t\t\t\t<div class=\"elementor-widget-container\">\n\t\t\t\t\t\r\n\t\t<div class=\"service-box s-box\">\r\n\t\t\t<span class=\"big-number\">03<\/span>\r\n\t\t\t<div class=\"icon-main\">\r\n\t\t        \t\t\t    \t\t        <span class=\"flaticon-correct\"><\/span>\t        <\/div>\r\n\t        <div class=\"content-box\">\r\n\t            <h5>R\u00c9ALISATION<\/h5>\r\n\t            <p>d'activit\u00e9s promotionnelles pour le parking\n<br> <br> <br> <\/p>\r\n\t        <\/div>\r\n\t    <\/div>\r\n\r\n\t    \t\t\t\t<\/div>\n\t\t\t\t<\/div>\n\t\t\t\t\t<\/div>\n\t\t<\/div>\n\t\t\t\t\t<\/div>\n\t\t<\/section>\n\t\t\t\t<section class=\"elementor-section elementor-top-section elementor-element elementor-element-03dc397 ot-traditional elementor-section-boxed elementor-section-height-default elementor-section-height-default\" data-id=\"03dc397\" data-element_type=\"section\" data-e-type=\"section\">\n\t\t\t\t\t\t<div class=\"elementor-container elementor-column-gap-default\">\n\t\t\t\t\t<div class=\"elementor-column elementor-col-100 elementor-top-column elementor-element elementor-element-39d4bf9 ot-flex-column-vertical\" data-id=\"39d4bf9\" data-element_type=\"column\" data-e-type=\"column\">\n\t\t\t<div class=\"elementor-widget-wrap elementor-element-populated\">\n\t\t\t\t\t\t<div class=\"elementor-element elementor-element-26a5af1 elementor-view-stacked elementor-shape-square elementor-widget__width-auto elementor-fixed elementor-hidden-tablet elementor-hidden-mobile elementor-widget elementor-widget-icon\" data-id=\"26a5af1\" data-element_type=\"widget\" data-e-type=\"widget\" data-settings=\"{&quot;_position&quot;:&quot;fixed&quot;}\" data-widget_type=\"icon.default\">\n\t\t\t\t<div class=\"elementor-widget-container\">\n\t\t\t\t\t\t\t<div class=\"elementor-icon-wrapper\">\n\t\t\t<a class=\"elementor-icon\" href=\"mailto:sales@smartparkingsolutions.ca\">\n\t\t\t<i aria-hidden=\"true\" class=\"far fa-envelope\"><\/i>\t\t\t<\/a>\n\t\t<\/div>\n\t\t\t\t\t\t<\/div>\n\t\t\t\t<\/div>\n\t\t\t\t\t<\/div>\n\t\t<\/div>\n\t\t\t\t\t<\/div>\n\t\t<\/section>\n\t\t\t\t<\/div>","protected":false},"excerpt":{"rendered":"<p>Soins de communication Votre entreprise doit \u00eatre efficace et fiable et se d\u00e9marquer des autres.Les utilisateurs doivent pouvoir reconna\u00eetre facilement ses particularit\u00e9s, sa qualit\u00e9, son unicit\u00e9.Une bonne communication est donc essentielle pour promouvoir votre parking, c&rsquo;est pourquoi notre \u00e9quipe marketing et publicit\u00e9 \u00e9tudiera avec soin et comp\u00e9tence les strat\u00e9gies id\u00e9ales pour atteindre cet objectif, en [&hellip;]<\/p>","protected":false},"author":2,"featured_media":0,"parent":0,"menu_order":0,"comment_status":"closed","ping_status":"closed","template":"","meta":{"footnotes":""},"class_list":["post-1583","page","type-page","status-publish","hentry"],"yoast_head":"<!-- This site is optimized with the Yoast SEO plugin v26.3 - https:\/\/yoast.com\/wordpress\/plugins\/seo\/ -->\n<title>Soins de communication - Smart Parking Solutions Inc.<\/title>\n<meta name=\"robots\" content=\"index, follow, max-snippet:-1, max-image-preview:large, max-video-preview:-1\" \/>\n<link rel=\"canonical\" href=\"https:\/\/www.smartparkingsolutions.ca\/en\/soins-de-communication\/\" \/>\n<meta property=\"og:locale\" content=\"en_GB\" \/>\n<meta property=\"og:type\" content=\"article\" \/>\n<meta property=\"og:title\" content=\"Soins de communication - Smart Parking Solutions Inc.\" \/>\n<meta property=\"og:description\" content=\"Soins de communication Votre entreprise doit \u00eatre efficace et fiable et se d\u00e9marquer des autres.Les utilisateurs doivent pouvoir reconna\u00eetre facilement ses particularit\u00e9s, sa qualit\u00e9, son unicit\u00e9.Une bonne communication est donc essentielle pour promouvoir votre parking, c&rsquo;est pourquoi notre \u00e9quipe marketing et publicit\u00e9 \u00e9tudiera avec soin et comp\u00e9tence les strat\u00e9gies id\u00e9ales pour atteindre cet objectif, en [&hellip;]\" \/>\n<meta property=\"og:url\" content=\"https:\/\/www.smartparkingsolutions.ca\/en\/soins-de-communication\/\" \/>\n<meta property=\"og:site_name\" content=\"Smart Parking Solutions Inc.\" \/>\n<meta property=\"article:modified_time\" content=\"2022-02-08T16:25:41+00:00\" \/>\n<meta property=\"og:image\" content=\"https:\/\/www.smartparkingsolutions.ca\/wp-content\/uploads\/2021\/12\/communication.png\" \/>\n<meta name=\"twitter:card\" content=\"summary_large_image\" \/>\n<meta name=\"twitter:label1\" content=\"Estimated reading time\" \/>\n\t<meta name=\"twitter:data1\" content=\"2 minutes\" \/>\n<script type=\"application\/ld+json\" class=\"yoast-schema-graph\">{\"@context\":\"https:\/\/schema.org\",\"@graph\":[{\"@type\":\"WebPage\",\"@id\":\"https:\/\/www.smartparkingsolutions.ca\/soins-de-communication\/\",\"url\":\"https:\/\/www.smartparkingsolutions.ca\/soins-de-communication\/\",\"name\":\"Soins de communication - Smart Parking Solutions Inc.\",\"isPartOf\":{\"@id\":\"https:\/\/www.smartparkingsolutions.ca\/#website\"},\"primaryImageOfPage\":{\"@id\":\"https:\/\/www.smartparkingsolutions.ca\/soins-de-communication\/#primaryimage\"},\"image\":{\"@id\":\"https:\/\/www.smartparkingsolutions.ca\/soins-de-communication\/#primaryimage\"},\"thumbnailUrl\":\"https:\/\/www.smartparkingsolutions.ca\/wp-content\/uploads\/2021\/12\/communication.png\",\"datePublished\":\"2020-01-09T03:33:29+00:00\",\"dateModified\":\"2022-02-08T16:25:41+00:00\",\"breadcrumb\":{\"@id\":\"https:\/\/www.smartparkingsolutions.ca\/soins-de-communication\/#breadcrumb\"},\"inLanguage\":\"en-GB\",\"potentialAction\":[{\"@type\":\"ReadAction\",\"target\":[\"https:\/\/www.smartparkingsolutions.ca\/soins-de-communication\/\"]}]},{\"@type\":\"ImageObject\",\"inLanguage\":\"en-GB\",\"@id\":\"https:\/\/www.smartparkingsolutions.ca\/soins-de-communication\/#primaryimage\",\"url\":\"https:\/\/www.smartparkingsolutions.ca\/wp-content\/uploads\/2021\/12\/communication.png\",\"contentUrl\":\"https:\/\/www.smartparkingsolutions.ca\/wp-content\/uploads\/2021\/12\/communication.png\"},{\"@type\":\"BreadcrumbList\",\"@id\":\"https:\/\/www.smartparkingsolutions.ca\/soins-de-communication\/#breadcrumb\",\"itemListElement\":[{\"@type\":\"ListItem\",\"position\":1,\"name\":\"Accueil\",\"item\":\"https:\/\/www.smartparkingsolutions.ca\/\"},{\"@type\":\"ListItem\",\"position\":2,\"name\":\"Soins de communication\"}]},{\"@type\":\"WebSite\",\"@id\":\"https:\/\/www.smartparkingsolutions.ca\/#website\",\"url\":\"https:\/\/www.smartparkingsolutions.ca\/\",\"name\":\"Smart Parking Solutions Inc.\",\"description\":\"\",\"potentialAction\":[{\"@type\":\"SearchAction\",\"target\":{\"@type\":\"EntryPoint\",\"urlTemplate\":\"https:\/\/www.smartparkingsolutions.ca\/?s={search_term_string}\"},\"query-input\":{\"@type\":\"PropertyValueSpecification\",\"valueRequired\":true,\"valueName\":\"search_term_string\"}}],\"inLanguage\":\"en-GB\"}]}<\/script>\n<!-- \/ Yoast SEO plugin. -->","yoast_head_json":{"title":"Soins de communication - Smart Parking Solutions Inc.","robots":{"index":"index","follow":"follow","max-snippet":"max-snippet:-1","max-image-preview":"max-image-preview:large","max-video-preview":"max-video-preview:-1"},"canonical":"https:\/\/www.smartparkingsolutions.ca\/en\/soins-de-communication\/","og_locale":"en_GB","og_type":"article","og_title":"Soins de communication - Smart Parking Solutions Inc.","og_description":"Soins de communication Votre entreprise doit \u00eatre efficace et fiable et se d\u00e9marquer des autres.Les utilisateurs doivent pouvoir reconna\u00eetre facilement ses particularit\u00e9s, sa qualit\u00e9, son unicit\u00e9.Une bonne communication est donc essentielle pour promouvoir votre parking, c&rsquo;est pourquoi notre \u00e9quipe marketing et publicit\u00e9 \u00e9tudiera avec soin et comp\u00e9tence les strat\u00e9gies id\u00e9ales pour atteindre cet objectif, en [&hellip;]","og_url":"https:\/\/www.smartparkingsolutions.ca\/en\/soins-de-communication\/","og_site_name":"Smart Parking Solutions Inc.","article_modified_time":"2022-02-08T16:25:41+00:00","og_image":[{"url":"https:\/\/www.smartparkingsolutions.ca\/wp-content\/uploads\/2021\/12\/communication.png","type":"","width":"","height":""}],"twitter_card":"summary_large_image","twitter_misc":{"Estimated reading time":"2 minutes"},"schema":{"@context":"https:\/\/schema.org","@graph":[{"@type":"WebPage","@id":"https:\/\/www.smartparkingsolutions.ca\/soins-de-communication\/","url":"https:\/\/www.smartparkingsolutions.ca\/soins-de-communication\/","name":"Soins de communication - Smart Parking Solutions Inc.","isPartOf":{"@id":"https:\/\/www.smartparkingsolutions.ca\/#website"},"primaryImageOfPage":{"@id":"https:\/\/www.smartparkingsolutions.ca\/soins-de-communication\/#primaryimage"},"image":{"@id":"https:\/\/www.smartparkingsolutions.ca\/soins-de-communication\/#primaryimage"},"thumbnailUrl":"https:\/\/www.smartparkingsolutions.ca\/wp-content\/uploads\/2021\/12\/communication.png","datePublished":"2020-01-09T03:33:29+00:00","dateModified":"2022-02-08T16:25:41+00:00","breadcrumb":{"@id":"https:\/\/www.smartparkingsolutions.ca\/soins-de-communication\/#breadcrumb"},"inLanguage":"en-GB","potentialAction":[{"@type":"ReadAction","target":["https:\/\/www.smartparkingsolutions.ca\/soins-de-communication\/"]}]},{"@type":"ImageObject","inLanguage":"en-GB","@id":"https:\/\/www.smartparkingsolutions.ca\/soins-de-communication\/#primaryimage","url":"https:\/\/www.smartparkingsolutions.ca\/wp-content\/uploads\/2021\/12\/communication.png","contentUrl":"https:\/\/www.smartparkingsolutions.ca\/wp-content\/uploads\/2021\/12\/communication.png"},{"@type":"BreadcrumbList","@id":"https:\/\/www.smartparkingsolutions.ca\/soins-de-communication\/#breadcrumb","itemListElement":[{"@type":"ListItem","position":1,"name":"Accueil","item":"https:\/\/www.smartparkingsolutions.ca\/"},{"@type":"ListItem","position":2,"name":"Soins de communication"}]},{"@type":"WebSite","@id":"https:\/\/www.smartparkingsolutions.ca\/#website","url":"https:\/\/www.smartparkingsolutions.ca\/","name":"Smart Parking Solutions Inc.","description":"","potentialAction":[{"@type":"SearchAction","target":{"@type":"EntryPoint","urlTemplate":"https:\/\/www.smartparkingsolutions.ca\/?s={search_term_string}"},"query-input":{"@type":"PropertyValueSpecification","valueRequired":true,"valueName":"search_term_string"}}],"inLanguage":"en-GB"}]}},"_links":{"self":[{"href":"https:\/\/www.smartparkingsolutions.ca\/en\/wp-json\/wp\/v2\/pages\/1583","targetHints":{"allow":["GET"]}}],"collection":[{"href":"https:\/\/www.smartparkingsolutions.ca\/en\/wp-json\/wp\/v2\/pages"}],"about":[{"href":"https:\/\/www.smartparkingsolutions.ca\/en\/wp-json\/wp\/v2\/types\/page"}],"author":[{"embeddable":true,"href":"https:\/\/www.smartparkingsolutions.ca\/en\/wp-json\/wp\/v2\/users\/2"}],"replies":[{"embeddable":true,"href":"https:\/\/www.smartparkingsolutions.ca\/en\/wp-json\/wp\/v2\/comments?post=1583"}],"version-history":[{"count":48,"href":"https:\/\/www.smartparkingsolutions.ca\/en\/wp-json\/wp\/v2\/pages\/1583\/revisions"}],"predecessor-version":[{"id":5957,"href":"https:\/\/www.smartparkingsolutions.ca\/en\/wp-json\/wp\/v2\/pages\/1583\/revisions\/5957"}],"wp:attachment":[{"href":"https:\/\/www.smartparkingsolutions.ca\/en\/wp-json\/wp\/v2\/media?parent=1583"}],"curies":[{"name":"wp","href":"https:\/\/api.w.org\/{rel}","templated":true}]}}